{"id":1632,"date":"2025-09-02T10:10:10","date_gmt":"2025-09-02T10:10:10","guid":{"rendered":"https:\/\/dentistrystag.wpenginepowered.com\/?page_id=1632"},"modified":"2026-01-14T17:06:07","modified_gmt":"2026-01-14T17:06:07","slug":"for-dentists","status":"publish","type":"page","link":"https:\/\/dentistry.com\/es_us\/for-dentists\/","title":{"rendered":"Para dentistas"},"content":{"rendered":"<div data-elementor-type=\"wp-page\" data-elementor-id=\"1632\" class=\"elementor elementor-1632\" data-elementor-post-type=\"page\">\n\t\t\t\t<div class=\"elementor-element elementor-element-d636e41 e-con-full e-flex e-con e-parent\" data-id=\"d636e41\" data-element_type=\"container\">\n\t\t<div class=\"elementor-element elementor-element-44385e3 home-call-banner e-flex e-con-boxed e-con e-child\" data-id=\"44385e3\" data-element_type=\"container\" data-settings=\"{&quot;background_background&quot;:&quot;gradient&quot;}\">\n\t\t\t\t\t<div class=\"e-con-inner\">\n\t\t\t\t<div class=\"elementor-element elementor-element-2f0c99e elementor-hidden-tablet elementor-hidden-mobile for-dentist-banner elementor-widget elementor-widget-text-editor\" data-id=\"2f0c99e\" data-element_type=\"widget\" data-widget_type=\"text-editor.default\">\n\t\t\t\t\t\t\t\t\t<p>\u00bfBusca un dentista? No rellene este formulario. Llame a <a style=\"color: #fff; text-decoration: none; font-weight: 600;\" href=\"tel:1-888-597-3896\">1-888-597-389 <\/a>para encontrar un dentista cerca de ti.<\/p>\t\t\t\t\t\t\t\t<\/div>\n\t\t\t\t\t<\/div>\n\t\t\t\t<\/div>\n\t\t\t\t<\/div>\n\t\t<div class=\"elementor-element elementor-element-c614b8c e-con-full e-flex e-con e-parent\" data-id=\"c614b8c\" data-element_type=\"container\">\n\t\t<div class=\"elementor-element elementor-element-4f15c78 e-grid e-con-boxed e-con e-child\" data-id=\"4f15c78\" data-element_type=\"container\">\n\t\t\t\t\t<div class=\"e-con-inner\">\n\t\t<div class=\"elementor-element elementor-element-cae96a5 e-con-full e-flex e-con e-child\" data-id=\"cae96a5\" data-element_type=\"container\">\n\t\t\t\t<div class=\"elementor-element elementor-element-04d7160 elementor-widget elementor-widget-heading\" data-id=\"04d7160\" data-element_type=\"widget\" data-widget_type=\"heading.default\">\n\t\t\t\t\t<h2 class=\"elementor-heading-title elementor-size-default\">Be Found by High-Intent Patients<\/h2>\t\t\t\t<\/div>\n\t\t\t\t<div class=\"elementor-element elementor-element-7c80878 elementor-widget elementor-widget-text-editor\" data-id=\"7c80878\" data-element_type=\"widget\" data-widget_type=\"text-editor.default\">\n\t\t\t\t\t\t\t\t\t<p>Want your practice featured on Dentistry.com, where high-intent patients are actively searching for a dentist?<\/p><p class=\"elementToProof\">List your practice in our trusted online directory for just $300 per year\u2014that\u2019s less than the revenue of one new patient. We remove the guesswork of digital marketing and help you reach new patients. \u00a0<\/p><p>Looking for even more growth? 1-800-DENTIST\u00a0also offers our pay-per-call PatientLeads Program, which includes a complimentary Dentistry.com listing\u00a0and connects you with live, high-intent patients ready to book\u2014no cold leads, no form fills.<\/p><p>Our mission is simple: make it easy for patients to find the right dentist\u2014and help practices like yours grow.<\/p>\t\t\t\t\t\t\t\t<\/div>\n\t\t\t\t<\/div>\n\t\t<div class=\"elementor-element elementor-element-e3cc283 e-con-full e-flex e-con e-child\" data-id=\"e3cc283\" data-element_type=\"container\" data-settings=\"{&quot;background_background&quot;:&quot;gradient&quot;}\">\n\t\t\t\t<div class=\"elementor-element elementor-element-178a6dd for-dentists-hb-form elementor-widget elementor-widget-html\" data-id=\"178a6dd\" data-element_type=\"widget\" data-widget_type=\"html.default\">\n\t\t\t\t\t<script charset=\"utf-8\" type=\"text\/javascript\" src=\"\/\/js.hsforms.net\/forms\/embed\/v2.js\"><\/script>\r\n<script>\r\n  hbspt.forms.create({\r\n       portalId: \"6936809\",\r\n    formId: \"14b8b27b-87b6-4357-afaf-735500a046c2\",\r\n    region: \"na1\",\r\n    onFormReady: function($form) {\r\n        $form.find('label').css({\r\n            'color': '#002F5F',\r\n            'font-weight': '600',\r\n            'font-size': '20px',\r\n            'margin-bottom': '10px'\r\n        });\r\n        $form.find('label').css({\r\n            'color': '#002F5F',\r\n            'font-weight': '600',\r\n            'font-size': '20px',\r\n            'margin-bottom': '10px'\r\n        });\r\n        $form.find('.hs-form-field').css({\r\n            'margin-bottom': '20px'\r\n        });\r\n        \r\n         $form.find('span.hs-form-required').css({\r\n            'color': '#002F5F !important'\r\n        });\r\n        \r\n        $form.find('.hs-input').css({\r\n            'border-radius': '45px',\r\n            'background': '#fff'\r\n        });\r\n        \r\n         $form.find('.hs-button').css({\r\n            'border-radius': '9999px',\r\n            'background': '#002F5F',\r\n            'color': '#fff',\r\n            'font-size': '18px',\r\n            'border': '1px solid transparent'\r\n        });\r\n         $form.find('.hs-form-booleancheckbox-display span').css({\r\n            'font-size': '14px',\r\n            'font-weight': '400',\r\n            'margin-bottom': '30px'\r\n        });\r\n    }\r\n  });\r\n<\/script>\r\n\t\t\t\t<\/div>\n\t\t\t\t<\/div>\n\t\t\t\t\t<\/div>\n\t\t\t\t<\/div>\n\t\t\t\t<\/div>\n\t\t<div class=\"elementor-element elementor-element-b9ca8d6 e-flex e-con-boxed e-con e-parent\" data-id=\"b9ca8d6\" data-element_type=\"container\">\n\t\t\t\t\t<div class=\"e-con-inner\">\n\t\t\t\t<div class=\"elementor-element elementor-element-f44afe0 elementor-widget elementor-widget-heading\" data-id=\"f44afe0\" data-element_type=\"widget\" data-widget_type=\"heading.default\">\n\t\t\t\t\t<h2 class=\"elementor-heading-title elementor-size-default\">Nuestros servicios expertos en marketing dental<\/h2>\t\t\t\t<\/div>\n\t\t<div class=\"elementor-element elementor-element-2ca8ccb e-con-full e-grid marketing-services e-con e-child\" data-id=\"2ca8ccb\" data-element_type=\"container\" data-settings=\"{&quot;background_background&quot;:&quot;gradient&quot;,&quot;animation&quot;:&quot;none&quot;}\">\n\t\t<div class=\"elementor-element elementor-element-bff9676 e-con-full e-flex e-con e-child\" data-id=\"bff9676\" data-element_type=\"container\" data-settings=\"{&quot;background_background&quot;:&quot;gradient&quot;}\">\n\t\t\t\t<div class=\"elementor-element elementor-element-1e1af1a elementor-widget elementor-widget-image\" data-id=\"1e1af1a\" data-element_type=\"widget\" data-widget_type=\"image.default\">\n\t\t\t\t\t\t\t\t\t\t\t\t\t\t\t\t<a href=\"https:\/\/join1800dentist.com\/patientleads\/\">\n\t\t\t\t\t\t\t<img fetchpriority=\"high\" decoding=\"async\" width=\"396\" height=\"186\" src=\"https:\/\/dentistry.com\/wp-content\/uploads\/2025\/09\/7871ca8ecf67f9b8f5e11ac144cd03e3b3a9973b.png\" class=\"attachment-full size-full wp-image-1763\" alt=\"\" srcset=\"https:\/\/dentistry.com\/wp-content\/uploads\/2025\/09\/7871ca8ecf67f9b8f5e11ac144cd03e3b3a9973b.png 396w, https:\/\/dentistry.com\/wp-content\/uploads\/2025\/09\/7871ca8ecf67f9b8f5e11ac144cd03e3b3a9973b-300x141.png 300w\" sizes=\"(max-width: 396px) 100vw, 396px\" \/>\t\t\t\t\t\t\t\t<\/a>\n\t\t\t\t\t\t\t\t\t\t\t\t\t\t\t<\/div>\n\t\t\t\t<div class=\"elementor-element elementor-element-035498d elementor-widget elementor-widget-heading\" data-id=\"035498d\" data-element_type=\"widget\" data-widget_type=\"heading.default\">\n\t\t\t\t\t<h2 class=\"elementor-heading-title elementor-size-default\">Consiga llamadas de nuevos pacientes, no s\u00f3lo clics<\/h2>\t\t\t\t<\/div>\n\t\t\t\t<div class=\"elementor-element elementor-element-0a5c7dd elementor-widget elementor-widget-text-editor\" data-id=\"0a5c7dd\" data-element_type=\"widget\" data-widget_type=\"text-editor.default\">\n\t\t\t\t\t\t\t\t\t<p><span style=\"font-weight: 400;\">Deje de malgastar dinero en clics que no se convierten. Nuestro programa de pago por llamada PatientLeads conecta las llamadas en directo de nuevos pacientes directamente con su consulta o centro de llamadas. S\u00f3lo pagar\u00e1 por las llamadas de pacientes potenciales al menor coste posible por llamada, con el respaldo de un filtro de llamadas basado en inteligencia artificial que le ayudar\u00e1 a garantizar que los pacientes son los adecuados para su consulta. Adem\u00e1s, dispondr\u00e1 de contratos mensuales flexibles. El \u00e9xito del marketing dental empieza aqu\u00ed.<\/span><\/p>\t\t\t\t\t\t\t\t<\/div>\n\t\t\t\t<div class=\"elementor-element elementor-element-9aae5cd elementor-widget elementor-widget-button\" data-id=\"9aae5cd\" data-element_type=\"widget\" data-widget_type=\"button.default\">\n\t\t\t\t\t\t\t\t\t\t<a class=\"elementor-button elementor-button-link elementor-size-sm\" href=\"https:\/\/join1800dentist.com\/patientleads\/\">\n\t\t\t\t\t\t<span class=\"elementor-button-content-wrapper\">\n\t\t\t\t\t\t\t\t\t<span class=\"elementor-button-text\">M\u00e1s informaci\u00f3n<\/span>\n\t\t\t\t\t<\/span>\n\t\t\t\t\t<\/a>\n\t\t\t\t\t\t\t\t<\/div>\n\t\t\t\t<\/div>\n\t\t<div class=\"elementor-element elementor-element-9614c00 e-con-full marketing-services e-flex e-con e-child\" data-id=\"9614c00\" data-element_type=\"container\" data-settings=\"{&quot;background_background&quot;:&quot;gradient&quot;}\">\n\t\t\t\t<div class=\"elementor-element elementor-element-79717f2 elementor-widget elementor-widget-image\" data-id=\"79717f2\" data-element_type=\"widget\" data-widget_type=\"image.default\">\n\t\t\t\t\t\t\t\t\t\t\t\t\t\t\t\t<a href=\"https:\/\/join1800dentist.com\/patientactivator\/\">\n\t\t\t\t\t\t\t<img decoding=\"async\" width=\"506\" height=\"170\" src=\"https:\/\/dentistry.com\/wp-content\/uploads\/2025\/09\/cc4e632ea1c36beccb9932d2a3c0edad64683be1.png\" class=\"attachment-full size-full wp-image-1786\" alt=\"\" srcset=\"https:\/\/dentistry.com\/wp-content\/uploads\/2025\/09\/cc4e632ea1c36beccb9932d2a3c0edad64683be1.png 506w, https:\/\/dentistry.com\/wp-content\/uploads\/2025\/09\/cc4e632ea1c36beccb9932d2a3c0edad64683be1-300x101.png 300w\" sizes=\"(max-width: 506px) 100vw, 506px\" \/>\t\t\t\t\t\t\t\t<\/a>\n\t\t\t\t\t\t\t\t\t\t\t\t\t\t\t<\/div>\n\t\t\t\t<div class=\"elementor-element elementor-element-7b45292 elementor-widget elementor-widget-heading\" data-id=\"7b45292\" data-element_type=\"widget\" data-widget_type=\"heading.default\">\n\t\t\t\t\t<h2 class=\"elementor-heading-title elementor-size-default\">Software integral de comunicaci\u00f3n con el paciente<\/h2>\t\t\t\t<\/div>\n\t\t\t\t<div class=\"elementor-element elementor-element-1d63bc3 elementor-widget elementor-widget-text-editor\" data-id=\"1d63bc3\" data-element_type=\"widget\" data-widget_type=\"text-editor.default\">\n\t\t\t\t\t\t\t\t\t<p><span style=\"font-weight: 400;\">Aumente la productividad y simplifique las operaciones con PatientActivator, el software de compromiso con el paciente dental impulsado por IA que ayuda a que su consulta prospere. Nuestra plataforma automatiza tareas esenciales, como el env\u00edo de recordatorios de citas dentales, la solicitud de opiniones de pacientes y la gesti\u00f3n de interacciones en l\u00ednea importantes, para que pueda centrarse m\u00e1s en ofrecer una atenci\u00f3n excepcional.<\/span><\/p>\t\t\t\t\t\t\t\t<\/div>\n\t\t\t\t<div class=\"elementor-element elementor-element-0b6cb4e elementor-widget elementor-widget-button\" data-id=\"0b6cb4e\" data-element_type=\"widget\" data-widget_type=\"button.default\">\n\t\t\t\t\t\t\t\t\t\t<a class=\"elementor-button elementor-button-link elementor-size-sm\" href=\"https:\/\/join1800dentist.com\/patientactivator\/\">\n\t\t\t\t\t\t<span class=\"elementor-button-content-wrapper\">\n\t\t\t\t\t\t\t\t\t<span class=\"elementor-button-text\">M\u00e1s informaci\u00f3n<\/span>\n\t\t\t\t\t<\/span>\n\t\t\t\t\t<\/a>\n\t\t\t\t\t\t\t\t<\/div>\n\t\t\t\t<\/div>\n\t\t\t\t<\/div>\n\t\t\t\t\t<\/div>\n\t\t\t\t<\/div>\n\t\t<div class=\"elementor-element elementor-element-fe4234c e-con-full e-flex e-con e-parent\" data-id=\"fe4234c\" data-element_type=\"container\" data-settings=\"{&quot;background_background&quot;:&quot;classic&quot;}\">\n\t\t<div class=\"elementor-element elementor-element-9b97f8c e-grid e-con-boxed e-con e-child\" data-id=\"9b97f8c\" data-element_type=\"container\">\n\t\t\t\t\t<div class=\"e-con-inner\">\n\t\t<div class=\"elementor-element elementor-element-eb2b133 e-con-full elementor-hidden-desktop elementor-hidden-tablet e-flex elementor-invisible e-con e-child\" data-id=\"eb2b133\" data-element_type=\"container\" data-settings=\"{&quot;animation&quot;:&quot;bounceIn&quot;}\">\n\t\t\t\t<div class=\"elementor-element elementor-element-b2edd1d elementor-widget elementor-widget-image\" data-id=\"b2edd1d\" data-element_type=\"widget\" data-widget_type=\"image.default\">\n\t\t\t\t\t\t\t\t\t\t\t\t\t\t\t<img decoding=\"async\" width=\"800\" height=\"521\" src=\"https:\/\/dentistry.com\/wp-content\/uploads\/2025\/09\/7a8500f271736a7e51ca1778cd2d77449f6cfe35-1024x667.png\" class=\"elementor-animation-bounce-in attachment-large size-large wp-image-1800\" alt=\"\" srcset=\"https:\/\/dentistry.com\/wp-content\/uploads\/2025\/09\/7a8500f271736a7e51ca1778cd2d77449f6cfe35-1024x667.png 1024w, https:\/\/dentistry.com\/wp-content\/uploads\/2025\/09\/7a8500f271736a7e51ca1778cd2d77449f6cfe35-300x195.png 300w, https:\/\/dentistry.com\/wp-content\/uploads\/2025\/09\/7a8500f271736a7e51ca1778cd2d77449f6cfe35-768x500.png 768w, https:\/\/dentistry.com\/wp-content\/uploads\/2025\/09\/7a8500f271736a7e51ca1778cd2d77449f6cfe35-1536x1000.png 1536w, https:\/\/dentistry.com\/wp-content\/uploads\/2025\/09\/7a8500f271736a7e51ca1778cd2d77449f6cfe35-2048x1333.png 2048w\" sizes=\"(max-width: 800px) 100vw, 800px\" \/>\t\t\t\t\t\t\t\t\t\t\t\t\t\t\t<\/div>\n\t\t\t\t<\/div>\n\t\t<div class=\"elementor-element elementor-element-4096308 e-con-full e-flex e-con e-child\" data-id=\"4096308\" data-element_type=\"container\">\n\t\t\t\t<div class=\"elementor-element elementor-element-02c5b74 elementor-widget elementor-widget-heading\" data-id=\"02c5b74\" data-element_type=\"widget\" data-widget_type=\"heading.default\">\n\t\t\t\t\t<h2 class=\"elementor-heading-title elementor-size-default\">Qui\u00e9nes somos<\/h2>\t\t\t\t<\/div>\n\t\t\t\t<div class=\"elementor-element elementor-element-2e0bc9b elementor-widget elementor-widget-text-editor\" data-id=\"2e0bc9b\" data-element_type=\"widget\" data-widget_type=\"text-editor.default\">\n\t\t\t\t\t\t\t\t\t<p><span style=\"font-weight: 400;\">Durante casi 40 a\u00f1os, dentistas independientes, consultas de grupo y DSOs de todo el pa\u00eds han confiado en 1-800-DENTIST para ofrecer contactos de pacientes de alta calidad y simplificar las comunicaciones de la consulta, ayudando a las consultas a crecer de forma m\u00e1s r\u00e1pida e inteligente con menos conjeturas.<\/span><\/p><p><span style=\"font-weight: 400;\">Fundada en 1986 por Futuredontics, seguimos a la vanguardia de las soluciones para consultas dentales con dos servicios b\u00e1sicos: el programa PatientLeads, que impulsa las llamadas de nuevos pacientes en directo, y PatientActivator, que agiliza la comunicaci\u00f3n con los pacientes y las revisiones.<\/span><\/p>\t\t\t\t\t\t\t\t<\/div>\n\t\t\t\t<\/div>\n\t\t<div class=\"elementor-element elementor-element-3491b73 e-con-full elementor-hidden-mobile e-flex e-con e-child\" data-id=\"3491b73\" data-element_type=\"container\">\n\t\t\t\t<div class=\"elementor-element elementor-element-e9a900f elementor-widget elementor-widget-image\" data-id=\"e9a900f\" data-element_type=\"widget\" data-settings=\"{&quot;_animation&quot;:&quot;none&quot;}\" data-widget_type=\"image.default\">\n\t\t\t\t\t\t\t\t\t\t\t\t\t\t\t<img loading=\"lazy\" decoding=\"async\" width=\"800\" height=\"521\" src=\"https:\/\/dentistry.com\/wp-content\/uploads\/2025\/09\/7a8500f271736a7e51ca1778cd2d77449f6cfe35-1024x667.png\" class=\"attachment-large size-large wp-image-1800\" alt=\"\" srcset=\"https:\/\/dentistry.com\/wp-content\/uploads\/2025\/09\/7a8500f271736a7e51ca1778cd2d77449f6cfe35-1024x667.png 1024w, https:\/\/dentistry.com\/wp-content\/uploads\/2025\/09\/7a8500f271736a7e51ca1778cd2d77449f6cfe35-300x195.png 300w, https:\/\/dentistry.com\/wp-content\/uploads\/2025\/09\/7a8500f271736a7e51ca1778cd2d77449f6cfe35-768x500.png 768w, https:\/\/dentistry.com\/wp-content\/uploads\/2025\/09\/7a8500f271736a7e51ca1778cd2d77449f6cfe35-1536x1000.png 1536w, https:\/\/dentistry.com\/wp-content\/uploads\/2025\/09\/7a8500f271736a7e51ca1778cd2d77449f6cfe35-2048x1333.png 2048w\" sizes=\"(max-width: 800px) 100vw, 800px\" \/>\t\t\t\t\t\t\t\t\t\t\t\t\t\t\t<\/div>\n\t\t\t\t<\/div>\n\t\t\t\t\t<\/div>\n\t\t\t\t<\/div>\n\t\t\t\t<\/div>\n\t\t<div class=\"elementor-element elementor-element-a6178bb e-flex e-con-boxed e-con e-parent\" data-id=\"a6178bb\" data-element_type=\"container\" id=\"for-dentist-support\">\n\t\t\t\t\t<div class=\"e-con-inner\">\n\t\t<div class=\"elementor-element elementor-element-9e832ff e-con-full elementor-hidden-tablet e-flex e-con e-child\" data-id=\"9e832ff\" data-element_type=\"container\">\n\t\t\t\t<div class=\"elementor-element elementor-element-e8dd02f elementor-widget elementor-widget-image\" data-id=\"e8dd02f\" data-element_type=\"widget\" data-widget_type=\"image.default\">\n\t\t\t\t\t\t\t\t\t\t\t\t\t\t\t<img loading=\"lazy\" decoding=\"async\" width=\"800\" height=\"800\" src=\"https:\/\/dentistry.com\/wp-content\/uploads\/2025\/09\/a852adced53c0e134ed7be46329cb540cc34ab7c.png\" class=\"attachment-large size-large wp-image-1838\" alt=\"\" srcset=\"https:\/\/dentistry.com\/wp-content\/uploads\/2025\/09\/a852adced53c0e134ed7be46329cb540cc34ab7c.png 1000w, https:\/\/dentistry.com\/wp-content\/uploads\/2025\/09\/a852adced53c0e134ed7be46329cb540cc34ab7c-300x300.png 300w, https:\/\/dentistry.com\/wp-content\/uploads\/2025\/09\/a852adced53c0e134ed7be46329cb540cc34ab7c-150x150.png 150w, https:\/\/dentistry.com\/wp-content\/uploads\/2025\/09\/a852adced53c0e134ed7be46329cb540cc34ab7c-768x768.png 768w\" sizes=\"(max-width: 800px) 100vw, 800px\" \/>\t\t\t\t\t\t\t\t\t\t\t\t\t\t\t<\/div>\n\t\t\t\t<\/div>\n\t\t<div class=\"elementor-element elementor-element-d17757d e-con-full e-flex e-con e-child\" data-id=\"d17757d\" data-element_type=\"container\">\n\t\t<div class=\"elementor-element elementor-element-2609238 e-grid e-con-full elementor-invisible e-con e-child\" data-id=\"2609238\" data-element_type=\"container\" data-settings=\"{&quot;animation&quot;:&quot;fadeIn&quot;}\">\n\t\t<div class=\"elementor-element elementor-element-5246035 e-con-full e-flex e-con e-child\" data-id=\"5246035\" data-element_type=\"container\">\n\t\t\t\t<div class=\"elementor-element elementor-element-1366a85 elementor-widget elementor-widget-heading\" data-id=\"1366a85\" data-element_type=\"widget\" data-widget_type=\"heading.default\">\n\t\t\t\t\t<h2 class=\"elementor-heading-title elementor-size-default\">Consultas de nuevos miembros<\/h2>\t\t\t\t<\/div>\n\t\t\t\t<\/div>\n\t\t<div class=\"elementor-element elementor-element-8b5bfed e-con-full e-flex elementor-invisible e-con e-child\" data-id=\"8b5bfed\" data-element_type=\"container\" data-settings=\"{&quot;animation&quot;:&quot;fadeIn&quot;}\">\n\t\t\t\t<div class=\"elementor-element elementor-element-c653d16 elementor-hidden-mobile elementor-widget elementor-widget-heading\" data-id=\"c653d16\" data-element_type=\"widget\" data-widget_type=\"heading.default\">\n\t\t\t\t\t<h2 class=\"elementor-heading-title elementor-size-default\">Apoyo a los miembros<\/h2>\t\t\t\t<\/div>\n\t\t\t\t<\/div>\n\t\t\t\t<\/div>\n\t\t<div class=\"elementor-element elementor-element-ffcf433 e-con-full e-flex e-con e-child\" data-id=\"ffcf433\" data-element_type=\"container\">\n\t\t<div class=\"elementor-element elementor-element-6489db2 e-grid e-con-full e-con e-child\" data-id=\"6489db2\" data-element_type=\"container\">\n\t\t<div class=\"elementor-element elementor-element-915b2ac e-con-full e-flex e-con e-child\" data-id=\"915b2ac\" data-element_type=\"container\">\n\t\t\t\t<div class=\"elementor-element elementor-element-5e4f6d6 membership-portal elementor-widget elementor-widget-text-editor\" data-id=\"5e4f6d6\" data-element_type=\"widget\" data-widget_type=\"text-editor.default\">\n\t\t\t\t\t\t\t\t\t<p>\u00bfPreguntas sobre ventas?<br \/>Llama: <a href=\"tel:352-405-1695\">352-405-1695<\/a> <br \/>Correo electr\u00f3nico:<a href=\"mailto:Sales@1800Dentist.com\"> Sales@1800Dentist.com<\/a><\/p>\t\t\t\t\t\t\t\t<\/div>\n\t\t\t\t<div class=\"elementor-element elementor-element-3f57312 elementor-hidden-desktop elementor-hidden-tablet elementor-widget elementor-widget-heading\" data-id=\"3f57312\" data-element_type=\"widget\" data-widget_type=\"heading.default\">\n\t\t\t\t\t<h2 class=\"elementor-heading-title elementor-size-default\">Apoyo a los miembros<\/h2>\t\t\t\t<\/div>\n\t\t\t\t<\/div>\n\t\t<div class=\"elementor-element elementor-element-708b8b0 e-con-full e-flex e-con e-child\" data-id=\"708b8b0\" data-element_type=\"container\">\n\t\t\t\t<div class=\"elementor-element elementor-element-e30dc67 membership-portal elementor-hidden-mobile elementor-widget elementor-widget-text-editor\" data-id=\"e30dc67\" data-element_type=\"widget\" data-widget_type=\"text-editor.default\">\n\t\t\t\t\t\t\t\t\t<p style=\"margin-bottom: 10px;\">Llama: <a href=\"tel:800-552-1616\">800-552-1616<\/a><br \/>(De lunes a viernes, de 7:00 a 16:00 CST)<\/p><p style=\"margin-bottom: 10px;\">Correo electr\u00f3nico:<a href=\"mailto:ClientServices@1800dentist.com\">\u00a0ClientServices@1800dentist.com<\/a><\/p>\t\t\t\t\t\t\t\t<\/div>\n\t\t\t\t<div class=\"elementor-element elementor-element-b5099c0 membership-portal elementor-hidden-desktop elementor-hidden-tablet elementor-widget elementor-widget-text-editor\" data-id=\"b5099c0\" data-element_type=\"widget\" data-widget_type=\"text-editor.default\">\n\t\t\t\t\t\t\t\t\t<p style=\"margin-bottom: 10px;\">PatientLeads<\/p><p style=\"margin-bottom: 10px;\">Llama: <a href=\"tel:800-552-1616\">800-552-1616<\/a><br \/>(De lunes a viernes, <br \/>7:00 AM - 4:00 PM CST)<\/p><p style=\"margin-bottom: 10px;\">Correo electr\u00f3nico:<br \/><a href=\"mailto:ClientServices@1800dentist.com\">\u00a0ClientServices@1800dentist.com<\/a><\/p>\t\t\t\t\t\t\t\t<\/div>\n\t\t\t\t<\/div>\n\t\t\t\t<\/div>\n\t\t\t\t<\/div>\n\t\t\t\t<\/div>\n\t\t\t\t\t<\/div>\n\t\t\t\t<\/div>\n\t\t<div class=\"elementor-element elementor-element-ee2d764 e-con-full e-flex e-con e-parent\" data-id=\"ee2d764\" data-element_type=\"container\" data-settings=\"{&quot;background_background&quot;:&quot;classic&quot;}\">\n\t\t\t\t<div class=\"elementor-element elementor-element-d8b6182 elementor-widget elementor-widget-heading\" data-id=\"d8b6182\" data-element_type=\"widget\" data-widget_type=\"heading.default\">\n\t\t\t\t\t<h2 class=\"elementor-heading-title elementor-size-default\">Lo que nuestros dentistas dicen de nosotros<\/h2>\t\t\t\t<\/div>\n\t\t<div class=\"elementor-element elementor-element-973e0e1 e-grid for-dentists-testimonials e-con-boxed e-con e-child\" data-id=\"973e0e1\" data-element_type=\"container\">\n\t\t\t\t\t<div class=\"e-con-inner\">\n\t\t<div class=\"elementor-element elementor-element-09a04b6 e-con-full e-flex e-con e-child\" data-id=\"09a04b6\" data-element_type=\"container\">\n\t\t\t\t<div class=\"elementor-element elementor-element-fa75365 elementor-widget elementor-widget-text-editor\" data-id=\"fa75365\" data-element_type=\"widget\" data-widget_type=\"text-editor.default\">\n\t\t\t\t\t\t\t\t\t<p>\u201c<span style=\"font-weight: 400;\">1-800-DENTIST ha sido un gran socio para nosotros. Hemos podido apoyarnos en ellos para generar clientes potenciales de forma constante, especialmente en mercados competitivos en los que nos centramos en el crecimiento. No s\u00f3lo son uno de nuestros socios m\u00e1s eficientes desde el punto de vista del coste por contacto, sino que tambi\u00e9n es incre\u00edblemente f\u00e1cil trabajar con ellos: responsables, flexibles y realmente implicados en nuestro \u00e9xito.<\/span>\u201d<\/p><p><strong>Jennifer S. | Directora de Marketing, Interdent<\/strong><\/p>\t\t\t\t\t\t\t\t<\/div>\n\t\t\t\t<\/div>\n\t\t<div class=\"elementor-element elementor-element-cadbe9e e-con-full e-flex e-con e-child\" data-id=\"cadbe9e\" data-element_type=\"container\">\n\t\t\t\t<div class=\"elementor-element elementor-element-4efb4d8 elementor-widget elementor-widget-text-editor\" data-id=\"4efb4d8\" data-element_type=\"widget\" data-widget_type=\"text-editor.default\">\n\t\t\t\t\t\t\t\t\t<p>\u201c<span style=\"font-weight: 400;\">He probado todas las formas de marketing online que se te ocurran y nada ofrece un ROI como mis llamadas de conexi\u00f3n directa de 1-800-DENTIST. Para nosotros, la magia est\u00e1 en la llamada en VIVO. \u00a1No hay nada mejor que eso!<\/span>\u201d<\/p><p><strong>Dr. John M<\/strong><\/p>\t\t\t\t\t\t\t\t<\/div>\n\t\t\t\t<\/div>\n\t\t<div class=\"elementor-element elementor-element-82d77cf e-con-full e-flex e-con e-child\" data-id=\"82d77cf\" data-element_type=\"container\">\n\t\t\t\t<div class=\"elementor-element elementor-element-593ec51 elementor-widget elementor-widget-text-editor\" data-id=\"593ec51\" data-element_type=\"widget\" data-widget_type=\"text-editor.default\">\n\t\t\t\t\t\t\t\t\t<p>\u201c<span style=\"font-weight: 400;\">Nuestra DSO luchaba por mantener las agendas llenas en m\u00e1s de 200 centros. Todo cambi\u00f3 cuando aumentamos nuestra presencia con 1-800-DENTIST. Ellos constantemente entregan llamadas de nuevos pacientes a nuestro centro de llamadas, ayudando a mantener nuestro DSO creciendo fuerte. Puedo decir con 100% confianza que son mi principal fuente de nuevos pacientes en todos los \u00e1mbitos.<\/span>\u201d<\/p><p><strong>Kevin S. | Administrador de marketing<\/strong><\/p>\t\t\t\t\t\t\t\t<\/div>\n\t\t\t\t<\/div>\n\t\t\t\t\t<\/div>\n\t\t\t\t<\/div>\n\t\t\t\t<\/div>\n\t\t\t\t<\/div>","protected":false},"excerpt":{"rendered":"<p>Looking for a dentist? Don\u2019t fill out this form. Call 1-888-597-389 to find a dentist near you! Be Found by High-Intent Patients Want your practice featured on Dentistry.com, where high-intent patients are actively searching for a dentist? List your practice in our trusted online directory for just $300 per year\u2014that\u2019s less than the revenue of [&hellip;]<\/p>","protected":false},"author":1,"featured_media":0,"parent":0,"menu_order":0,"comment_status":"closed","ping_status":"closed","template":"","meta":{"_acf_changed":false,"_monsterinsights_skip_tracking":false,"_monsterinsights_sitenote_active":false,"_monsterinsights_sitenote_note":"","_monsterinsights_sitenote_category":0,"footnotes":""},"class_list":["post-1632","page","type-page","status-publish","hentry"],"acf":[],"aioseo_notices":[],"_links":{"self":[{"href":"https:\/\/dentistry.com\/es_us\/wp-json\/wp\/v2\/pages\/1632","targetHints":{"allow":["GET"]}}],"collection":[{"href":"https:\/\/dentistry.com\/es_us\/wp-json\/wp\/v2\/pages"}],"about":[{"href":"https:\/\/dentistry.com\/es_us\/wp-json\/wp\/v2\/types\/page"}],"author":[{"embeddable":true,"href":"https:\/\/dentistry.com\/es_us\/wp-json\/wp\/v2\/users\/1"}],"replies":[{"embeddable":true,"href":"https:\/\/dentistry.com\/es_us\/wp-json\/wp\/v2\/comments?post=1632"}],"version-history":[{"count":0,"href":"https:\/\/dentistry.com\/es_us\/wp-json\/wp\/v2\/pages\/1632\/revisions"}],"wp:attachment":[{"href":"https:\/\/dentistry.com\/es_us\/wp-json\/wp\/v2\/media?parent=1632"}],"curies":[{"name":"wp","href":"https:\/\/api.w.org\/{rel}","templated":true}]}}