{"id":34169,"date":"2025-10-21T10:15:25","date_gmt":"2025-10-21T10:15:25","guid":{"rendered":"https:\/\/dentistrystag.wpenginepowered.com\/?page_id=34169"},"modified":"2025-11-04T15:33:14","modified_gmt":"2025-11-04T15:33:14","slug":"guides","status":"publish","type":"page","link":"https:\/\/dentistry.com\/es_us\/guides\/","title":{"rendered":"Gu\u00edas"},"content":{"rendered":"<div data-elementor-type=\"wp-page\" data-elementor-id=\"34169\" class=\"elementor elementor-34169\" data-elementor-post-type=\"page\">\n\t\t\t\t<div class=\"elementor-element elementor-element-3721249 e-con-full e-flex e-con e-parent\" data-id=\"3721249\" data-element_type=\"container\">\n\t\t<div class=\"elementor-element elementor-element-ed15aa6 e-con-full e-flex e-con e-child\" data-id=\"ed15aa6\" data-element_type=\"container\" data-settings=\"{&quot;background_background&quot;:&quot;classic&quot;}\">\n\t\t<div class=\"elementor-element elementor-element-c21be03 e-flex e-con-boxed e-con e-child\" data-id=\"c21be03\" data-element_type=\"container\">\n\t\t\t\t\t<div class=\"e-con-inner\">\n\t\t\t\t<div class=\"elementor-element elementor-element-218f881 elementor-widget elementor-widget-heading\" data-id=\"218f881\" data-element_type=\"widget\" data-widget_type=\"heading.default\">\n\t\t\t\t\t<h2 class=\"elementor-heading-title elementor-size-default\">Gu\u00edas de Dentistry.com<\/h2>\t\t\t\t<\/div>\n\t\t<div class=\"elementor-element elementor-element-f153582 e-con-full e-flex e-con e-child\" data-id=\"f153582\" data-element_type=\"container\">\n\t\t\t\t<div class=\"elementor-element elementor-element-2f6d1df elementor-widget elementor-widget-text-editor\" data-id=\"2f6d1df\" data-element_type=\"widget\" data-widget_type=\"text-editor.default\">\n\t\t\t\t\t\t\t\t\t<p>Encuentre informaci\u00f3n clara y fiable sobre los problemas y procedimientos dentales m\u00e1s comunes. Desde c\u00f3mo entender las infecciones dentales y los dolores de muelas intensos hasta c\u00f3mo tratar el dolor de muelas.<\/p>\t\t\t\t\t\t\t\t<\/div>\n\t\t\t\t<\/div>\n\t\t\t\t\t<\/div>\n\t\t\t\t<\/div>\n\t\t\t\t<\/div>\n\t\t\t\t<\/div>\n\t\t<div class=\"elementor-element elementor-element-714668b e-flex e-con-boxed e-con e-parent\" data-id=\"714668b\" data-element_type=\"container\">\n\t\t\t\t\t<div class=\"e-con-inner\">\n\t\t\t\t<div class=\"elementor-element elementor-element-42de92f elementor-widget elementor-widget-html\" data-id=\"42de92f\" data-element_type=\"widget\" data-widget_type=\"html.default\">\n\t\t\t\t\t    <div class=\"blog-search-filter-container\">\n        <form class=\"blog-search-filter-form\" id=\"blog-search-filter-form\" action=\"\">\n            <div class=\"search-input-group\">\n                <input type=\"text\" \n                       id=\"blog-search-filter-input\" \n                       name=\"search_term\" \n                       placeholder=\"Buscar blogs\" \n                       class=\"blog-search-filter-input\"\n                       autocomplete=\"off\">\n                <button type=\"submit\" class=\"blog-search-filter-button\">\n                    Buscar en                <\/button>\n                <button type=\"button\" class=\"blog-search-clear-button\" id=\"blog-search-clear\" style=\"display: none;\">\n                    Claro                <\/button>\n            <\/div>\n        <input type=\"hidden\" name=\"trp-form-language\" value=\"es_us\"\/><\/form>\n        \n        <div class=\"search-status\" id=\"search-status\" style=\"display: none;\">\n            <span class=\"search-results-count\" id=\"search-results-count\"><\/span>\n            <span class=\"search-no-results\" id=\"search-no-results\" style=\"display: none;\">\n                No se han encontrado entradas que coincidan con sus criterios de b\u00fasqueda.\n            <\/span>\n        <\/div>\n    <\/div>\n    \t\t\t\t<\/div>\n\t\t\t\t<div class=\"elementor-element elementor-element-bc5f0e5 guides-listing elementor-grid-3 elementor-grid-tablet-2 elementor-grid-mobile-1 elementor-posts--thumbnail-top elementor-posts--show-avatar elementor-posts__hover-gradient elementor-widget elementor-widget-posts\" data-id=\"bc5f0e5\" data-element_type=\"widget\" data-settings=\"{&quot;cards_row_gap&quot;:{&quot;unit&quot;:&quot;px&quot;,&quot;size&quot;:40,&quot;sizes&quot;:[]},&quot;pagination_type&quot;:&quot;numbers&quot;,&quot;cards_columns&quot;:&quot;3&quot;,&quot;cards_columns_tablet&quot;:&quot;2&quot;,&quot;cards_columns_mobile&quot;:&quot;1&quot;,&quot;cards_row_gap_tablet&quot;:{&quot;unit&quot;:&quot;px&quot;,&quot;size&quot;:&quot;&quot;,&quot;sizes&quot;:[]},&quot;cards_row_gap_mobile&quot;:{&quot;unit&quot;:&quot;px&quot;,&quot;size&quot;:&quot;&quot;,&quot;sizes&quot;:[]}}\" data-widget_type=\"posts.cards\">\n\t\t\t\t<div class=\"elementor-widget-container\">\n\t\t\t\t\t\t\t<div class=\"elementor-posts-container elementor-posts elementor-posts--skin-cards elementor-grid\" role=\"list\">\n\t\t\t\t<article class=\"elementor-post elementor-grid-item post-43501 guides type-guides status-publish has-post-thumbnail hentry category-emergency\" role=\"listitem\">\n\t\t\t<div class=\"elementor-post__card\">\n\t\t\t\t<a class=\"elementor-post__thumbnail__link\" href=\"https:\/\/dentistry.com\/es_us\/guides\/toothache-relief\/\" tabindex=\"-1\" ><div class=\"elementor-post__thumbnail\"><img fetchpriority=\"high\" decoding=\"async\" width=\"300\" height=\"191\" src=\"https:\/\/dentistry.com\/wp-content\/uploads\/2026\/01\/ToothRelief_WomanHoldingJawInPain-300x191.jpg\" class=\"attachment-medium size-medium wp-image-43498\" alt=\"Woman holding her jaw in pain, experiencing a severe toothache at home\" srcset=\"https:\/\/dentistry.com\/wp-content\/uploads\/2026\/01\/ToothRelief_WomanHoldingJawInPain-300x191.jpg 300w, https:\/\/dentistry.com\/wp-content\/uploads\/2026\/01\/ToothRelief_WomanHoldingJawInPain-1024x651.jpg 1024w, https:\/\/dentistry.com\/wp-content\/uploads\/2026\/01\/ToothRelief_WomanHoldingJawInPain-768x488.jpg 768w, https:\/\/dentistry.com\/wp-content\/uploads\/2026\/01\/ToothRelief_WomanHoldingJawInPain-1536x977.jpg 1536w, https:\/\/dentistry.com\/wp-content\/uploads\/2026\/01\/ToothRelief_WomanHoldingJawInPain-18x12.jpg 18w, https:\/\/dentistry.com\/wp-content\/uploads\/2026\/01\/ToothRelief_WomanHoldingJawInPain.jpg 1755w\" sizes=\"(max-width: 300px) 100vw, 300px\" \/><\/div><\/a>\n\t\t\t\t<div class=\"elementor-post__badge\">Emergencia<\/div>\n\t\t\t\t<div class=\"elementor-post__avatar\">\n\t\t\t<img alt='Erin Darcy' src='https:\/\/secure.gravatar.com\/avatar\/d46cb61beb9c54a795d5d32ccf282187469662ab31ea69efb4ef2b44eea2cd48?s=128&#038;d=mm&#038;r=g' srcset='https:\/\/secure.gravatar.com\/avatar\/d46cb61beb9c54a795d5d32ccf282187469662ab31ea69efb4ef2b44eea2cd48?s=256&#038;d=mm&#038;r=g 2x' class='avatar avatar-128 photo' height='128' width='128' \/>\t\t<\/div>\n\t\t\t\t<div class=\"elementor-post__text\">\n\t\t\t\t<h3 class=\"elementor-post__title\">\n\t\t\t<a href=\"https:\/\/dentistry.com\/es_us\/guides\/toothache-relief\/\" >\n\t\t\t\tToothache Relief: An In-Depth Guide\t\t\t<\/a>\n\t\t<\/h3>\n\t\t\t\t<div class=\"elementor-post__excerpt\">\n\t\t\t<p>Severe tooth pain can stop you in your tracks. Whether it\u2019s throbbing, sharp, or radiating into your jaw, a toothache means something deeper is wrong, and it won\u2019t go away on its own. This guide walks you through what to do right now to relieve pain safely, what to avoid, and how to find a dentist for relief that lasts.<\/p>\n\t\t<\/div>\n\t\t\t\t\t<div class=\"elementor-post__read-more-wrapper\">\n\t\t\n\t\t<a class=\"elementor-post__read-more\" href=\"https:\/\/dentistry.com\/es_us\/guides\/toothache-relief\/\" aria-label=\"Read more about Toothache Relief: An In-Depth Guide\" tabindex=\"-1\" >\n\t\t\tSeguir leyendo\t\t<\/a>\n\n\t\t\t\t\t<\/div>\n\t\t\t\t<\/div>\n\t\t\t\t\t<\/div>\n\t\t<\/article>\n\t\t\t\t<article class=\"elementor-post elementor-grid-item post-33313 guides type-guides status-publish has-post-thumbnail hentry category-emergency\" role=\"listitem\">\n\t\t\t<div class=\"elementor-post__card\">\n\t\t\t\t<a class=\"elementor-post__thumbnail__link\" href=\"https:\/\/dentistry.com\/es_us\/guides\/tooth-infection\/\" tabindex=\"-1\" ><div class=\"elementor-post__thumbnail\"><img decoding=\"async\" width=\"300\" height=\"191\" src=\"https:\/\/dentistry.com\/wp-content\/uploads\/2025\/10\/Dentist_PointingatXray_Hero-300x191.jpg\" class=\"attachment-medium size-medium wp-image-33444\" alt=\"Dentist explains dental X-ray to patient on wall monitor\" srcset=\"https:\/\/dentistry.com\/wp-content\/uploads\/2025\/10\/Dentist_PointingatXray_Hero-300x191.jpg 300w, https:\/\/dentistry.com\/wp-content\/uploads\/2025\/10\/Dentist_PointingatXray_Hero-1024x651.jpg 1024w, https:\/\/dentistry.com\/wp-content\/uploads\/2025\/10\/Dentist_PointingatXray_Hero-768x488.jpg 768w, https:\/\/dentistry.com\/wp-content\/uploads\/2025\/10\/Dentist_PointingatXray_Hero-1536x977.jpg 1536w, https:\/\/dentistry.com\/wp-content\/uploads\/2025\/10\/Dentist_PointingatXray_Hero.jpg 1755w\" sizes=\"(max-width: 300px) 100vw, 300px\" \/><\/div><\/a>\n\t\t\t\t<div class=\"elementor-post__badge\">Emergencia<\/div>\n\t\t\t\t<div class=\"elementor-post__avatar\">\n\t\t\t<img alt='Erin Darcy' src='https:\/\/secure.gravatar.com\/avatar\/d46cb61beb9c54a795d5d32ccf282187469662ab31ea69efb4ef2b44eea2cd48?s=128&#038;d=mm&#038;r=g' srcset='https:\/\/secure.gravatar.com\/avatar\/d46cb61beb9c54a795d5d32ccf282187469662ab31ea69efb4ef2b44eea2cd48?s=256&#038;d=mm&#038;r=g 2x' class='avatar avatar-128 photo' height='128' width='128' \/>\t\t<\/div>\n\t\t\t\t<div class=\"elementor-post__text\">\n\t\t\t\t<h3 class=\"elementor-post__title\">\n\t\t\t<a href=\"https:\/\/dentistry.com\/es_us\/guides\/tooth-infection\/\" >\n\t\t\t\tInfecci\u00f3n dental\t\t\t<\/a>\n\t\t<\/h3>\n\t\t\t\t<div class=\"elementor-post__excerpt\">\n\t\t\t<p>Una infecci\u00f3n dental, tambi\u00e9n llamada absceso dental, es algo m\u00e1s que un simple dolor de muelas. El dolor intenso, la hinchaz\u00f3n y la fiebre son signos de que las bacterias se han propagado y, sin un tratamiento r\u00e1pido del absceso dental, la infecci\u00f3n puede empeorar e incluso poner en peligro tu salud general. Esta gu\u00eda explica los s\u00edntomas de un diente infectado, las opciones de atenci\u00f3n urgente y c\u00f3mo los dentistas pueden proporcionar un alivio r\u00e1pido.<\/p>\n\t\t<\/div>\n\t\t\t\t\t<div class=\"elementor-post__read-more-wrapper\">\n\t\t\n\t\t<a class=\"elementor-post__read-more\" href=\"https:\/\/dentistry.com\/es_us\/guides\/tooth-infection\/\" aria-label=\"Read more about Tooth Infection\" tabindex=\"-1\" >\n\t\t\tSeguir leyendo\t\t<\/a>\n\n\t\t\t\t\t<\/div>\n\t\t\t\t<\/div>\n\t\t\t\t\t<\/div>\n\t\t<\/article>\n\t\t\t\t<article class=\"elementor-post elementor-grid-item post-33304 guides type-guides status-publish has-post-thumbnail hentry category-emergency\" role=\"listitem\">\n\t\t\t<div class=\"elementor-post__card\">\n\t\t\t\t<a class=\"elementor-post__thumbnail__link\" href=\"https:\/\/dentistry.com\/es_us\/guides\/wisdom-tooth-pain\/\" tabindex=\"-1\" ><div class=\"elementor-post__thumbnail\"><img decoding=\"async\" width=\"300\" height=\"200\" src=\"https:\/\/dentistry.com\/wp-content\/uploads\/2025\/08\/11478b71109aacf3feff6b3dabf9fa4e7aa6d0dc-min.jpg\" class=\"attachment-medium size-medium wp-image-4965\" alt=\"Dentist points at panoramic X-ray and scans on a computer screen\" \/><\/div><\/a>\n\t\t\t\t<div class=\"elementor-post__badge\">Emergencia<\/div>\n\t\t\t\t<div class=\"elementor-post__avatar\">\n\t\t\t<img alt='admin' src='https:\/\/secure.gravatar.com\/avatar\/ee021109004db252a637b239e3037fbafc51403be93469ca36aa0fa2176b3638?s=128&#038;d=mm&#038;r=g' srcset='https:\/\/secure.gravatar.com\/avatar\/ee021109004db252a637b239e3037fbafc51403be93469ca36aa0fa2176b3638?s=256&#038;d=mm&#038;r=g 2x' class='avatar avatar-128 photo' height='128' width='128' \/>\t\t<\/div>\n\t\t\t\t<div class=\"elementor-post__text\">\n\t\t\t\t<h3 class=\"elementor-post__title\">\n\t\t\t<a href=\"https:\/\/dentistry.com\/es_us\/guides\/wisdom-tooth-pain\/\" >\n\t\t\t\tDolor de muelas del juicio\t\t\t<\/a>\n\t\t<\/h3>\n\t\t\t\t<div class=\"elementor-post__excerpt\">\n\t\t\t<p>El dolor de muelas del juicio puede ser muy fuerte: palpitaciones en la mand\u00edbula, inflamaci\u00f3n de las enc\u00edas e incluso desvelos por la noche. No est\u00e1s solo y es posible aliviarlo. Esta gu\u00eda explica c\u00f3mo detener el dolor de muelas del juicio en casa, c\u00f3mo reconocer cu\u00e1ndo se trata de una urgencia y c\u00f3mo es el tratamiento cuando acudes al dentista.<\/p>\n\t\t<\/div>\n\t\t\t\t\t<div class=\"elementor-post__read-more-wrapper\">\n\t\t\n\t\t<a class=\"elementor-post__read-more\" href=\"https:\/\/dentistry.com\/es_us\/guides\/wisdom-tooth-pain\/\" aria-label=\"Read more about Wisdom Tooth Pain\" tabindex=\"-1\" >\n\t\t\tSeguir leyendo\t\t<\/a>\n\n\t\t\t\t\t<\/div>\n\t\t\t\t<\/div>\n\t\t\t\t\t<\/div>\n\t\t<\/article>\n\t\t\t\t<article class=\"elementor-post elementor-grid-item post-33292 guides type-guides status-publish has-post-thumbnail hentry category-emergency\" role=\"listitem\">\n\t\t\t<div class=\"elementor-post__card\">\n\t\t\t\t<a class=\"elementor-post__thumbnail__link\" href=\"https:\/\/dentistry.com\/es_us\/guides\/severe-toothache\/\" tabindex=\"-1\" ><div class=\"elementor-post__thumbnail\"><img loading=\"lazy\" decoding=\"async\" width=\"300\" height=\"191\" src=\"https:\/\/dentistry.com\/wp-content\/uploads\/2025\/10\/Woman_Holding_Jaw_Chair-300x191.jpg\" class=\"attachment-medium size-medium wp-image-33391\" alt=\"Woman experiencing toothache at dentist and holding jaw in pain\" srcset=\"https:\/\/dentistry.com\/wp-content\/uploads\/2025\/10\/Woman_Holding_Jaw_Chair-300x191.jpg 300w, https:\/\/dentistry.com\/wp-content\/uploads\/2025\/10\/Woman_Holding_Jaw_Chair-1024x651.jpg 1024w, https:\/\/dentistry.com\/wp-content\/uploads\/2025\/10\/Woman_Holding_Jaw_Chair-768x488.jpg 768w, https:\/\/dentistry.com\/wp-content\/uploads\/2025\/10\/Woman_Holding_Jaw_Chair-1536x977.jpg 1536w, https:\/\/dentistry.com\/wp-content\/uploads\/2025\/10\/Woman_Holding_Jaw_Chair.jpg 1755w\" sizes=\"(max-width: 300px) 100vw, 300px\" \/><\/div><\/a>\n\t\t\t\t<div class=\"elementor-post__badge\">Emergencia<\/div>\n\t\t\t\t<div class=\"elementor-post__avatar\">\n\t\t\t<img alt='admin' src='https:\/\/secure.gravatar.com\/avatar\/ee021109004db252a637b239e3037fbafc51403be93469ca36aa0fa2176b3638?s=128&#038;d=mm&#038;r=g' srcset='https:\/\/secure.gravatar.com\/avatar\/ee021109004db252a637b239e3037fbafc51403be93469ca36aa0fa2176b3638?s=256&#038;d=mm&#038;r=g 2x' class='avatar avatar-128 photo' height='128' width='128' \/>\t\t<\/div>\n\t\t\t\t<div class=\"elementor-post__text\">\n\t\t\t\t<h3 class=\"elementor-post__title\">\n\t\t\t<a href=\"https:\/\/dentistry.com\/es_us\/guides\/severe-toothache\/\" >\n\t\t\t\tDolor de muelas intenso\t\t\t<\/a>\n\t\t<\/h3>\n\t\t\t\t<div class=\"elementor-post__excerpt\">\n\t\t\t<p>Un dolor de muelas puede pasar de molesto a insoportable en un abrir y cerrar de ojos. Cuando el dolor te despierta por la noche o persiste hagas lo que hagas, es hora de averiguar qu\u00e9 te ocurre realmente. Esta gu\u00eda te explica las causas m\u00e1s comunes, lo que puedes hacer en casa, cu\u00e1ndo un dolor de muelas es se\u00f1al de urgencia y c\u00f3mo es el tratamiento. <\/p>\n\t\t<\/div>\n\t\t\t\t\t<div class=\"elementor-post__read-more-wrapper\">\n\t\t\n\t\t<a class=\"elementor-post__read-more\" href=\"https:\/\/dentistry.com\/es_us\/guides\/severe-toothache\/\" aria-label=\"Read more about Severe Toothache\" tabindex=\"-1\" >\n\t\t\tSeguir leyendo\t\t<\/a>\n\n\t\t\t\t\t<\/div>\n\t\t\t\t<\/div>\n\t\t\t\t\t<\/div>\n\t\t<\/article>\n\t\t\t\t<article class=\"elementor-post elementor-grid-item post-33283 guides type-guides status-publish has-post-thumbnail hentry\" role=\"listitem\">\n\t\t\t<div class=\"elementor-post__card\">\n\t\t\t\t<a class=\"elementor-post__thumbnail__link\" href=\"https:\/\/dentistry.com\/es_us\/guides\/gum-infection\/\" tabindex=\"-1\" ><div class=\"elementor-post__thumbnail\"><img loading=\"lazy\" decoding=\"async\" width=\"300\" height=\"191\" src=\"https:\/\/dentistry.com\/wp-content\/uploads\/2025\/10\/GumInfection_Hero_PatientInChairWithDentist-300x191.jpg\" class=\"attachment-medium size-medium wp-image-33371\" alt=\"Dentist wearing mask and gloves examines a patient in a dental chair, with a dental X-ray displayed on a nearby monitor\" srcset=\"https:\/\/dentistry.com\/wp-content\/uploads\/2025\/10\/GumInfection_Hero_PatientInChairWithDentist-300x191.jpg 300w, https:\/\/dentistry.com\/wp-content\/uploads\/2025\/10\/GumInfection_Hero_PatientInChairWithDentist-1024x651.jpg 1024w, https:\/\/dentistry.com\/wp-content\/uploads\/2025\/10\/GumInfection_Hero_PatientInChairWithDentist-768x488.jpg 768w, https:\/\/dentistry.com\/wp-content\/uploads\/2025\/10\/GumInfection_Hero_PatientInChairWithDentist-1536x977.jpg 1536w, https:\/\/dentistry.com\/wp-content\/uploads\/2025\/10\/GumInfection_Hero_PatientInChairWithDentist.jpg 1755w\" sizes=\"(max-width: 300px) 100vw, 300px\" \/><\/div><\/a>\n\t\t\t\t<div class=\"elementor-post__avatar\">\n\t\t\t<img alt='admin' src='https:\/\/secure.gravatar.com\/avatar\/ee021109004db252a637b239e3037fbafc51403be93469ca36aa0fa2176b3638?s=128&#038;d=mm&#038;r=g' srcset='https:\/\/secure.gravatar.com\/avatar\/ee021109004db252a637b239e3037fbafc51403be93469ca36aa0fa2176b3638?s=256&#038;d=mm&#038;r=g 2x' class='avatar avatar-128 photo' height='128' width='128' \/>\t\t<\/div>\n\t\t\t\t<div class=\"elementor-post__text\">\n\t\t\t\t<h3 class=\"elementor-post__title\">\n\t\t\t<a href=\"https:\/\/dentistry.com\/es_us\/guides\/gum-infection\/\" >\n\t\t\t\tInfecci\u00f3n de las enc\u00edas\t\t\t<\/a>\n\t\t<\/h3>\n\t\t\t\t<div class=\"elementor-post__excerpt\">\n\t\t\t<p>Una infecci\u00f3n de las enc\u00edas puede desarrollarse lentamente, empezando como gingivitis, que provoca inflamaci\u00f3n y sangrado de las enc\u00edas. Sin tratamiento, puede evolucionar a periodontitis, causando mal aliento, dolor e incluso p\u00e9rdida de dientes. La enfermedad de las enc\u00edas s\u00f3lo empeora con el tiempo. Esta gu\u00eda explica c\u00f3mo reconocer los s\u00edntomas de la infecci\u00f3n de las enc\u00edas, encontrar alivio en casa y saber cu\u00e1ndo buscar atenci\u00f3n profesional.<\/p>\n\t\t<\/div>\n\t\t\t\t\t<div class=\"elementor-post__read-more-wrapper\">\n\t\t\n\t\t<a class=\"elementor-post__read-more\" href=\"https:\/\/dentistry.com\/es_us\/guides\/gum-infection\/\" aria-label=\"Read more about Gum Infection\" tabindex=\"-1\" >\n\t\t\tSeguir leyendo\t\t<\/a>\n\n\t\t\t\t\t<\/div>\n\t\t\t\t<\/div>\n\t\t\t\t\t<\/div>\n\t\t<\/article>\n\t\t\t\t<article class=\"elementor-post elementor-grid-item post-642 guides type-guides status-publish has-post-thumbnail hentry\" role=\"listitem\">\n\t\t\t<div class=\"elementor-post__card\">\n\t\t\t\t<a class=\"elementor-post__thumbnail__link\" href=\"https:\/\/dentistry.com\/es_us\/guides\/tooth-extraction\/\" tabindex=\"-1\" ><div class=\"elementor-post__thumbnail\"><img loading=\"lazy\" decoding=\"async\" width=\"300\" height=\"191\" src=\"https:\/\/dentistry.com\/wp-content\/uploads\/2025\/08\/DentalTools_Hero-300x191.jpg\" class=\"attachment-medium size-medium wp-image-33472\" alt=\"Dentist holding a mirror tool above stainless steel instruments\" srcset=\"https:\/\/dentistry.com\/wp-content\/uploads\/2025\/08\/DentalTools_Hero-300x191.jpg 300w, https:\/\/dentistry.com\/wp-content\/uploads\/2025\/08\/DentalTools_Hero-1024x651.jpg 1024w, https:\/\/dentistry.com\/wp-content\/uploads\/2025\/08\/DentalTools_Hero-768x488.jpg 768w, https:\/\/dentistry.com\/wp-content\/uploads\/2025\/08\/DentalTools_Hero-1536x977.jpg 1536w, https:\/\/dentistry.com\/wp-content\/uploads\/2025\/08\/DentalTools_Hero.jpg 1755w\" sizes=\"(max-width: 300px) 100vw, 300px\" \/><\/div><\/a>\n\t\t\t\t<div class=\"elementor-post__avatar\">\n\t\t\t<img alt='admin' src='https:\/\/secure.gravatar.com\/avatar\/ee021109004db252a637b239e3037fbafc51403be93469ca36aa0fa2176b3638?s=128&#038;d=mm&#038;r=g' srcset='https:\/\/secure.gravatar.com\/avatar\/ee021109004db252a637b239e3037fbafc51403be93469ca36aa0fa2176b3638?s=256&#038;d=mm&#038;r=g 2x' class='avatar avatar-128 photo' height='128' width='128' \/>\t\t<\/div>\n\t\t\t\t<div class=\"elementor-post__text\">\n\t\t\t\t<h3 class=\"elementor-post__title\">\n\t\t\t<a href=\"https:\/\/dentistry.com\/es_us\/guides\/tooth-extraction\/\" >\n\t\t\t\tExtracci\u00f3n dental\t\t\t<\/a>\n\t\t<\/h3>\n\t\t\t\t<div class=\"elementor-post__excerpt\">\n\t\t\t<p>El dolor intenso, la inflamaci\u00f3n o la infecci\u00f3n pueden indicar a veces que es necesaria una extracci\u00f3n dental inmediata. Esta gu\u00eda te gu\u00eda a trav\u00e9s del proceso de extracci\u00f3n dental de emergencia, incluyendo cu\u00e1ndo es urgente, c\u00f3mo se realiza y c\u00f3mo es la recuperaci\u00f3n.<\/p>\n\t\t<\/div>\n\t\t\t\t\t<div class=\"elementor-post__read-more-wrapper\">\n\t\t\n\t\t<a class=\"elementor-post__read-more\" href=\"https:\/\/dentistry.com\/es_us\/guides\/tooth-extraction\/\" aria-label=\"Read more about Tooth Extraction\" tabindex=\"-1\" >\n\t\t\tSeguir leyendo\t\t<\/a>\n\n\t\t\t\t\t<\/div>\n\t\t\t\t<\/div>\n\t\t\t\t\t<\/div>\n\t\t<\/article>\n\t\t\t\t<\/div>\n\t\t\n\t\t\t\t\t\t<\/div>\n\t\t\t\t<\/div>\n\t\t\t\t\t<\/div>\n\t\t\t\t<\/div>\n\t\t<div class=\"elementor-element elementor-element-e938080 e-con-full e-flex e-con e-parent\" data-id=\"e938080\" data-element_type=\"container\">\n\t\t<div class=\"elementor-element elementor-element-d24411c e-con-full e-flex e-con e-child\" data-id=\"d24411c\" data-element_type=\"container\" data-settings=\"{&quot;background_background&quot;:&quot;classic&quot;}\">\n\t\t<div class=\"elementor-element elementor-element-86f2c11 e-con-full e-flex e-con e-child\" data-id=\"86f2c11\" data-element_type=\"container\">\n\t\t<div class=\"elementor-element elementor-element-e8a69f7 e-con-full e-flex e-con e-child\" data-id=\"e8a69f7\" data-element_type=\"container\" data-settings=\"{&quot;background_background&quot;:&quot;gradient&quot;}\">\n\t\t<div class=\"elementor-element elementor-element-5466d87 e-flex e-con-boxed e-con e-child\" data-id=\"5466d87\" data-element_type=\"container\">\n\t\t\t\t\t<div class=\"e-con-inner\">\n\t\t\t\t<div class=\"elementor-element elementor-element-c1a388f elementor-widget elementor-widget-heading\" data-id=\"c1a388f\" data-element_type=\"widget\" data-widget_type=\"heading.default\">\n\t\t\t\t\t<h2 class=\"elementor-heading-title elementor-size-default\">\u00bfBusca un dentista cerca de usted?<\/h2>\t\t\t\t<\/div>\n\t\t\t\t<div class=\"elementor-element elementor-element-ff535cd elementor-widget elementor-widget-text-editor\" data-id=\"ff535cd\" data-element_type=\"widget\" data-widget_type=\"text-editor.default\">\n\t\t\t\t\t\t\t\t\t<p>Le ayudaremos a encontrar el dentista adecuado, donde y cuando lo necesite.<\/p>\t\t\t\t\t\t\t\t<\/div>\n\t\t\t\t<div class=\"elementor-element elementor-element-4bb349b cta-guide-main elementor-widget elementor-widget-html\" data-id=\"4bb349b\" data-element_type=\"widget\" data-widget_type=\"html.default\">\n\t\t\t\t\t    <div class=\"zip-search-widget\" id=\"zipSearchWidget_1\">\n        <form class=\"zip-search-form\" id=\"zipSearchForm_1\" action=\"\">\n            <div class=\"search-input-container\">\n                <input \n                    type=\"text\" \n                    id=\"zipSearchWidgetInput_1\" \n                    name=\"zip_code\" \n                    placeholder=\"Introduzca el c\u00f3digo postal\" \n                    class=\"zip-input\"\n                    maxlength=\"10\"\n                    pattern=\"[0-9]{5}(-[0-9]{4})?\"\n                    title=\"Introduzca un c\u00f3digo postal v\u00e1lido\"\n                >\n                <button type=\"submit\" class=\"search-btn\">\n                    Buscar en                <\/button>\n            <\/div>\n        <input type=\"hidden\" name=\"trp-form-language\" value=\"es_us\"\/><\/form>\n    <\/div>\n    \t\t\t\t<\/div>\n\t\t\t\t\t<\/div>\n\t\t\t\t<\/div>\n\t\t\t\t<\/div>\n\t\t\t\t<\/div>\n\t\t\t\t<\/div>\n\t\t\t\t<\/div>\n\t\t\t\t<\/div>","protected":false},"excerpt":{"rendered":"<p>Dentistry.com Guides Find clear, reliable information on common dental problems and procedures. From understanding tooth infections and severe toothaches to managing tooth pain, we&#8217;ve got you covered. Looking for a Dentist Near You? We\u2019ll help you find the right dentist, where and when you need one.<\/p>","protected":false},"author":1,"featured_media":0,"parent":0,"menu_order":0,"comment_status":"closed","ping_status":"closed","template":"","meta":{"_acf_changed":false,"_monsterinsights_skip_tracking":false,"_monsterinsights_sitenote_active":false,"_monsterinsights_sitenote_note":"","_monsterinsights_sitenote_category":0,"footnotes":""},"class_list":["post-34169","page","type-page","status-publish","hentry"],"acf":[],"aioseo_notices":[],"_links":{"self":[{"href":"https:\/\/dentistry.com\/es_us\/wp-json\/wp\/v2\/pages\/34169","targetHints":{"allow":["GET"]}}],"collection":[{"href":"https:\/\/dentistry.com\/es_us\/wp-json\/wp\/v2\/pages"}],"about":[{"href":"https:\/\/dentistry.com\/es_us\/wp-json\/wp\/v2\/types\/page"}],"author":[{"embeddable":true,"href":"https:\/\/dentistry.com\/es_us\/wp-json\/wp\/v2\/users\/1"}],"replies":[{"embeddable":true,"href":"https:\/\/dentistry.com\/es_us\/wp-json\/wp\/v2\/comments?post=34169"}],"version-history":[{"count":0,"href":"https:\/\/dentistry.com\/es_us\/wp-json\/wp\/v2\/pages\/34169\/revisions"}],"wp:attachment":[{"href":"https:\/\/dentistry.com\/es_us\/wp-json\/wp\/v2\/media?parent=34169"}],"curies":[{"name":"wp","href":"https:\/\/api.w.org\/{rel}","templated":true}]}}