{"id":34611,"date":"2025-10-22T09:29:22","date_gmt":"2025-10-22T09:29:22","guid":{"rendered":"https:\/\/dentistrystag.wpenginepowered.com\/?page_id=34611"},"modified":"2025-10-23T17:15:38","modified_gmt":"2025-10-23T17:15:38","slug":"terms-of-use","status":"publish","type":"page","link":"https:\/\/dentistry.com\/es_us\/terms-of-use\/","title":{"rendered":"Condiciones de uso"},"content":{"rendered":"<div data-elementor-type=\"wp-page\" data-elementor-id=\"34611\" class=\"elementor elementor-34611\" data-elementor-post-type=\"page\">\n\t\t\t\t<div class=\"elementor-element elementor-element-f630fdb e-con-full e-flex e-con e-parent\" data-id=\"f630fdb\" data-element_type=\"container\">\n\t\t<div class=\"elementor-element elementor-element-0b827f3 e-flex e-con-boxed e-con e-child\" data-id=\"0b827f3\" data-element_type=\"container\">\n\t\t\t\t\t<div class=\"e-con-inner\">\n\t\t\t\t<div class=\"elementor-element elementor-element-cf28346 elementor-widget elementor-widget-heading\" data-id=\"cf28346\" data-element_type=\"widget\" data-widget_type=\"heading.default\">\n\t\t\t\t\t<h2 class=\"elementor-heading-title elementor-size-default\">Futuredontics, LLC (\"Futuredontics\") Condiciones de uso\n<\/h2>\t\t\t\t<\/div>\n\t\t\t\t<div class=\"elementor-element elementor-element-dfae78b terms-of-use-content elementor-widget elementor-widget-text-editor\" data-id=\"dfae78b\" data-element_type=\"widget\" data-widget_type=\"text-editor.default\">\n\t\t\t\t\t\t\t\t\t<p><span style=\"font-weight: 400;\">Estos t\u00e9rminos de uso (\u201cacuerdo\u201d) gobiernan su uso de este sitio y de todos los otros Web site pose\u00eddos y controlados por Futuredontics incluyendo, m\u00e1s notablemente, 1800Dentist.com, Dentistry.com, nationaldentalreviews.org dentalreferral.com, patientactivator.com, webdirector.com, y 18dreputationmonitor.com.<\/span><\/p><p><span style=\"font-weight: 400;\">Al acceder o utilizar este Sitio, usted acepta estas Condiciones de uso. Si no est\u00e1 de acuerdo con estas Condiciones de uso, su \u00fanico recurso es no utilizar este Sitio.<\/span><\/p><p><b>Licencia.<\/b><span style=\"font-weight: 400;\"><br \/>Futuredontics le concede el permiso no exclusivo para ver este Sitio, siempre que est\u00e9 de acuerdo y acepte sin modificaciones los avisos, y los t\u00e9rminos y condiciones establecidos en este Acuerdo.<\/span><\/p><p><b>Uso del sitio.<\/b><span style=\"font-weight: 400;\"><br \/>El contenido de este sitio es meramente informativo y no constituye asesoramiento jur\u00eddico, m\u00e9dico, contable, fiscal o profesional de ning\u00fan tipo. La informaci\u00f3n proporcionada tiene \u00fanicamente fines informativos generales y no debe tomarse como consejo m\u00e9dico u odontol\u00f3gico ni como informaci\u00f3n sobre tratamientos. Aunque Futuredontics puede citar ciertos procedimientos m\u00e9dicos y\/o dentales, perspectivas y\/o productos, Futuredontics no los recomienda ni los avala en ning\u00fan caso. La confianza depositada en dicha informaci\u00f3n de este Sitio corre por cuenta y riesgo del usuario.<\/span><\/p><p><b>Acceso al Sitio.<br \/><\/b><\/p><p><span style=\"font-weight: 400;\">Futuredontics tiene derecho a supervisar y controlar el acceso, las horas de uso, las caracter\u00edsticas, el contenido y todos los dem\u00e1s aspectos del Sitio. Futuredontics se reserva el derecho a cambiar, suspender o interrumpir la totalidad o parte de este Sitio en cualquier momento a su entera discreci\u00f3n a cualquier persona o usuario sin previo aviso ni responsabilidad. El Sitio puede dejar de estar disponible debido al mantenimiento o mal funcionamiento del equipo inform\u00e1tico o por otros motivos. Usted es el \u00fanico responsable de proporcionar el equipo relacionado con el acceso al Sitio, incluidos todos los equipos inform\u00e1ticos, de comunicaciones remotas, telef\u00f3nicos o de otro tipo.<\/span><\/p><p><b>Propiedad intelectual.<\/b><\/p><p>Este Sitio y toda la informaci\u00f3n que contiene, o que pueda contener en el futuro, incluidos, entre otros, art\u00edculos, memorandos, boletines, informes, comunicados de prensa, opiniones, textos, directorios, gu\u00edas, fotograf\u00edas, ilustraciones, marcas comerciales, nombres comerciales, marcas de servicio y logotipos (colectivamente, el \u201cContenido\u201d), es propiedad de Futuredontics o de terceros proveedores de contenido, seg\u00fan corresponda, y est\u00e1 protegido contra la copia y difusi\u00f3n no autorizadas por la legislaci\u00f3n estadounidense sobre derechos de autor, marcas comerciales, convenciones internacionales y otras leyes de propiedad intelectual. Queda prohibido modificar, copiar, distribuir, transmitir, mostrar, ejecutar, reproducir, publicar, conceder licencias, crear trabajos derivados, transferir o vender cualquier informaci\u00f3n, material, software, productos o servicios de este Sitio. Nada de lo contenido en este Sitio debe interpretarse como una concesi\u00f3n, por implicaci\u00f3n, impedimento o de otro modo, de cualquier licencia o derecho a utilizar este Sitio o cualquier Contenido mostrado en este Sitio, mediante el uso de marcos o de otro modo, sin el permiso previo por escrito de Futuredontics o de cualquier tercero que pueda ser propietario de la marca comercial o del copyright del Contenido mostrado en este Sitio. El Sitio y su Contenido no se utilizar\u00e1n para ning\u00fan fin salvo lo dispuesto en el presente Acuerdo. Usted acepta que el uso que haga de este Sitio no infringir\u00e1 los derechos de terceros, incluidos los derechos de autor, marca registrada, patente, privacidad u otros derechos personales o de propiedad.<\/p><p><b>Comentarios.<\/b><span style=\"font-weight: 400;\"><br \/>Cualquier informaci\u00f3n o comentario que env\u00ede a Futuredontics en relaci\u00f3n con este Sitio es propiedad de Futuredontics.<\/span><\/p><p><b>Exclusi\u00f3n de garant\u00edas.<\/b><span style=\"font-weight: 400;\"><br \/>Usted reconoce y acepta que este Sitio se proporciona \u201ctal cual\u201d y \u201cseg\u00fan disponibilidad\u201d. Futuredontics no garantiza (i) la exactitud, integridad, rendimiento, seguridad, puntualidad, fiabilidad, idoneidad o utilidad de cualquier parte del Sitio; (ii) cualquier informaci\u00f3n, asesoramiento, servicios o bienes anunciados u obtenidos de otro modo para su compra en nuestro Sitio, as\u00ed como cualquier informaci\u00f3n o asesoramiento recibido a trav\u00e9s de cualquier enlace a otros sitios web o recursos proporcionados a trav\u00e9s de nuestro Sitio; (iii) que el Sitio est\u00e9 libre de errores o no sufra interrupciones; (iv) cualquier material o dato obtenido mediante el uso de nuestro Sitio; o (v) los tratos con o como resultado de la presencia de terceros en o a trav\u00e9s de nuestro Sitio, seg\u00fan proceda.<\/span><\/p><p><span style=\"font-weight: 400;\">Usted acepta expresamente que todo el riesgo en relaci\u00f3n con su uso de este Sitio es asumido exclusivamente por usted. Futuredontics no tendr\u00e1 ninguna obligaci\u00f3n o responsabilidad por su acci\u00f3n o inacci\u00f3n en relaci\u00f3n con este Sitio o por cualquier da\u00f1o a su ordenador o datos o cualquier otro da\u00f1o que pueda ocurrir en relaci\u00f3n con este Sitio. En la m\u00e1xima medida permitida por la ley aplicable, Futuredontics renuncia espec\u00edficamente a todas y cada una de las representaciones, avales, garant\u00edas y garant\u00edas, ya sean expresas o impl\u00edcitas o estatutarias, en relaci\u00f3n con este Acuerdo o de otro modo con respecto a este Sitio y su Contenido, incluyendo, sin limitaci\u00f3n, las garant\u00edas impl\u00edcitas de comerciabilidad e idoneidad para un prop\u00f3sito particular, t\u00edtulo y no infracci\u00f3n de derechos de terceros. Cualquier derecho que no pueda ser denegado por ley ser\u00e1 limitado al m\u00e1ximo permitido por dicha ley.<\/span><\/p><p><b>Limitaci\u00f3n de responsabilidad.<\/b><\/p><p><span style=\"font-weight: 400;\">Bajo ninguna circunstancia Futuredontics ser\u00e1 responsable de cualquier p\u00e9rdida o da\u00f1o causado por su confianza en la informaci\u00f3n obtenida a trav\u00e9s de este Sitio. Salvo en la medida en que sea contrario a la ley aplicable, en ning\u00fan caso Futuredontics o sus propietarios, afiliados, directivos o empleados (colectivamente \u201dFuturedontics\u201d a los efectos de toda esta Secci\u00f3n) ser\u00e1n responsables de ning\u00fan da\u00f1o directo, indirecto, punitivo, incidental, especial o consecuente que surja de o en relaci\u00f3n con este Acuerdo, el Sitio o su uso del Sitio, independientemente de c\u00f3mo se produzca, ya sea basado en garant\u00eda, contrato, agravio o cualquier otra teor\u00eda legal, incluso si se advierte de la posibilidad de tales da\u00f1os. Usted renuncia y renuncia a todos los derechos y beneficios en relaci\u00f3n con cualquier reclamaci\u00f3n desconocida en el momento de cualquier compromiso que tenga o pueda tener en virtud de la legislaci\u00f3n aplicable de cualquier jurisdicci\u00f3n en la m\u00e1xima medida permitida por la ley. La responsabilidad de Futuredontics est\u00e1 limitada al m\u00e1ximo permitido por la ley. Su \u00fanico recurso en caso de insatisfacci\u00f3n con este Sitio y su Contenido es dejar de utilizar el Sitio.<\/span><\/p><p><span style=\"font-weight: 400;\">Usted acepta que, independientemente de cualquier estatuto o ley que disponga lo contrario, cualquier reclamaci\u00f3n o acci\u00f3n que surja de o en relaci\u00f3n con este Acuerdo o el Sitio, o con respecto a su uso del Sitio o este Acuerdo, debe ser presentada dentro de un (1) a\u00f1o despu\u00e9s de que dicha reclamaci\u00f3n o causa de acci\u00f3n surgi\u00f3 o prescribir\u00e1 para siempre.<\/span><\/p><p><b>Respuesta a solicitudes en l\u00ednea.<\/b><span style=\"font-weight: 400;\"><br \/>De vez en cuando, Futuredontics puede ofrecer informaci\u00f3n o materiales por correo electr\u00f3nico o de otro modo a las personas interesadas. Futuredontics se reserva el derecho, a su entera discreci\u00f3n, de rechazar cualquier solicitud de dicha informaci\u00f3n o materiales, o de interrumpir el suministro de dicha informaci\u00f3n o materiales a cualquier persona, por cualquier motivo.<\/span><\/p><p><b>Enlaces a otros sitios.<\/b><span style=\"font-weight: 400;\"><br \/>Este Sitio puede contener enlaces a sitios de terceros. Futuredontics no controla dichos sitios y no es responsable de los contenidos de los mismos. La inclusi\u00f3n de cualquier enlace en este Sitio no implica la aprobaci\u00f3n por parte de Futuredontics del sitio enlazado ni de su contenido. Dichos sitios de terceros pueden tener sus propios t\u00e9rminos y pol\u00edticas, y el uso que usted haga de ellos se regir\u00e1 por dichos t\u00e9rminos y pol\u00edticas.<\/span><\/p><p><span style=\"font-weight: 400;\">Declaraci\u00f3n de confidencialidad. Futuredontics\u2019 <\/span><span style=\"font-weight: 400;\">Pol\u00edtica de privacidad<\/span><span style=\"font-weight: 400;\"> se incorpora a este Acuerdo para informar a los usuarios del Sitio de las pol\u00edticas y pr\u00e1cticas de Futuredontics en relaci\u00f3n con la privacidad del usuario.<\/span><\/p><p><b>Derechos de privacidad en California.<\/b><span style=\"font-weight: 400;\"><br \/>Si reside en California, consulte sus derechos en relaci\u00f3n con la recopilaci\u00f3n de su informaci\u00f3n personal tal y como se describe en el Aviso de derechos de privacidad para residentes en California de Futuredontics,<\/span><\/p><p><b>Conducta prohibida.<\/b><span style=\"font-weight: 400;\"><br \/>Usted se compromete a no utilizar el Sitio para: (i) recopilar informaci\u00f3n sobre otros usuarios; (ii) transmitir, instalar, cargar o transferir de cualquier otro modo cualquier virus u otro elemento o proceso al Sitio que afecte de alg\u00fan modo al uso, disfrute o servicio del Sitio o de cualquier otro medio utilizado para acceder al Sitio; (iii) publicar cualquier material en el Sitio que sea ofensivo para cualquier otra persona, sin perjuicio de que Futuredontics mantenga el derecho exclusivo a determinar qu\u00e9 es ofensivo; (iv) publicar o almacenar en el Sitio cualquier contenido que viole o infrinja la propiedad intelectual u otros derechos de terceros (incluidos, entre otros, derechos de autor, marcas comerciales, secretos comerciales, patentes, derechos de privacidad y publicidad); (v) modificar la informaci\u00f3n del Sitio; (vi) transmitir, instalar, cargar o transferir de cualquier otro modo al Sitio cualquier anuncio o comunicaci\u00f3n no autorizados; (vii) realizar cualquier acci\u00f3n que Futuredontics determine que es perjudicial para el uso y disfrute del Sitio; (viii) perseguir cualquier medio ilegal o difamatorio; o (ix) transmitir, instalar, cargar, publicar o transferir de cualquier otro modo cualquier informaci\u00f3n que infrinja cualquier ley local, estatal, nacional o internacional o cualquier informaci\u00f3n que pueda provocar disturbios civiles.<\/span><\/p><p><b>Conformidad.<\/b><span style=\"font-weight: 400;\"><br \/>Usted deber\u00e1 cumplir todas las leyes, normas y reglamentos vigentes o promulgados en lo sucesivo por cualquier autoridad o agencia gubernamental que rijan o se apliquen al funcionamiento y uso del Sitio. Sin limitar la generalidad de lo anterior, usted acepta expresamente cumplir las leyes de control de exportaciones de los Estados Unidos y de su jurisdicci\u00f3n local. Asimismo, usted declara y garantiza que no se encuentra en un pa\u00eds sujeto a embargo por el gobierno de Estados Unidos o que haya sido designado por el gobierno de Estados Unidos como pa\u00eds \u201cde apoyo al terrorismo\u201d, y que no figura en ninguna lista de partes prohibidas o restringidas del gobierno de Estados Unidos.<\/span><\/p><p><span style=\"font-weight: 400;\">Futuredontics no garantiza que el Sitio o su Contenido sean apropiados o est\u00e9n disponibles para su uso en una jurisdicci\u00f3n determinada. Se le proh\u00edbe cualquier uso del Sitio que sea ilegal, d\u00e9 lugar a responsabilidad o infrinja de otro modo cualquier ley o normativa local, estatal, nacional o internacional aplicable o los t\u00e9rminos de este Acuerdo. Cualquier uso que contravenga esta disposici\u00f3n o cualquiera de las disposiciones del presente Acuerdo ser\u00e1 por su cuenta y riesgo y, si alguna parte de este acuerdo es inv\u00e1lida o inaplicable en virtud de la legislaci\u00f3n aplicable, la disposici\u00f3n inv\u00e1lida o inaplicable se considerar\u00e1 sustituida por una disposici\u00f3n v\u00e1lida y aplicable que se acerque lo m\u00e1s posible a la intenci\u00f3n de la disposici\u00f3n original y el resto del presente Acuerdo regir\u00e1 dicho uso.<\/span><\/p><p><b>Seguridad.<\/b><span style=\"font-weight: 400;\"><br \/>Est\u00e1 prohibido violar o intentar violar la seguridad del Sitio y su Contenido. Futuredontics investigar\u00e1 las posibles infracciones y cooperar\u00e1 con todas las autoridades competentes en la persecuci\u00f3n de los infractores. Nada de lo contenido en este Acuerdo deroga la obligaci\u00f3n de Futuredontics de cumplir con las solicitudes de aplicaci\u00f3n de la ley.<\/span><\/p><p><b>Indemnizaci\u00f3n.<\/b><span style=\"font-weight: 400;\"><br \/>En la mayor medida permitida por la ley, deber\u00e1 indemnizar, defender y eximir de responsabilidad a Futuredontics y a sus propietarios, afiliados, subsidiarias y empleados por cualquier reclamaci\u00f3n, p\u00e9rdida, responsabilidad y gasto (incluidos los honorarios de los abogados) derivados de su uso del Sitio o de su infracci\u00f3n supuesta o real de este Acuerdo.<\/span><\/p><p><b>Asignaci\u00f3n.<\/b><span style=\"font-weight: 400;\"><br \/>Este Acuerdo no es asignable, transferible o sublicenciable por usted, pero puede ser asignado o transferido por Futuredontics a nuestra empresa matriz o a cualquier filial o subsidiaria, o en relaci\u00f3n con una fusi\u00f3n, adquisici\u00f3n, reorganizaci\u00f3n corporativa, venta de todos o sustancialmente todos los activos de Futuredontics, o transacci\u00f3n similar.<\/span><\/p><p><b>No hay empresa conjunta.<\/b><span style=\"font-weight: 400;\"><br \/>Usted acepta que no existe ninguna empresa conjunta, asociaci\u00f3n o agencia entre usted y Futuredontics como resultado de este Acuerdo o de su uso de este Sitio.<\/span><\/p><p><b>Fuerza mayor.<\/b><span style=\"font-weight: 400;\"><br \/>En ning\u00fan caso Futuredontics tendr\u00e1 ninguna obligaci\u00f3n o responsabilidad en relaci\u00f3n con un evento m\u00e1s all\u00e1 de su control razonable, incluyendo, pero no limitado a fallos de equipos electr\u00f3nicos o mec\u00e1nicos o l\u00edneas de comunicaci\u00f3n, tel\u00e9fono u otros problemas de interconexi\u00f3n, virus inform\u00e1ticos, acceso no autorizado, robo, errores del operador, mal tiempo, terremotos, desastres naturales, pandemias, huelgas u otros problemas laborales, guerras, actividades terroristas o restricciones gubernamentales.<\/span><\/p><p><b>Ley aplicable y jurisdicci\u00f3n.<\/b><\/p><p><span style=\"font-weight: 400;\">El presente Acuerdo se regir\u00e1 e interpretar\u00e1 en<\/span><strong> de acuerdo<\/strong><span style=\"font-weight: 400;\"> con las leyes del Estado de California, excepto en lo que se refiere a sus conflictos o elecci\u00f3n de normas legales. Por la presente, usted acepta la jurisdicci\u00f3n y competencia exclusivas de los tribunales federales y estatales, tribunales, agencias y otras organizaciones de resoluci\u00f3n de disputas ubicadas en California, EE.UU., en todas las disputas que surjan de, est\u00e9n relacionadas con, o de cualquier manera concernientes a este Sitio y\/o este Acuerdo. El uso de este Sitio no est\u00e1 autorizado en ninguna jurisdicci\u00f3n que no d\u00e9 pleno efecto a todas las disposiciones de este Acuerdo, incluyendo, sin limitaci\u00f3n, este p\u00e1rrafo y las renuncias de garant\u00eda y exclusiones de responsabilidad en este documento.<\/span><\/p><p><b>Acuerdo completo y renuncia.<\/b><span style=\"font-weight: 400;\"><br \/>Futuredontics se reserva todos los derechos no concedidos expresamente en el presente documento. Este Acuerdo contiene el acuerdo completo relativo a su uso de este Sitio y su objeto y sustituye a todos los acuerdos existentes entre Futuredontics y usted relativos al Sitio, ya sean orales o escritos. Ni el curso o conducta entre Futuredontics y usted ni la pr\u00e1ctica comercial actuar\u00e1n para modificar ninguna disposici\u00f3n de este Acuerdo. Ninguna modificaci\u00f3n de este Acuerdo ser\u00e1 efectiva a menos que sea autorizada por un representante autorizado de Futuredontics. Cualquier renuncia alegada por Futuredontics de cualquier violaci\u00f3n de este acuerdo por usted no ser\u00e1 juzgada para ser una renuncia de ninguna violaci\u00f3n futura.\u00a0<\/span><\/p><p><b>Cambios.<\/b><span style=\"font-weight: 400;\"><br \/>Futuredontics puede modificar este Acuerdo a su entera discreci\u00f3n y para mantenerlo actualizado con la ley aplicable y los est\u00e1ndares de la industria. Debe comprobar peri\u00f3dicamente si se han producido cambios en estas Condiciones de uso. Cuando Futuredontics realice cambios en estas Condiciones de uso, Futuredontics publicar\u00e1 la fecha de la \u00faltima actualizaci\u00f3n. El uso de este Sitio en cualquier momento indica la aceptaci\u00f3n de nuestras Condiciones de uso actuales.<\/span><\/p><p><b>Aviso\/Contacto.<\/b><span style=\"font-weight: 400;\"><br \/>Salvo que la ley lo exija expresamente, cualquier pregunta y\/o notificaci\u00f3n en relaci\u00f3n con el Acuerdo deber\u00e1 enviarse por correo electr\u00f3nico a privacy@futuredontics.com o por correo postal a:<\/span><\/p><p><span style=\"font-weight: 400;\">Futuredontics, LLC<br \/><\/span><span style=\"font-weight: 400;\">Attn: Departamento Jur\u00eddico<br \/><\/span><span style=\"font-weight: 400;\">25 SE 2<\/span><span style=\"font-weight: 400;\">nd<\/span><span style=\"font-weight: 400;\"> Ave Ste 550 PMB 300<br \/><\/span><span style=\"font-weight: 400;\">Miami, FL 33131<br \/><\/span><span style=\"font-weight: 400;\">EE.UU.<\/span><\/p><p><span style=\"font-weight: 400;\">\u00a0<\/span><\/p><p><span style=\"font-weight: 400;\">Este documento se actualiz\u00f3 por \u00faltima vez el 27 de agosto de 2025.<br \/><\/span><span style=\"font-weight: 400;\">2025 Futuredontics, LLC Todos los derechos reservados.<\/span><\/p>\t\t\t\t\t\t\t\t<\/div>\n\t\t\t\t\t<\/div>\n\t\t\t\t<\/div>\n\t\t\t\t<\/div>\n\t\t\t\t<\/div>","protected":false},"excerpt":{"rendered":"<p>Futuredontics, LLC (&#8220;Futuredontics&#8221;) Terms of Use These Terms of Use (\u201cAgreement\u201d) govern your use of this Site and all other websites owned and controlled by Futuredontics including, most notably, 1800Dentist.com, Dentistry.com, nationaldentalreviews.org dentalreferral.com, patientactivator.com, webdirector.com, and 18dreputationmonitor.com. By accessing or using this Site, you agree to these Terms of Use. If you do not agree [&hellip;]<\/p>","protected":false},"author":1,"featured_media":0,"parent":0,"menu_order":0,"comment_status":"closed","ping_status":"closed","template":"","meta":{"_acf_changed":false,"_monsterinsights_skip_tracking":false,"_monsterinsights_sitenote_active":false,"_monsterinsights_sitenote_note":"","_monsterinsights_sitenote_category":0,"footnotes":""},"class_list":["post-34611","page","type-page","status-publish","hentry"],"acf":[],"aioseo_notices":[],"_links":{"self":[{"href":"https:\/\/dentistry.com\/es_us\/wp-json\/wp\/v2\/pages\/34611","targetHints":{"allow":["GET"]}}],"collection":[{"href":"https:\/\/dentistry.com\/es_us\/wp-json\/wp\/v2\/pages"}],"about":[{"href":"https:\/\/dentistry.com\/es_us\/wp-json\/wp\/v2\/types\/page"}],"author":[{"embeddable":true,"href":"https:\/\/dentistry.com\/es_us\/wp-json\/wp\/v2\/users\/1"}],"replies":[{"embeddable":true,"href":"https:\/\/dentistry.com\/es_us\/wp-json\/wp\/v2\/comments?post=34611"}],"version-history":[{"count":0,"href":"https:\/\/dentistry.com\/es_us\/wp-json\/wp\/v2\/pages\/34611\/revisions"}],"wp:attachment":[{"href":"https:\/\/dentistry.com\/es_us\/wp-json\/wp\/v2\/media?parent=34611"}],"curies":[{"name":"wp","href":"https:\/\/api.w.org\/{rel}","templated":true}]}}