{"id":34744,"date":"2025-10-22T13:28:59","date_gmt":"2025-10-22T13:28:59","guid":{"rendered":"https:\/\/dentistrystag.wpenginepowered.com\/?page_id=34744"},"modified":"2025-10-22T16:15:47","modified_gmt":"2025-10-22T16:15:47","slug":"privacy-policy-2","status":"publish","type":"page","link":"https:\/\/dentistry.com\/es_us\/privacy-policy\/","title":{"rendered":"Pol\u00edtica de privacidad"},"content":{"rendered":"<div data-elementor-type=\"wp-page\" data-elementor-id=\"34744\" class=\"elementor elementor-34744\" data-elementor-post-type=\"page\">\n\t\t\t\t<div class=\"elementor-element elementor-element-f630fdb e-con-full e-flex e-con e-parent\" data-id=\"f630fdb\" data-element_type=\"container\">\n\t\t<div class=\"elementor-element elementor-element-0b827f3 e-flex e-con-boxed e-con e-child\" data-id=\"0b827f3\" data-element_type=\"container\">\n\t\t\t\t\t<div class=\"e-con-inner\">\n\t\t\t\t<div class=\"elementor-element elementor-element-cf28346 elementor-widget elementor-widget-heading\" data-id=\"cf28346\" data-element_type=\"widget\" data-widget_type=\"heading.default\">\n\t\t\t\t\t<h2 class=\"elementor-heading-title elementor-size-default\">Pol\u00edtica de privacidad de Futuredontics, LLC (\"Futuredontics\")\n<\/h2>\t\t\t\t<\/div>\n\t\t\t\t<div class=\"elementor-element elementor-element-dfae78b terms-of-use-content elementor-widget elementor-widget-text-editor\" data-id=\"dfae78b\" data-element_type=\"widget\" data-widget_type=\"text-editor.default\">\n\t\t\t\t\t\t\t\t\t<p><span style=\"font-weight: 400;\">Esta pol\u00edtica de privacidad rige la forma en que Futuredontics recopila, utiliza, comparte, mantiene, protege y divulga la informaci\u00f3n personal recogida de usted y sobre usted. Explica qu\u00e9 informaci\u00f3n recoge Futuredontics, cu\u00e1ndo y c\u00f3mo Futuredontics puede utilizar esa informaci\u00f3n, c\u00f3mo Futuredontics protege la informaci\u00f3n, las opciones que tiene con respecto a su informaci\u00f3n personal y c\u00f3mo puede ponerse en contacto con Futuredontics si tiene alguna pregunta o inquietud.\u00a0<\/span><\/p><p><span style=\"font-weight: 400;\">Futuredontics recopila informaci\u00f3n personal de diversas formas, sobre todo a trav\u00e9s de su centro de llamadas 1-800-Dentist y su cartera de sitios web, entre los que destacan Futuredontics.com, 1800Dentist.com, Dentistry.com, nationaldentalreviews.org dentalreferral.com, patientactivator.com, webdirector.com y 18dreputationmonitor.com.<\/span><\/p><p><span style=\"font-weight: 400;\">Usted acepta esta Pol\u00edtica de Privacidad mediante el uso de cualquier servicio de Futuredontics y cualquier otro tipo de interacci\u00f3n con el negocio de Futuredontics.<\/span><\/p><p><b>I. Informaci\u00f3n que facilita a Futuredontics<\/b><\/p><p><span style=\"font-weight: 400;\">El tipo de informaci\u00f3n que Futuredontics recopila depende del uso que usted haga del sitio web de Futuredontics, de la forma en que interact\u00fae con Futuredontics y su negocio y de la informaci\u00f3n que decida proporcionar a Futuredontics.<\/span><\/p><ul><li style=\"font-weight: 400;\" aria-level=\"1\"><span style=\"font-weight: 400;\">Puede enviar datos a Futuredontics para que Futuredontics pueda responder a su solicitud de informaci\u00f3n y proporcionarle acceso a los servicios. Los datos que Futuredontics recopila a este respecto pueden incluir informaci\u00f3n personal como datos de contacto (es decir, su nombre, direcci\u00f3n, n\u00famero de tel\u00e9fono y direcci\u00f3n de correo electr\u00f3nico) e informaci\u00f3n relacionada con su solicitud de servicio. La informaci\u00f3n que facilite en relaci\u00f3n con las solicitudes de servicio odontol\u00f3gico puede incluir datos personales sensibles como el proveedor del seguro dental, la necesidad odontol\u00f3gica, fotos de dientes y enc\u00edas, aspectos del historial m\u00e9dico\/sanitario y datos de la tarjeta de cr\u00e9dito.<\/span><\/li><li style=\"font-weight: 400;\" aria-level=\"1\"><span style=\"font-weight: 400;\">Futuredontics recopila informaci\u00f3n previa a la contrataci\u00f3n (incluida informaci\u00f3n personal como nombre, direcci\u00f3n de correo electr\u00f3nico, n\u00famero de tel\u00e9fono y curr\u00edculum vitae) en relaci\u00f3n con las oportunidades de empleo que pueda solicitar, as\u00ed como informaci\u00f3n de empleo (incluida informaci\u00f3n personal relacionada con la autorizaci\u00f3n de empleo, identificaci\u00f3n fiscal, prestaciones y n\u00f3minas) en relaci\u00f3n con sus empleados y contratistas.<\/span><\/li><\/ul><p><b>II. Recogida automatizada de informaci\u00f3n a trav\u00e9s de la actividad web de Futuredontics<\/b><\/p><p><span style=\"font-weight: 400;\">Durante su visita a los sitios web de Futuredontics, Futuredontics rastrea autom\u00e1ticamente cierta informaci\u00f3n sobre usted, incluyendo, entre otros, las URL a las que ha accedido inmediatamente antes e inmediatamente despu\u00e9s de visitar un sitio web de Futuredontics, el navegador y la direcci\u00f3n IP.<\/span><\/p><p><b>III. Futuredontics Recogida de informaci\u00f3n de otras fuentes<\/b><\/p><p><span style=\"font-weight: 400;\">Futuredontics puede obtener informaci\u00f3n sobre usted de:<\/span><\/p><ul><li style=\"font-weight: 400;\" aria-level=\"1\"><span style=\"font-weight: 400;\">filiales actuales o futuras en relaci\u00f3n con actividades de fusi\u00f3n y adquisici\u00f3n;<\/span><\/li><li style=\"font-weight: 400;\" aria-level=\"1\"><span style=\"font-weight: 400;\">fuentes p\u00fablicas y\/o comerciales, incluidos, entre otros, editores, anunciantes o redes sociales de terceros; y\/o<\/span><\/li><li style=\"font-weight: 400;\" aria-level=\"1\"><span style=\"font-weight: 400;\">terceros con los que mantenemos relaciones comerciales (como nuestros proveedores de servicios dentales y\/o proveedores externos), incluso desde sus sistemas operativos y plataformas y de cualquier otra forma permitida por la ley o el acuerdo.<\/span><\/li><\/ul><p><b>IV. Uso de la informaci\u00f3n por Futuredontics<\/b><\/p><p><span style=\"font-weight: 400;\">Futuredontics puede utilizar su informaci\u00f3n para nuestros fines comerciales leg\u00edtimos, incluyendo, pero no limitado a:<\/span><\/p><ul><li style=\"font-weight: 400;\" aria-level=\"1\"><span style=\"font-weight: 400;\">Proporcionar servicios a consumidores y dentistas en asociaci\u00f3n con los acuerdos comerciales de Futuredontics. Por ejemplo, Futuredontics utiliza la informaci\u00f3n que usted proporciona a Futuredontics para identificar y presentar las mejores opciones dentro de nuestra red de terceros proveedores de servicios dentales para la prestaci\u00f3n de servicios dentales.<\/span><\/li><li style=\"font-weight: 400;\" aria-level=\"1\"><span style=\"font-weight: 400;\">Proporcionar, gestionar, mantener, administrar y mejorar los sitios web de Futuredontics, incluida la investigaci\u00f3n y el an\u00e1lisis en relaci\u00f3n con la supervisi\u00f3n y el an\u00e1lisis de tendencias, uso y actividades en relaci\u00f3n con dichos sitios web.<\/span><\/li><li style=\"font-weight: 400;\" aria-level=\"1\"><span style=\"font-weight: 400;\">Detectar, investigar y prevenir transacciones fraudulentas, abusos y otras actividades ilegales; proteger los derechos, la propiedad o la seguridad de Futuredontics y otros; exigir el cumplimiento de nuestra pol\u00edtica de condiciones de uso; y cumplir la legislaci\u00f3n aplicable (incluida la verificaci\u00f3n de su identidad) y las solicitudes gubernamentales.<\/span><\/li><li style=\"font-weight: 400;\" aria-level=\"1\"><span style=\"font-weight: 400;\">Comunicarnos con usted acerca de Futuredontics y sus servicios (incluyendo comunicaciones de marketing, encuestas, sorteos, invitaciones a seminarios web y revisiones de servicios); responder a sus comentarios, preguntas y solicitudes; diligencia debida para oportunidades de fusi\u00f3n y adquisici\u00f3n; y para fines relacionados con el empleo en Futuredontics.<\/span><\/li><li style=\"font-weight: 400;\" aria-level=\"1\"><span style=\"font-weight: 400;\">Revisar las grabaciones de audio de las llamadas de atenci\u00f3n al cliente para garantizar la calidad del servicio.<\/span><\/li><li style=\"font-weight: 400;\" aria-level=\"1\"><span style=\"font-weight: 400;\">Realizar otras actividades comerciales seg\u00fan sea necesario o seg\u00fan se describa en otra parte de esta Pol\u00edtica, incluidos los fines que se le describan en el momento en que Futuredontics recopile la informaci\u00f3n.<\/span><\/li><\/ul><p><b>V. Intercambio de informaci\u00f3n en Futuredontics<\/b><\/p><p><span style=\"font-weight: 400;\">Futuredontics podr\u00e1 revelar informaci\u00f3n para fines comerciales leg\u00edtimos, entre los que se incluyen:<\/span><\/p><ul><li style=\"font-weight: 400;\" aria-level=\"1\"><span style=\"font-weight: 400;\">Terceros proveedores de servicios dentales y terceros vendedores que ayudan a Futuredontics a operar o mejorar nuestra p\u00e1gina web, ayudan con los procesos de negocio de Futuredontics y\/o apoyan de otra manera la provisi\u00f3n de los servicios de Futuredontics. Por ejemplo, Futuredontics presenta las mejores opciones dentro de nuestra red de proveedores de servicios dentales de terceros para proporcionarle servicios\/productos dentales. Dicha informaci\u00f3n personal se divulga a un proveedor de servicios dentales s\u00f3lo con su consentimiento con el fin de investigar la prestaci\u00f3n de servicios\/productos dentales.<\/span><\/li><li style=\"font-weight: 400;\" aria-level=\"1\"><span style=\"font-weight: 400;\">Una filial o entidad sucesora o, de otro modo, como parte de una transacci\u00f3n comercial corporativa u oportunidad de fusi\u00f3n y adquisici\u00f3n.<\/span><\/li><li style=\"font-weight: 400;\" aria-level=\"1\"><span style=\"font-weight: 400;\">Seg\u00fan proceda, para cumplir la ley; hacer cumplir o aplicar las condiciones de uso y los acuerdos comerciales aplicables; y proteger los derechos, la propiedad y la seguridad de Futuredontics y otros, incluida la prevenci\u00f3n de fraudes o abusos contra Futuredontics y otros.<\/span><\/li><li style=\"font-weight: 400;\" aria-level=\"1\"><span style=\"font-weight: 400;\">Cuando usted lo indique, lo solicite o d\u00e9 su consentimiento.<\/span><\/li><\/ul><p><span style=\"font-weight: 400;\">Futuredontics no vende su informaci\u00f3n personal a terceros ni comparte su informaci\u00f3n personal excepto en los casos descritos en esta Pol\u00edtica de Privacidad.<\/span><\/p><p><b>VI. Informaci\u00f3n no identificada<\/b><\/p><p><span style=\"font-weight: 400;\">Futuredontics puede:<\/span><\/p><ul><li style=\"font-weight: 400;\" aria-level=\"1\"><span style=\"font-weight: 400;\">recopilar informaci\u00f3n desidentificada, es decir, sin datos de identificaci\u00f3n personal, en el momento de la recopilaci\u00f3n; y<\/span><\/li><li style=\"font-weight: 400;\" aria-level=\"1\"><span style=\"font-weight: 400;\">aplicar peri\u00f3dicamente procesos de desidentificaci\u00f3n de la informaci\u00f3n que era personalmente identificable en el momento de su recogida.<\/span><\/li><\/ul><p><span style=\"font-weight: 400;\">El uso y divulgaci\u00f3n por parte de Futuredontics de dicha informaci\u00f3n desidentificada no est\u00e1 sujeto a ninguna restricci\u00f3n en virtud de esta Pol\u00edtica de Privacidad, y Futuredontics puede utilizarla sin restricciones para cualquier fin.<\/span><\/p><p><b>VII. Sus opciones<\/b><\/p><p><span style=\"font-weight: 400;\">Cuando Futuredontics haya recopilado y procesado su informaci\u00f3n personal con su consentimiento, puede retirar su consentimiento seg\u00fan lo dispuesto en esta Pol\u00edtica de Privacidad y en la medida permitida por la ley. La retirada de su consentimiento no afectar\u00e1 a la legalidad de cualquier procesamiento que Futuredontics haya realizado antes de su retirada, ni afectar\u00e1 al procesamiento de su informaci\u00f3n personal realizado sobre la base de motivos de procesamiento legales distintos del consentimiento.<\/span><\/p><p><span style=\"font-weight: 400;\">Futuredontics proporciona, dentro de cada comunicaci\u00f3n de marketing, la opci\u00f3n de excluirse de futuras comunicaciones de marketing.\u00a0<\/span><\/p><p><b>VIII. Derechos de datos<\/b><\/p><p><span style=\"font-weight: 400;\">Dependiendo de su jurisdicci\u00f3n y de lo que permita la ley, puede que se le concedan determinados derechos de privacidad, entre los que se incluyen:<\/span><\/p><ul><li style=\"font-weight: 400;\" aria-level=\"1\"><span style=\"font-weight: 400;\">Derecho de acceso: Puede tener derecho a solicitar y acceder a informaci\u00f3n sobre c\u00f3mo Futuredontics procesa la informaci\u00f3n personal relevante para su solicitud.<\/span><\/li><li style=\"font-weight: 400;\" aria-level=\"1\"><span style=\"font-weight: 400;\">Derecho a la portabilidad: Puede tener derecho a recibir la informaci\u00f3n personal pertinente a su solicitud, en un formato estructurado, de uso com\u00fan y lectura mec\u00e1nica, y a que dicha informaci\u00f3n se transmita a otro tercero en determinadas circunstancias.<\/span><\/li><li style=\"font-weight: 400;\" aria-level=\"1\"><span style=\"font-weight: 400;\">Derecho de rectificaci\u00f3n: Usted puede tener derecho a solicitar actualizaciones y\/o correcciones de inexactitudes dentro de la informaci\u00f3n personal pertinente a su solicitud.<\/span><\/li><li style=\"font-weight: 400;\" aria-level=\"1\"><span style=\"font-weight: 400;\">Derecho de supresi\u00f3n: Puede tener derecho a solicitar la supresi\u00f3n de la informaci\u00f3n personal pertinente a su solicitud en determinadas circunstancias.<\/span><\/li><li style=\"font-weight: 400;\" aria-level=\"1\"><span style=\"font-weight: 400;\">Derecho a restringir el tratamiento: Usted puede tener derecho a solicitar a Futuredontics que restrinja el tratamiento de la informaci\u00f3n personal pertinente a su solicitud en determinadas circunstancias - por ejemplo, si usted cree de buena fe que la informaci\u00f3n personal que Futuredontics procesa sobre usted es incorrecta o ilegal.<\/span><\/li><li style=\"font-weight: 400;\" aria-level=\"1\"><span style=\"font-weight: 400;\">Derecho de oposici\u00f3n: Puede tener derecho a oponerse y\/u optar por no participar en el tratamiento de la informaci\u00f3n personal pertinente a su solicitud en determinadas circunstancias o seg\u00fan se establezca de otro modo en la presente Pol\u00edtica de Privacidad.<\/span><\/li><\/ul><p><span style=\"font-weight: 400;\">Estos derechos pueden estar limitados por la legislaci\u00f3n aplicable. Por ejemplo, Futuredontics puede necesitar retener o compartir cierta informaci\u00f3n personal para fines comerciales leg\u00edtimos, para completar transacciones que usted haya solicitado, para cumplir con nuestras obligaciones legales y para otros fines requeridos o permitidos por la ley.<\/span><\/p><p><b>IX. Contacto<\/b><\/p><p><span style=\"font-weight: 400;\">Si desea ejercer alg\u00fan derecho de privacidad en relaci\u00f3n con su informaci\u00f3n personal seg\u00fan lo establecido en esta Pol\u00edtica de Privacidad o si tiene alguna pregunta, comentario o duda sobre esta Pol\u00edtica de Privacidad, p\u00f3ngase en contacto con nosotros enviando una solicitud por escrito por correo electr\u00f3nico a privacy@futuredontics.com o por correo postal a:<\/span><\/p><p><span style=\"font-weight: 400;\">Futuredontics, LLC<br \/><\/span><span style=\"font-weight: 400;\">Attn: Departamento de Privacidad<br \/><\/span><span style=\"font-weight: 400;\">25 SE 2<\/span><span style=\"font-weight: 400;\">nd<\/span><span style=\"font-weight: 400;\"> Ave Ste 550 PMB 300<br \/><\/span><span style=\"font-weight: 400;\">Miami, FL 33131<br \/><\/span><span style=\"font-weight: 400;\">EE.UU.<\/span><\/p><p><span style=\"font-weight: 400;\">Adem\u00e1s, si cree que Futuredontics no ha cumplido con sus derechos de protecci\u00f3n de datos, tiene derecho a presentar una reclamaci\u00f3n ante la autoridad de protecci\u00f3n de datos de su pa\u00eds de origen. Tenga en cuenta que su solicitud no garantiza el acceso completo o la eliminaci\u00f3n de su informaci\u00f3n personal, ya que la ley puede no permitir o exigir la eliminaci\u00f3n en determinadas circunstancias.<br \/><b>X. Varios<\/b><br \/><\/span><b>Conservaci\u00f3n de datos.<br \/><\/b><br \/>Futuredontics puede retener informaci\u00f3n por necesidades comerciales leg\u00edtimas, incluyendo, pero no limit\u00e1ndose a: no comunicarnos con usted si nos ha pedido que no lo hagamos; detectar y prevenir el abuso de nuestro sitio web, actividades ilegales e incumplimientos de nuestras Condiciones de Uso; y\/o cumplir con los requisitos legales, fiscales o contables aplicables. Cuando Futuredontics no tenga ninguna necesidad comercial leg\u00edtima de retener su informaci\u00f3n, la eliminaremos de acuerdo con la pol\u00edtica de retenci\u00f3n y eliminaci\u00f3n de datos de Futuredontics o tomaremos medidas razonables para desidentificarla de acuerdo con la legislaci\u00f3n aplicable.<\/p><p><b>Seguridad.<\/b><\/p><p><span style=\"font-weight: 400;\">Futuredontics emplea medidas t\u00e9cnicas y organizativas est\u00e1ndar de la industria dise\u00f1adas para proteger su informaci\u00f3n personal que est\u00e1 bajo el control de Futuredontics, y que Futuredontics procesa en su nombre, del acceso no autorizado, recopilaci\u00f3n, uso, divulgaci\u00f3n, copia, modificaci\u00f3n o eliminaci\u00f3n, tanto durante la transmisi\u00f3n como una vez que Futuredontics la recibe. A pesar de lo anterior, Futuredontics no puede garantizar la seguridad de la informaci\u00f3n - la informaci\u00f3n que usted proporciona es bajo su propio riesgo.<\/span><\/p><p><b>Sitios web de terceros.<\/b><\/p><p><span style=\"font-weight: 400;\"> La presente Pol\u00edtica de Privacidad no se aplica a la informaci\u00f3n que usted facilite directamente o haga accesible de cualquier otro modo a terceros. Dicha divulgaci\u00f3n directa de informaci\u00f3n a terceros est\u00e1 sujeta a la pol\u00edtica de privacidad de dichos terceros.<\/span><\/p><p><b>Informaci\u00f3n personal de los ni\u00f1os.<\/b><\/p><p><span style=\"font-weight: 400;\"> La p\u00e1gina web y el negocio de Futuredontics est\u00e1n dirigidos a adultos y no est\u00e1n pensados para ni\u00f1os, es decir, personas menores de 18 a\u00f1os sin el consentimiento de sus padres o tutores legales. Futuredontics no recopila conscientemente informaci\u00f3n personal en l\u00ednea de ni\u00f1os menores de 13 a\u00f1os o la edad m\u00ednima equivalente en la jurisdicci\u00f3n aplicable. Si cree que Futuredontics ha recopilado informaci\u00f3n personal relativa a un ni\u00f1o menor de 13 a\u00f1os, p\u00f3ngase en contacto con Futuredontics para que se tomen las medidas oportunas para eliminar dicha informaci\u00f3n personal.\u00a0<\/span><\/p><p><b>Cambios.<\/b><\/p><p><span style=\"font-weight: 400;\">Futuredontics puede actualizar esta Pol\u00edtica de Privacidad a su entera discreci\u00f3n y de vez en cuando para mantenerla al d\u00eda con la ley aplicable y los est\u00e1ndares de la industria. Cuando se modifique esta Pol\u00edtica de Privacidad, Futuredontics publicar\u00e1 la fecha de la \u00faltima actualizaci\u00f3n. El uso de cualquier servicio de Futuredontics en cualquier momento indica la aceptaci\u00f3n de nuestra Pol\u00edtica de Privacidad actual.<\/span><\/p><p><span style=\"font-weight: 400;\">Este documento entr\u00f3 en vigor el 18 de marzo de 2010 y se actualiz\u00f3 por \u00faltima vez el 27 de agosto de 2025.<\/span><\/p><p><span style=\"font-weight: 400;\">2025 Futuredontics, Inc. Todos los derechos reservados<\/span><\/p>\t\t\t\t\t\t\t\t<\/div>\n\t\t\t\t\t<\/div>\n\t\t\t\t<\/div>\n\t\t\t\t<\/div>\n\t\t\t\t<\/div>","protected":false},"excerpt":{"rendered":"<p>Futuredontics, LLC (&#8220;Futuredontics&#8221;) Privacy Policy This Privacy Policy governs the manner in which Futuredontics collects, uses, shares, maintains, protects and discloses personal information collected from and about you. It explains what information Futuredontics collects, when and how Futuredontics might use that information, how Futuredontics protects the information, the choices you have with respect to your [&hellip;]<\/p>","protected":false},"author":1,"featured_media":0,"parent":0,"menu_order":0,"comment_status":"closed","ping_status":"closed","template":"","meta":{"_acf_changed":false,"_monsterinsights_skip_tracking":false,"_monsterinsights_sitenote_active":false,"_monsterinsights_sitenote_note":"","_monsterinsights_sitenote_category":0,"footnotes":""},"class_list":["post-34744","page","type-page","status-publish","hentry"],"acf":[],"aioseo_notices":[],"_links":{"self":[{"href":"https:\/\/dentistry.com\/es_us\/wp-json\/wp\/v2\/pages\/34744","targetHints":{"allow":["GET"]}}],"collection":[{"href":"https:\/\/dentistry.com\/es_us\/wp-json\/wp\/v2\/pages"}],"about":[{"href":"https:\/\/dentistry.com\/es_us\/wp-json\/wp\/v2\/types\/page"}],"author":[{"embeddable":true,"href":"https:\/\/dentistry.com\/es_us\/wp-json\/wp\/v2\/users\/1"}],"replies":[{"embeddable":true,"href":"https:\/\/dentistry.com\/es_us\/wp-json\/wp\/v2\/comments?post=34744"}],"version-history":[{"count":0,"href":"https:\/\/dentistry.com\/es_us\/wp-json\/wp\/v2\/pages\/34744\/revisions"}],"wp:attachment":[{"href":"https:\/\/dentistry.com\/es_us\/wp-json\/wp\/v2\/media?parent=34744"}],"curies":[{"name":"wp","href":"https:\/\/api.w.org\/{rel}","templated":true}]}}