{"id":34865,"date":"2025-10-22T17:51:58","date_gmt":"2025-10-22T17:51:58","guid":{"rendered":"https:\/\/dentistrystag.wpenginepowered.com\/?page_id=34865"},"modified":"2026-04-02T20:12:16","modified_gmt":"2026-04-02T20:12:16","slug":"sitemap","status":"publish","type":"page","link":"https:\/\/dentistry.com\/es_us\/sitemap\/","title":{"rendered":"Mapa del sitio"},"content":{"rendered":"<div data-elementor-type=\"wp-page\" data-elementor-id=\"34865\" class=\"elementor elementor-34865\" data-elementor-post-type=\"page\">\n\t\t\t\t<div class=\"elementor-element elementor-element-f630fdb e-con-full e-flex e-con e-parent\" data-id=\"f630fdb\" data-element_type=\"container\">\n\t\t<div class=\"elementor-element elementor-element-4af774e e-flex e-con-boxed e-con e-child\" data-id=\"4af774e\" data-element_type=\"container\">\n\t\t\t\t\t<div class=\"e-con-inner\">\n\t\t\t\t<div class=\"elementor-element elementor-element-cf28346 elementor-widget elementor-widget-heading\" data-id=\"cf28346\" data-element_type=\"widget\" data-widget_type=\"heading.default\">\n\t\t\t\t\t<h2 class=\"elementor-heading-title elementor-size-default\">Mapa del sitio<\/h2>\t\t\t\t<\/div>\n\t\t\t\t\t<\/div>\n\t\t\t\t<\/div>\n\t\t<div class=\"elementor-element elementor-element-0b827f3 sitemap-page e-flex e-con-boxed e-con e-child\" data-id=\"0b827f3\" data-element_type=\"container\">\n\t\t\t\t\t<div class=\"e-con-inner\">\n\t\t\t\t<div class=\"elementor-element elementor-element-d760467 sitemap-main-pages elementor-widget elementor-widget-text-editor\" data-id=\"d760467\" data-element_type=\"widget\" data-widget_type=\"text-editor.default\">\n\t\t\t\t\t\t\t\t\t<h2>Principal<\/h2><ul><li style=\"list-style-type: none;\"><ul><li><a title=\"Inicio\" href=\"https:\/\/dentistry.com\/es_us\/\">Inicio<\/a><\/li><li><a title=\"Acerca de\" href=\"https:\/\/dentistry.com\/es_us\/about\/\">Acerca de<\/a><\/li><li><a title=\"Buscar un dentista\" href=\"https:\/\/dentistry.com\/es_us\/find-a-dentist\/\">Buscar un dentista<\/a><\/li><li><a title=\"Para dentistas\" href=\"https:\/\/dentistry.com\/es_us\/for-dentists\/\">Para dentistas<\/a><\/li><\/ul><\/li><\/ul>\t\t\t\t\t\t\t\t<\/div>\n\t\t\t\t<div class=\"elementor-element elementor-element-d80d102 no-hover-change elementor-widget elementor-widget-heading\" data-id=\"d80d102\" data-element_type=\"widget\" data-widget_type=\"heading.default\">\n\t\t\t\t\t<h2 class=\"elementor-heading-title elementor-size-default\"><a href=\"\/es_us\/services\/\">Servicios odontol\u00f3gicos<\/a><\/h2>\t\t\t\t<\/div>\n\t\t\t\t<div class=\"elementor-element elementor-element-ea3fa8b sitemap-services elementor-widget elementor-widget-sitemap\" data-id=\"ea3fa8b\" data-element_type=\"widget\" data-widget_type=\"sitemap.default\">\n\t\t\t\t\t<div class=\"elementor-sitemap-wrap\"><div class=\"elementor-sitemap-section\"><h2 class=\"elementor-sitemap-title elementor-sitemap-dental_services-title\"> <\/h2><ul class=\"elementor-sitemap-list elementor-sitemap-dental_services-list\"><li class=\"elementor-sitemap-item elementor-sitemap-item-dental_services page_item page-item-33594\"><a href=\"https:\/\/dentistry.com\/es_us\/services\/24-hour-emergency-dentists\/\">Dentistas de urgencias 24 horas<\/a><\/li><li class=\"elementor-sitemap-item elementor-sitemap-item-dental_services page_item page-item-33972\"><a href=\"https:\/\/dentistry.com\/es_us\/services\/dry-socket-treatment\/\">Tratamiento de la caries seca<\/a><\/li><li class=\"elementor-sitemap-item elementor-sitemap-item-dental_services page_item page-item-33579\"><a href=\"https:\/\/dentistry.com\/es_us\/services\/emergency-dentist\/\">Dentista de urgencia<\/a><\/li><li class=\"elementor-sitemap-item elementor-sitemap-item-dental_services page_item page-item-43519\"><a href=\"https:\/\/dentistry.com\/es_us\/services\/emergency-oral-surgeons\/\">Cirujano oral de urgencias<\/a><\/li><li class=\"elementor-sitemap-item elementor-sitemap-item-dental_services page_item page-item-43508\"><a href=\"https:\/\/dentistry.com\/es_us\/services\/emergency-orthodontists\/\">Ortodoncia de urgencia<\/a><\/li><li class=\"elementor-sitemap-item elementor-sitemap-item-dental_services page_item page-item-43534\"><a href=\"https:\/\/dentistry.com\/es_us\/services\/emergency-pediatric-dentists\/\">Emergency Pediatric Dentist<\/a><\/li><li class=\"elementor-sitemap-item elementor-sitemap-item-dental_services page_item page-item-33565\"><a href=\"https:\/\/dentistry.com\/es_us\/services\/emergency-tooth-extraction\/\">Extracci\u00f3n dental de urgencia<\/a><\/li><li class=\"elementor-sitemap-item elementor-sitemap-item-dental_services page_item page-item-43549\"><a href=\"https:\/\/dentistry.com\/es_us\/services\/emergency-tooth-repair\/\">Emergency Tooth Repair<\/a><\/li><li class=\"elementor-sitemap-item elementor-sitemap-item-dental_services page_item page-item-44271\"><a href=\"https:\/\/dentistry.com\/es_us\/services\/cheap-low-cost-emergency-dentists\/\">Find a Low-Cost Emergency Dentist<\/a><\/li><li class=\"elementor-sitemap-item elementor-sitemap-item-dental_services page_item page-item-33981\"><a href=\"https:\/\/dentistry.com\/es_us\/services\/pain-free-sedation-emergency-dentist\/\">Dentista de urgencias sin dolor\/sedaci\u00f3n<\/a><\/li><li class=\"elementor-sitemap-item elementor-sitemap-item-dental_services page_item page-item-4285\"><a href=\"https:\/\/dentistry.com\/es_us\/services\/walk-in-same-day-dentist\/\">Dentista sin cita previa<\/a><\/li><\/ul><\/div><\/div>\t\t\t\t<\/div>\n\t\t\t\t<div class=\"elementor-element elementor-element-5a401cc no-hover-change elementor-widget elementor-widget-heading\" data-id=\"5a401cc\" data-element_type=\"widget\" data-widget_type=\"heading.default\">\n\t\t\t\t\t<h2 class=\"elementor-heading-title elementor-size-default\"><a href=\"\/es_us\/guide\/\">Gu\u00edas<\/a><\/h2>\t\t\t\t<\/div>\n\t\t\t\t<div class=\"elementor-element elementor-element-543f7e4 sitemap-guides elementor-widget elementor-widget-sitemap\" data-id=\"543f7e4\" data-element_type=\"widget\" data-widget_type=\"sitemap.default\">\n\t\t\t\t\t<div class=\"elementor-sitemap-wrap\"><div class=\"elementor-sitemap-section\"><h2 class=\"elementor-sitemap-title elementor-sitemap-guides-title\"> <\/h2><ul class=\"elementor-sitemap-list elementor-sitemap-guides-list\"><li class=\"elementor-sitemap-item elementor-sitemap-item-guides page_item page-item-33283\"><a href=\"https:\/\/dentistry.com\/es_us\/guides\/gum-infection\/\">Infecci\u00f3n de las enc\u00edas<\/a><\/li><li class=\"elementor-sitemap-item elementor-sitemap-item-guides page_item page-item-33292\"><a href=\"https:\/\/dentistry.com\/es_us\/guides\/severe-toothache\/\">Dolor de muelas intenso<\/a><\/li><li class=\"elementor-sitemap-item elementor-sitemap-item-guides page_item page-item-642\"><a href=\"https:\/\/dentistry.com\/es_us\/guides\/tooth-extraction\/\">Extracci\u00f3n dental<\/a><\/li><li class=\"elementor-sitemap-item elementor-sitemap-item-guides page_item page-item-33313\"><a href=\"https:\/\/dentistry.com\/es_us\/guides\/tooth-infection\/\">Infecci\u00f3n dental<\/a><\/li><li class=\"elementor-sitemap-item elementor-sitemap-item-guides page_item page-item-43501\"><a href=\"https:\/\/dentistry.com\/es_us\/guides\/toothache-relief\/\">Toothache Relief: An In-Depth Guide<\/a><\/li><li class=\"elementor-sitemap-item elementor-sitemap-item-guides page_item page-item-33304\"><a href=\"https:\/\/dentistry.com\/es_us\/guides\/wisdom-tooth-pain\/\">Dolor de muelas del juicio<\/a><\/li><\/ul><\/div><\/div>\t\t\t\t<\/div>\n\t\t\t\t<div class=\"elementor-element elementor-element-e773d2a no-hover-change elementor-widget elementor-widget-heading\" data-id=\"e773d2a\" data-element_type=\"widget\" data-widget_type=\"heading.default\">\n\t\t\t\t\t<h2 class=\"elementor-heading-title elementor-size-default\"><a href=\"\/es_us\/blog\/\">Blog de odontolog\u00eda<\/a><\/h2>\t\t\t\t<\/div>\n\t\t\t\t<div class=\"elementor-element elementor-element-0739147 elementor-widget__width-inherit sitemap-blogs elementor-widget elementor-widget-sitemap\" data-id=\"0739147\" data-element_type=\"widget\" data-widget_type=\"sitemap.default\">\n\t\t\t\t\t<div class=\"elementor-sitemap-wrap\"><div class=\"elementor-sitemap-section\"><h2 class=\"elementor-sitemap-title elementor-sitemap-post-title\"> <\/h2><ul class=\"elementor-sitemap-list elementor-sitemap-post-list\"><li class=\"elementor-sitemap-item elementor-sitemap-item-post page_item page-item-43483\"><a href=\"https:\/\/dentistry.com\/es_us\/blog\/home-remedies-for-wisdom-tooth-pain\/\">10 Effective Home Remedies for Wisdom Tooth Pain (Fast Relief)<\/a><\/li><li class=\"elementor-sitemap-item elementor-sitemap-item-post page_item page-item-44195\"><a href=\"https:\/\/dentistry.com\/es_us\/blog\/broken-permanent-retainer-emergency\/\">Broken Permanent Retainer: Is It a Dental Emergency?<\/a><\/li><li class=\"elementor-sitemap-item elementor-sitemap-item-post page_item page-item-44002\"><a href=\"https:\/\/dentistry.com\/es_us\/blog\/broken-tooth-repair-cost\/\">Broken Tooth Repair Cost: From Bonding to Crowns<\/a><\/li><li class=\"elementor-sitemap-item elementor-sitemap-item-post page_item page-item-43999\"><a href=\"https:\/\/dentistry.com\/es_us\/blog\/can-dentist-give-you-something-for-anxiety\/\">Can the Dentist Give You Something for Anxiety? Your Options Explained Clearly<\/a><\/li><li class=\"elementor-sitemap-item elementor-sitemap-item-post page_item page-item-34079\"><a href=\"https:\/\/dentistry.com\/es_us\/blog\/can-you-drive-after-laughing-gas-safety-tips-for-dental-sedation\/\">\u00bfSe puede conducir despu\u00e9s de tomar gas de la risa? Consejos de seguridad para la sedaci\u00f3n dental<\/a><\/li><li class=\"elementor-sitemap-item elementor-sitemap-item-post page_item page-item-34133\"><a href=\"https:\/\/dentistry.com\/es_us\/blog\/dental-anxiety-proven-strategies-to-stay-calm-during-your-appointment\/\">Ansiedad dental: Estrategias probadas para mantener la calma durante la cita<\/a><\/li><li class=\"elementor-sitemap-item elementor-sitemap-item-post page_item page-item-44191\"><a href=\"https:\/\/dentistry.com\/es_us\/blog\/emergency-dentist-cost-without-insurance\/\">Emergency Dentist Cost Without Insurance: Prices and Affordable Solutions<\/a><\/li><li class=\"elementor-sitemap-item elementor-sitemap-item-post page_item page-item-43392\"><a href=\"https:\/\/dentistry.com\/es_us\/blog\/home-remedies-for-bleeding-gums\/\">Home Remedies for Bleeding Gums<\/a><\/li><li class=\"elementor-sitemap-item elementor-sitemap-item-post page_item page-item-34117\"><a href=\"https:\/\/dentistry.com\/es_us\/blog\/home-remedies-reducing-exposed-tooth-nerve-pain\/\">Home Remedies: Reducing Exposed Tooth Nerve Pain<\/a><\/li><li class=\"elementor-sitemap-item elementor-sitemap-item-post page_item page-item-43487\"><a href=\"https:\/\/dentistry.com\/es_us\/blog\/how-long-after-extraction-can-i-get-an-implant\/\">How Long After Extraction Can I Get an Implant? Your Timeline Explained Clearly<\/a><\/li><li class=\"elementor-sitemap-item elementor-sitemap-item-post page_item page-item-43380\"><a href=\"https:\/\/dentistry.com\/es_us\/blog\/how-long-after-extraction-can-i-eat\/\">How Long After Tooth Extraction Can I Eat? Exact Timeline and Safe Foods<\/a><\/li><li class=\"elementor-sitemap-item elementor-sitemap-item-post page_item page-item-43382\"><a href=\"https:\/\/dentistry.com\/es_us\/blog\/how-long-does-a-temporary-filling-last\/\">How Long Does\u00a0a Temporary\u00a0Filling Last? Exact Duration and When to See Your Dentist<\/a><\/li><li class=\"elementor-sitemap-item elementor-sitemap-item-post page_item page-item-43978\"><a href=\"https:\/\/dentistry.com\/es_us\/blog\/how-long-does-dental-sedation-last\/\">How Long Does Dental Sedation Last? Clear Answers and What to Expect<\/a><\/li><li class=\"elementor-sitemap-item elementor-sitemap-item-post page_item page-item-34195\"><a href=\"https:\/\/dentistry.com\/es_us\/blog\/how-much-is-a-dentist-visit-without-insurance-exact-costs-explained\/\">\u00bfCu\u00e1nto cuesta una visita al dentista sin seguro? Costes exactos<\/a><\/li><li class=\"elementor-sitemap-item elementor-sitemap-item-post page_item page-item-34099\"><a href=\"https:\/\/dentistry.com\/es_us\/blog\/how-to-avoid-dry-sockets-after-a-tooth-extraction\/\">C\u00f3mo evitar la sequedad de alv\u00e9olos tras una extracci\u00f3n dental<\/a><\/li><li class=\"elementor-sitemap-item elementor-sitemap-item-post page_item page-item-43480\"><a href=\"https:\/\/dentistry.com\/es_us\/blog\/how-to-find-a-good-dentist\/\">How to Find a Good Dentist: 10 Things You&#8217;ll Wish You Knew<\/a><\/li><li class=\"elementor-sitemap-item elementor-sitemap-item-post page_item page-item-33990\"><a href=\"https:\/\/dentistry.com\/es_us\/blog\/how-to-know-if-you-have-dry-socket-clear-symptoms-and-signs-explained\/\">C\u00f3mo saber si tiene alveolo seco: Explicaci\u00f3n de los s\u00edntomas y signos claros<\/a><\/li><li class=\"elementor-sitemap-item elementor-sitemap-item-post page_item page-item-34125\"><a href=\"https:\/\/dentistry.com\/es_us\/blog\/how-to-reduce-swelling-after-wisdom-teeth-removal-fast-and-effective-solutions\/\">C\u00f3mo reducir la inflamaci\u00f3n tras la extracci\u00f3n de las muelas del juicio: Soluciones r\u00e1pidas y eficaces<\/a><\/li><li class=\"elementor-sitemap-item elementor-sitemap-item-post page_item page-item-43493\"><a href=\"https:\/\/dentistry.com\/es_us\/blog\/how-to-repair-broken-denture-at-home\/\">How to Repair a Broken Denture at Home (Emergency Fixes)<\/a><\/li><li class=\"elementor-sitemap-item elementor-sitemap-item-post page_item page-item-43956\"><a href=\"https:\/\/dentistry.com\/es_us\/blog\/how-to-rinse-mouth-after-tooth-extraction\/\">How to Rinse Mouth After Tooth Extraction: Safe, Easy Instructions for Faster Healing<\/a><\/li><li class=\"elementor-sitemap-item elementor-sitemap-item-post page_item page-item-34143\"><a href=\"https:\/\/dentistry.com\/es_us\/blog\/how-to-stop-bleeding-after-tooth-extraction-easy-tips-for-immediate-relief\/\">C\u00f3mo detener el sangrado despu\u00e9s de la extracci\u00f3n del diente: Consejos f\u00e1ciles para un alivio inmediato<\/a><\/li><li class=\"elementor-sitemap-item elementor-sitemap-item-post page_item page-item-43384\"><a href=\"https:\/\/dentistry.com\/es_us\/blog\/orthodontic-emergencies\/\">Orthodontic Emergencies: Exactly What to Do (and When You Need Immediate Help)\u00a0<\/a><\/li><li class=\"elementor-sitemap-item elementor-sitemap-item-post page_item page-item-43377\"><a href=\"https:\/\/dentistry.com\/es_us\/blog\/tooth-abscess-pain-relief\/\">Rising Dental Emergencies Fuel Growth in After-Hours &amp; Weekend Dentist Services<\/a><\/li><li class=\"elementor-sitemap-item elementor-sitemap-item-post page_item page-item-44124\"><a href=\"https:\/\/dentistry.com\/es_us\/blog\/rising-dental-emergencies-after-hours\/\">Rising Dental Emergencies Fuel Growth in After-Hours and Weekend Dentist Services<\/a><\/li><li class=\"elementor-sitemap-item elementor-sitemap-item-post page_item page-item-43481\"><a href=\"https:\/\/dentistry.com\/es_us\/blog\/sedation-dentistry-for-children\/\">Sedation Dentistry for Children: Safe, Stress-Free Dental Visits for Your Child<\/a><\/li><li class=\"elementor-sitemap-item elementor-sitemap-item-post page_item page-item-34152\"><a href=\"https:\/\/dentistry.com\/es_us\/blog\/should-you-go-to-the-er-for-tooth-pain-a-quick-guide\/\">\u00bfDebe acudir a urgencias por dolor de muelas? Gu\u00eda r\u00e1pida<\/a><\/li><li class=\"elementor-sitemap-item elementor-sitemap-item-post page_item page-item-43398\"><a href=\"https:\/\/dentistry.com\/es_us\/blog\/sudden-sharp-tooth-pain-that-goes-away\/\">Sudden Sharp Tooth Pain That Goes Away: Causes, Risks, and Next Steps<\/a><\/li><li class=\"elementor-sitemap-item elementor-sitemap-item-post page_item page-item-43389\"><a href=\"https:\/\/dentistry.com\/es_us\/blog\/temporary-crown-procedure\/\">Temporary Crown Procedure: What Happens, How Long It Takes, and Aftercare Tips<\/a><\/li><li class=\"elementor-sitemap-item elementor-sitemap-item-post page_item page-item-43386\"><a href=\"https:\/\/dentistry.com\/es_us\/blog\/tooth-abscess-cost-without-insurance\/\">Tooth Abscess Cost Without Insurance: Your Guide to Treatment Pricing<\/a><\/li><li class=\"elementor-sitemap-item elementor-sitemap-item-post page_item page-item-43490\"><a href=\"https:\/\/dentistry.com\/es_us\/blog\/what-to-do-when-tooth-knocked-out\/\">What to Do When a Tooth Is Knocked Out (Immediate Steps)<\/a><\/li><li class=\"elementor-sitemap-item elementor-sitemap-item-post page_item page-item-34061\"><a href=\"https:\/\/dentistry.com\/es_us\/blog\/why-does-my-tooth-hurt-at-night-5-possible-reasons-and-what-you-can-do-right-now\/\">\u00bfPor qu\u00e9 me duelen los dientes por la noche? 5 posibles razones y lo que puede hacer ahora mismo<\/a><\/li><\/ul><\/div><\/div>\t\t\t\t<\/div>\n\t\t\t\t<div class=\"elementor-element elementor-element-305c704 sitemap-city elementor-widget elementor-widget-text-editor\" data-id=\"305c704\" data-element_type=\"widget\" data-widget_type=\"text-editor.default\">\n\t\t\t\t\t\t\t\t\t<h2>Encuentre un dentista en su ciudad<\/h2><p>California<\/p><ul><li><a href=\"https:\/\/dentistry.com\/es_us\/locations\/beverly-hills-ca-emergency-dentist\/\">Beverly Hills<\/a><\/li><li><a title=\"Burbank CA\" href=\"https:\/\/dentistry.com\/es_us\/locations\/burbank-ca\/\">Burbank<\/a><\/li><li><a title=\"Culver City CA\" href=\"https:\/\/dentistry.com\/es_us\/locations\/culver-city-ca\/\">Culver City<\/a><\/li><li><a href=\"https:\/\/dentistry.com\/es_us\/locations\/cypress-ca-emergency-dentist\/\">Cypress<\/a><\/li><li><a href=\"https:\/\/dentistry.com\/es_us\/locations\/encino-ca-emergency-dentist\/\">Encino<\/a><\/li><li><a href=\"https:\/\/dentistry.com\/es_us\/locations\/glendale-ca-emergency-dentist\/\">Glendale<\/a><\/li><li><a href=\"https:\/\/dentistry.com\/es_us\/locations\/huntington-beach-ca-emergency-dentist\/\">Huntington Beach<\/a><\/li><li><a href=\"https:\/\/dentistry.com\/es_us\/locations\/inglewood-ca-emergency-dentist\/\">Inglewood<\/a><\/li><li><a href=\"https:\/\/dentistry.com\/es_us\/locations\/irvine-ca-emergency-dentist\/\">Irvine<\/a><\/li><li><a href=\"https:\/\/dentistry.com\/es_us\/locations\/long-beach-ca-emergency-dentist\/\">Long Beach<\/a><\/li><li><a title=\"Mission Viejo CA\" href=\"https:\/\/dentistry.com\/es_us\/locations\/mission-viejo-ca\/\">Misi\u00f3n Viejo<\/a><\/li><li><a href=\"https:\/\/dentistry.com\/es_us\/locations\/north-hollywood-ca-emergency-dentist\/\">North Hollywood<\/a><\/li><li><a href=\"https:\/\/dentistry.com\/es_us\/locations\/pasadena-ca-emergency-dentist\/\">Pasadena<\/a><\/li><li><a href=\"https:\/\/dentistry.com\/es_us\/locations\/san-juan-capistrano-ca-emergency-dentist\/\">San Juan Capistrano<\/a><\/li><li><a title=\"Santa Clarita CA\" href=\"https:\/\/dentistry.com\/es_us\/locations\/santa-clarita-ca\/\">Santa Clarita<\/a><\/li><li><a title=\"Tustin CA\" href=\"https:\/\/dentistry.com\/es_us\/locations\/tustin-ca\/\">Tustin<\/a><\/li><li><a href=\"https:\/\/dentistry.com\/es_us\/locations\/valencia-ca-emergency-dentist\/\">Valencia<\/a><\/li><li><a href=\"https:\/\/dentistry.com\/es_us\/locations\/whittier-ca-emergency-dentist\/\">Whittier<\/a><\/li><li><a href=\"https:\/\/dentistry.com\/es_us\/locations\/west-covina-ca-emergency-dentist\/\">West Covina<\/a><\/li><li><a href=\"https:\/\/dentistry.com\/es_us\/locations\/westminster-ca-emergency-dentist\/\">Westminster<\/a><\/li><li><a href=\"https:\/\/dentistry.com\/es_us\/locations\/wilmington-ca-emergency-dentist\/\">Wilmington<\/a><\/li><li><a href=\"https:\/\/dentistry.com\/es_us\/locations\/woodland-hills-ca-emergency-dentist\/\">Woodland Hills<\/a><\/li><\/ul><p>Florida<\/p><ul><li><a href=\"https:\/\/dentistry.com\/es_us\/locations\/aventura-fl\/\">Aventura<\/a><\/li><li><a href=\"https:\/\/dentistry.com\/es_us\/locations\/cooper-city-fl\/\">Cooper City<\/a><\/li><li><a href=\"https:\/\/dentistry.com\/es_us\/locations\/coral-gables-fl-emergency-dentist\/\">Coral Gables<\/a><\/li><li><a href=\"https:\/\/dentistry.com\/es_us\/locations\/coral-springs-fl\/\">Coral Springs<\/a><\/li><li><a href=\"https:\/\/dentistry.com\/es_us\/service_locations\/fort-lauderdale-fl\/\">Fort Lauderdale<\/a><\/li><li><a href=\"https:\/\/dentistry.com\/es_us\/locations\/hialeah-fl\/\">Hialeah<\/a><\/li><li><a href=\"https:\/\/dentistry.com\/es_us\/locations\/kendall-miami-emergency-dentist\/\">Kendall<\/a><\/li><li><a href=\"https:\/\/dentistry.com\/es_us\/locations\/lauderhill-fl-emergency-dentist\/\">Lauderhill<\/a><\/li><li><a href=\"https:\/\/dentistry.com\/es_us\/locations\/miami-beach-fl-emergency-dentist\/\">Miami Beach<\/a><\/li><li><a href=\"https:\/\/dentistry.com\/es_us\/locations\/pembroke-pines-fl-emergency-dentist\/\">Pembroke Pines<\/a><\/li><li><a href=\"https:\/\/dentistry.com\/es_us\/locations\/pinecrest-fl\/\">Pinecrest<\/a><\/li><li><a href=\"https:\/\/dentistry.com\/es_us\/locations\/plantation-fl-emergency-dentist\/\">Plantation<\/a><\/li><li><a href=\"https:\/\/dentistry.com\/es_us\/locations\/weston-fl-emergency-dentist\/\">Weston<\/a><\/li><\/ul><p>Georgia<\/p><ul><li><a href=\"https:\/\/dentistry.com\/es_us\/locations\/kennesaw-ga\/\">Kennesaw<\/a><\/li><li><a href=\"https:\/\/dentistry.com\/es_us\/locations\/marietta-ga\/\">Marietta<\/a><\/li><li><a href=\"https:\/\/dentistry.com\/es_us\/locations\/stockbridge-ga\/\">Stockbridge<\/a><\/li><li><a href=\"https:\/\/dentistry.com\/es_us\/locations\/suwanee-ga\/\">Suwanee<\/a><\/li><li><a href=\"https:\/\/dentistry.com\/es_us\/locations\/vinings-ga\/\">Vinings<\/a><\/li><\/ul><p>Texas<\/p><ul><li><a href=\"https:\/\/dentistry.com\/es_us\/locations\/allen-tx\/\">Allen<\/a><\/li><li><a href=\"https:\/\/dentistry.com\/es_us\/locations\/frisco-tx\/\">Frisco<\/a><\/li><li><a href=\"https:\/\/dentistry.com\/es_us\/locations\/grand-prairie-tx\/\">Grand Prairie<\/a><\/li><li><a href=\"https:\/\/dentistry.com\/es_us\/locations\/oak-lawn-tx\/\">Oak Lawn<\/a><\/li><li><a href=\"https:\/\/dentistry.com\/es_us\/locations\/mckinney-tx\/\">McKinney<\/a><\/li><\/ul><p>Washington<\/p><ul><li><a href=\"https:\/\/dentistry.com\/es_us\/locations\/auburn-wa\/\">Auburn<\/a><\/li><li><a href=\"https:\/\/dentistry.com\/es_us\/locations\/bellevue-wa\/\">Bellevue<\/a><\/li><li><a href=\"https:\/\/dentistry.com\/es_us\/locations\/federal-way-wa\/\">Federal Way<\/a><\/li><li><a href=\"https:\/\/dentistry.com\/es_us\/locations\/tacoma-wa\/\">Tacoma<\/a><\/li><\/ul>\t\t\t\t\t\t\t\t<\/div>\n\t\t\t\t\t<\/div>\n\t\t\t\t<\/div>\n\t\t\t\t<\/div>\n\t\t\t\t<\/div>","protected":false},"excerpt":{"rendered":"<p>Sitemap Main Home About Find a Dentist For Dentists Dentistry Services Guides Dentistry Blog Find a Dentist in Your City California Beverly Hills Burbank Culver City Cypress Encino Glendale Huntington Beach Inglewood Irvine Long Beach Mission Viejo North Hollywood Pasadena San Juan Capistrano Santa Clarita Tustin Valencia Whittier West Covina Westminster Wilmington Woodland Hills Florida [&hellip;]<\/p>","protected":false},"author":1,"featured_media":0,"parent":0,"menu_order":0,"comment_status":"closed","ping_status":"closed","template":"","meta":{"_acf_changed":false,"_monsterinsights_skip_tracking":false,"_monsterinsights_sitenote_active":false,"_monsterinsights_sitenote_note":"","_monsterinsights_sitenote_category":0,"footnotes":""},"class_list":["post-34865","page","type-page","status-publish","hentry"],"acf":[],"aioseo_notices":[],"_links":{"self":[{"href":"https:\/\/dentistry.com\/es_us\/wp-json\/wp\/v2\/pages\/34865","targetHints":{"allow":["GET"]}}],"collection":[{"href":"https:\/\/dentistry.com\/es_us\/wp-json\/wp\/v2\/pages"}],"about":[{"href":"https:\/\/dentistry.com\/es_us\/wp-json\/wp\/v2\/types\/page"}],"author":[{"embeddable":true,"href":"https:\/\/dentistry.com\/es_us\/wp-json\/wp\/v2\/users\/1"}],"replies":[{"embeddable":true,"href":"https:\/\/dentistry.com\/es_us\/wp-json\/wp\/v2\/comments?post=34865"}],"version-history":[{"count":0,"href":"https:\/\/dentistry.com\/es_us\/wp-json\/wp\/v2\/pages\/34865\/revisions"}],"wp:attachment":[{"href":"https:\/\/dentistry.com\/es_us\/wp-json\/wp\/v2\/media?parent=34865"}],"curies":[{"name":"wp","href":"https:\/\/api.w.org\/{rel}","templated":true}]}}