{"id":38136,"date":"2025-11-01T17:47:33","date_gmt":"2025-11-01T17:47:33","guid":{"rendered":"https:\/\/dentistrystag.wpenginepowered.com\/?page_id=38136"},"modified":"2025-11-06T14:42:35","modified_gmt":"2025-11-06T14:42:35","slug":"services","status":"publish","type":"page","link":"https:\/\/dentistry.com\/es_us\/services\/","title":{"rendered":"Servicios"},"content":{"rendered":"<div data-elementor-type=\"wp-page\" data-elementor-id=\"38136\" class=\"elementor elementor-38136\" data-elementor-post-type=\"page\">\n\t\t\t\t<div class=\"elementor-element elementor-element-3721249 e-con-full e-flex e-con e-parent\" data-id=\"3721249\" data-element_type=\"container\">\n\t\t<div class=\"elementor-element elementor-element-ed15aa6 e-con-full e-flex e-con e-child\" data-id=\"ed15aa6\" data-element_type=\"container\" data-settings=\"{&quot;background_background&quot;:&quot;classic&quot;}\">\n\t\t<div class=\"elementor-element elementor-element-c21be03 e-flex e-con-boxed e-con e-child\" data-id=\"c21be03\" data-element_type=\"container\">\n\t\t\t\t\t<div class=\"e-con-inner\">\n\t\t\t\t<div class=\"elementor-element elementor-element-218f881 elementor-widget elementor-widget-heading\" data-id=\"218f881\" data-element_type=\"widget\" data-widget_type=\"heading.default\">\n\t\t\t\t\t<h1 class=\"elementor-heading-title elementor-size-default\">Nuestros servicios dentales<\/h1>\t\t\t\t<\/div>\n\t\t<div class=\"elementor-element elementor-element-f153582 e-con-full e-flex e-con e-child\" data-id=\"f153582\" data-element_type=\"container\">\n\t\t\t\t<div class=\"elementor-element elementor-element-2f6d1df elementor-widget elementor-widget-text-editor\" data-id=\"2f6d1df\" data-element_type=\"widget\" data-widget_type=\"text-editor.default\">\n\t\t\t\t\t\t\t\t\t<p>Cuando se enfrenta a una crisis dental, necesita ayuda r\u00e1pida y fiable. Los servicios de urgencia de nuestros proveedores le ayudar\u00e1n a tratar problemas urgentes como dolor intenso, lesiones y reparaciones repentinas, garantiz\u00e1ndole el alivio y el tratamiento necesario sin demora.<\/p>\t\t\t\t\t\t\t\t<\/div>\n\t\t\t\t<\/div>\n\t\t\t\t\t<\/div>\n\t\t\t\t<\/div>\n\t\t\t\t<\/div>\n\t\t\t\t<\/div>\n\t\t<div class=\"elementor-element elementor-element-714668b e-flex e-con-boxed e-con e-parent\" data-id=\"714668b\" data-element_type=\"container\">\n\t\t\t\t\t<div class=\"e-con-inner\">\n\t\t\t\t<div class=\"elementor-element elementor-element-bc5f0e5 guides-listing elementor-grid-3 elementor-grid-tablet-2 elementor-grid-mobile-1 elementor-posts--thumbnail-top elementor-posts--show-avatar elementor-posts__hover-gradient elementor-widget elementor-widget-posts\" data-id=\"bc5f0e5\" data-element_type=\"widget\" data-settings=\"{&quot;cards_row_gap&quot;:{&quot;unit&quot;:&quot;px&quot;,&quot;size&quot;:40,&quot;sizes&quot;:[]},&quot;pagination_type&quot;:&quot;numbers&quot;,&quot;cards_columns&quot;:&quot;3&quot;,&quot;cards_columns_tablet&quot;:&quot;2&quot;,&quot;cards_columns_mobile&quot;:&quot;1&quot;,&quot;cards_row_gap_tablet&quot;:{&quot;unit&quot;:&quot;px&quot;,&quot;size&quot;:&quot;&quot;,&quot;sizes&quot;:[]},&quot;cards_row_gap_mobile&quot;:{&quot;unit&quot;:&quot;px&quot;,&quot;size&quot;:&quot;&quot;,&quot;sizes&quot;:[]}}\" data-widget_type=\"posts.cards\">\n\t\t\t\t<div class=\"elementor-widget-container\">\n\t\t\t\t\t\t\t<div class=\"elementor-posts-container elementor-posts elementor-posts--skin-cards elementor-grid\" role=\"list\">\n\t\t\t\t<article class=\"elementor-post elementor-grid-item post-44271 dental_services type-dental_services status-publish has-post-thumbnail hentry\" role=\"listitem\">\n\t\t\t<div class=\"elementor-post__card\">\n\t\t\t\t<a class=\"elementor-post__thumbnail__link\" href=\"https:\/\/dentistry.com\/es_us\/services\/cheap-low-cost-emergency-dentists\/\" tabindex=\"-1\" ><div class=\"elementor-post__thumbnail\"><img fetchpriority=\"high\" decoding=\"async\" width=\"300\" height=\"191\" src=\"https:\/\/dentistry.com\/wp-content\/uploads\/2026\/04\/DentistChair_Hero-300x191.jpg\" class=\"attachment-medium size-medium wp-image-44272\" alt=\"Modern dental exam room with blue reclining dentist chair and overhead equipment\" srcset=\"https:\/\/dentistry.com\/wp-content\/uploads\/2026\/04\/DentistChair_Hero-300x191.jpg 300w, https:\/\/dentistry.com\/wp-content\/uploads\/2026\/04\/DentistChair_Hero-1024x651.jpg 1024w, https:\/\/dentistry.com\/wp-content\/uploads\/2026\/04\/DentistChair_Hero-768x488.jpg 768w, https:\/\/dentistry.com\/wp-content\/uploads\/2026\/04\/DentistChair_Hero-1536x977.jpg 1536w, https:\/\/dentistry.com\/wp-content\/uploads\/2026\/04\/DentistChair_Hero-18x12.jpg 18w, https:\/\/dentistry.com\/wp-content\/uploads\/2026\/04\/DentistChair_Hero.jpg 1755w\" sizes=\"(max-width: 300px) 100vw, 300px\" \/><\/div><\/a>\n\t\t\t\t<div class=\"elementor-post__avatar\">\n\t\t\t<img alt='Erin Darcy' src='https:\/\/secure.gravatar.com\/avatar\/d46cb61beb9c54a795d5d32ccf282187469662ab31ea69efb4ef2b44eea2cd48?s=128&#038;d=mm&#038;r=g' srcset='https:\/\/secure.gravatar.com\/avatar\/d46cb61beb9c54a795d5d32ccf282187469662ab31ea69efb4ef2b44eea2cd48?s=256&#038;d=mm&#038;r=g 2x' class='avatar avatar-128 photo' height='128' width='128' \/>\t\t<\/div>\n\t\t\t\t<div class=\"elementor-post__text\">\n\t\t\t\t<h3 class=\"elementor-post__title\">\n\t\t\t<a href=\"https:\/\/dentistry.com\/es_us\/services\/cheap-low-cost-emergency-dentists\/\" >\n\t\t\t\tFind a Low-Cost Emergency Dentist\t\t\t<\/a>\n\t\t<\/h3>\n\t\t\t\t<div class=\"elementor-post__excerpt\">\n\t\t\t<p>Dental emergencies rarely happen at a convenient time. A cracked tooth, abscess, or lost crown can cause severe pain and immediate stress about how much treatment might cost. Many people searching for a cheap emergency dentist or affordable emergency dental care simply want relief without risking a large, unexpected bill.<\/p>\n\t\t<\/div>\n\t\t\t\t\t<div class=\"elementor-post__read-more-wrapper\">\n\t\t\n\t\t<a class=\"elementor-post__read-more\" href=\"https:\/\/dentistry.com\/es_us\/services\/cheap-low-cost-emergency-dentists\/\" aria-label=\"Read more about Find a Low-Cost Emergency Dentist\" tabindex=\"-1\" >\n\t\t\tSeguir leyendo\t\t<\/a>\n\n\t\t\t\t\t<\/div>\n\t\t\t\t<\/div>\n\t\t\t\t\t<\/div>\n\t\t<\/article>\n\t\t\t\t<article class=\"elementor-post elementor-grid-item post-43549 dental_services type-dental_services status-publish has-post-thumbnail hentry\" role=\"listitem\">\n\t\t\t<div class=\"elementor-post__card\">\n\t\t\t\t<a class=\"elementor-post__thumbnail__link\" href=\"https:\/\/dentistry.com\/es_us\/services\/emergency-tooth-repair\/\" tabindex=\"-1\" ><div class=\"elementor-post__thumbnail\"><img decoding=\"async\" width=\"300\" height=\"191\" src=\"https:\/\/dentistry.com\/wp-content\/uploads\/2026\/02\/ToothRepair_DentistMeetingWithPatient_Hero-300x191.jpg\" class=\"attachment-medium size-medium wp-image-43550\" alt=\"Dentist discussing tooth repair options with a patient during a consultation\" srcset=\"https:\/\/dentistry.com\/wp-content\/uploads\/2026\/02\/ToothRepair_DentistMeetingWithPatient_Hero-300x191.jpg 300w, https:\/\/dentistry.com\/wp-content\/uploads\/2026\/02\/ToothRepair_DentistMeetingWithPatient_Hero-1024x651.jpg 1024w, https:\/\/dentistry.com\/wp-content\/uploads\/2026\/02\/ToothRepair_DentistMeetingWithPatient_Hero-768x488.jpg 768w, https:\/\/dentistry.com\/wp-content\/uploads\/2026\/02\/ToothRepair_DentistMeetingWithPatient_Hero-1536x977.jpg 1536w, https:\/\/dentistry.com\/wp-content\/uploads\/2026\/02\/ToothRepair_DentistMeetingWithPatient_Hero-18x12.jpg 18w, https:\/\/dentistry.com\/wp-content\/uploads\/2026\/02\/ToothRepair_DentistMeetingWithPatient_Hero.jpg 1755w\" sizes=\"(max-width: 300px) 100vw, 300px\" \/><\/div><\/a>\n\t\t\t\t<div class=\"elementor-post__avatar\">\n\t\t\t<img alt='Erin Darcy' src='https:\/\/secure.gravatar.com\/avatar\/d46cb61beb9c54a795d5d32ccf282187469662ab31ea69efb4ef2b44eea2cd48?s=128&#038;d=mm&#038;r=g' srcset='https:\/\/secure.gravatar.com\/avatar\/d46cb61beb9c54a795d5d32ccf282187469662ab31ea69efb4ef2b44eea2cd48?s=256&#038;d=mm&#038;r=g 2x' class='avatar avatar-128 photo' height='128' width='128' \/>\t\t<\/div>\n\t\t\t\t<div class=\"elementor-post__text\">\n\t\t\t\t<h3 class=\"elementor-post__title\">\n\t\t\t<a href=\"https:\/\/dentistry.com\/es_us\/services\/emergency-tooth-repair\/\" >\n\t\t\t\tEmergency Tooth Repair\t\t\t<\/a>\n\t\t<\/h3>\n\t\t\t\t<div class=\"elementor-post__excerpt\">\n\t\t\t<p>When you chip, crack, or break a tooth, panic sets in fast. You may feel pain or frustration and want it resolved immediately. Whether it\u2019s a visible chip or a deep fracture, an emergency dentist can help restore your tooth\u2019s look, function, and comfort, quickly and safely. This page explains what qualifies as a dental emergency, what to do before your appointment, and how to find an emergency cosmetic dentist near you.<\/p>\n\t\t<\/div>\n\t\t\t\t\t<div class=\"elementor-post__read-more-wrapper\">\n\t\t\n\t\t<a class=\"elementor-post__read-more\" href=\"https:\/\/dentistry.com\/es_us\/services\/emergency-tooth-repair\/\" aria-label=\"Read more about Emergency Tooth Repair\" tabindex=\"-1\" >\n\t\t\tSeguir leyendo\t\t<\/a>\n\n\t\t\t\t\t<\/div>\n\t\t\t\t<\/div>\n\t\t\t\t\t<\/div>\n\t\t<\/article>\n\t\t\t\t<article class=\"elementor-post elementor-grid-item post-43534 dental_services type-dental_services status-publish has-post-thumbnail hentry\" role=\"listitem\">\n\t\t\t<div class=\"elementor-post__card\">\n\t\t\t\t<a class=\"elementor-post__thumbnail__link\" href=\"https:\/\/dentistry.com\/es_us\/services\/emergency-pediatric-dentists\/\" tabindex=\"-1\" ><div class=\"elementor-post__thumbnail\"><img decoding=\"async\" width=\"300\" height=\"191\" src=\"https:\/\/dentistry.com\/wp-content\/uploads\/2026\/02\/EmergencyPediatric_DentistTalkingtoChild_Hero-300x191.jpg\" class=\"attachment-medium size-medium wp-image-43535\" alt=\"Pediatric dentist explaining dental care to a child with a parent present\" srcset=\"https:\/\/dentistry.com\/wp-content\/uploads\/2026\/02\/EmergencyPediatric_DentistTalkingtoChild_Hero-300x191.jpg 300w, https:\/\/dentistry.com\/wp-content\/uploads\/2026\/02\/EmergencyPediatric_DentistTalkingtoChild_Hero-1024x651.jpg 1024w, https:\/\/dentistry.com\/wp-content\/uploads\/2026\/02\/EmergencyPediatric_DentistTalkingtoChild_Hero-768x488.jpg 768w, https:\/\/dentistry.com\/wp-content\/uploads\/2026\/02\/EmergencyPediatric_DentistTalkingtoChild_Hero-1536x977.jpg 1536w, https:\/\/dentistry.com\/wp-content\/uploads\/2026\/02\/EmergencyPediatric_DentistTalkingtoChild_Hero-18x12.jpg 18w, https:\/\/dentistry.com\/wp-content\/uploads\/2026\/02\/EmergencyPediatric_DentistTalkingtoChild_Hero.jpg 1755w\" sizes=\"(max-width: 300px) 100vw, 300px\" \/><\/div><\/a>\n\t\t\t\t<div class=\"elementor-post__avatar\">\n\t\t\t<img alt='Erin Darcy' src='https:\/\/secure.gravatar.com\/avatar\/d46cb61beb9c54a795d5d32ccf282187469662ab31ea69efb4ef2b44eea2cd48?s=128&#038;d=mm&#038;r=g' srcset='https:\/\/secure.gravatar.com\/avatar\/d46cb61beb9c54a795d5d32ccf282187469662ab31ea69efb4ef2b44eea2cd48?s=256&#038;d=mm&#038;r=g 2x' class='avatar avatar-128 photo' height='128' width='128' \/>\t\t<\/div>\n\t\t\t\t<div class=\"elementor-post__text\">\n\t\t\t\t<h3 class=\"elementor-post__title\">\n\t\t\t<a href=\"https:\/\/dentistry.com\/es_us\/services\/emergency-pediatric-dentists\/\" >\n\t\t\t\tEmergency Pediatric Dentist\t\t\t<\/a>\n\t\t<\/h3>\n\t\t\t\t<div class=\"elementor-post__excerpt\">\n\t\t\t<p>If your child is in pain, every minute can feel like forever. Whether it\u2019s a knocked-out tooth, sudden swelling, or a bad fall, an emergency pediatric dentist can help quickly, gently, and with care designed just for kids. This page explains what counts as a dental emergency, what to do before you arrive, and how to find a kids\u2019 emergency dentist near you right now.<\/p>\n\t\t<\/div>\n\t\t\t\t\t<div class=\"elementor-post__read-more-wrapper\">\n\t\t\n\t\t<a class=\"elementor-post__read-more\" href=\"https:\/\/dentistry.com\/es_us\/services\/emergency-pediatric-dentists\/\" aria-label=\"Read more about Emergency Pediatric Dentist\" tabindex=\"-1\" >\n\t\t\tSeguir leyendo\t\t<\/a>\n\n\t\t\t\t\t<\/div>\n\t\t\t\t<\/div>\n\t\t\t\t\t<\/div>\n\t\t<\/article>\n\t\t\t\t<article class=\"elementor-post elementor-grid-item post-43519 dental_services type-dental_services status-publish has-post-thumbnail hentry\" role=\"listitem\">\n\t\t\t<div class=\"elementor-post__card\">\n\t\t\t\t<a class=\"elementor-post__thumbnail__link\" href=\"https:\/\/dentistry.com\/es_us\/services\/emergency-oral-surgeons\/\" tabindex=\"-1\" ><div class=\"elementor-post__thumbnail\"><img loading=\"lazy\" decoding=\"async\" width=\"300\" height=\"191\" src=\"https:\/\/dentistry.com\/wp-content\/uploads\/2026\/01\/EmergencyOralSurgeon_WomaninPain_Hero-300x191.jpg\" class=\"attachment-medium size-medium wp-image-43520\" alt=\"Woman holding her jaw in pain at home, experiencing severe tooth pain\" srcset=\"https:\/\/dentistry.com\/wp-content\/uploads\/2026\/01\/EmergencyOralSurgeon_WomaninPain_Hero-300x191.jpg 300w, https:\/\/dentistry.com\/wp-content\/uploads\/2026\/01\/EmergencyOralSurgeon_WomaninPain_Hero-1024x651.jpg 1024w, https:\/\/dentistry.com\/wp-content\/uploads\/2026\/01\/EmergencyOralSurgeon_WomaninPain_Hero-768x488.jpg 768w, https:\/\/dentistry.com\/wp-content\/uploads\/2026\/01\/EmergencyOralSurgeon_WomaninPain_Hero-1536x977.jpg 1536w, https:\/\/dentistry.com\/wp-content\/uploads\/2026\/01\/EmergencyOralSurgeon_WomaninPain_Hero-18x12.jpg 18w, https:\/\/dentistry.com\/wp-content\/uploads\/2026\/01\/EmergencyOralSurgeon_WomaninPain_Hero.jpg 1755w\" sizes=\"(max-width: 300px) 100vw, 300px\" \/><\/div><\/a>\n\t\t\t\t<div class=\"elementor-post__avatar\">\n\t\t\t<img alt='Erin Darcy' src='https:\/\/secure.gravatar.com\/avatar\/d46cb61beb9c54a795d5d32ccf282187469662ab31ea69efb4ef2b44eea2cd48?s=128&#038;d=mm&#038;r=g' srcset='https:\/\/secure.gravatar.com\/avatar\/d46cb61beb9c54a795d5d32ccf282187469662ab31ea69efb4ef2b44eea2cd48?s=256&#038;d=mm&#038;r=g 2x' class='avatar avatar-128 photo' height='128' width='128' \/>\t\t<\/div>\n\t\t\t\t<div class=\"elementor-post__text\">\n\t\t\t\t<h3 class=\"elementor-post__title\">\n\t\t\t<a href=\"https:\/\/dentistry.com\/es_us\/services\/emergency-oral-surgeons\/\" >\n\t\t\t\tCirujano oral de urgencias\t\t\t<\/a>\n\t\t<\/h3>\n\t\t\t\t<div class=\"elementor-post__excerpt\">\n\t\t\t<p>Severe tooth pain, facial swelling, or injury can strike suddenly and feel overwhelming. An emergency oral surgeon can help with complex problems that dentists can\u2019t. This page explains when to call for emergency oral surgery, what to do right in the meantime for relief, and what to expect when you visit an oral surgeon near you.<\/p>\n\t\t<\/div>\n\t\t\t\t\t<div class=\"elementor-post__read-more-wrapper\">\n\t\t\n\t\t<a class=\"elementor-post__read-more\" href=\"https:\/\/dentistry.com\/es_us\/services\/emergency-oral-surgeons\/\" aria-label=\"Read more about Emergency Oral Surgeon\" tabindex=\"-1\" >\n\t\t\tSeguir leyendo\t\t<\/a>\n\n\t\t\t\t\t<\/div>\n\t\t\t\t<\/div>\n\t\t\t\t\t<\/div>\n\t\t<\/article>\n\t\t\t\t<article class=\"elementor-post elementor-grid-item post-43508 dental_services type-dental_services status-publish has-post-thumbnail hentry\" role=\"listitem\">\n\t\t\t<div class=\"elementor-post__card\">\n\t\t\t\t<a class=\"elementor-post__thumbnail__link\" href=\"https:\/\/dentistry.com\/es_us\/services\/emergency-orthodontists\/\" tabindex=\"-1\" ><div class=\"elementor-post__thumbnail\"><img loading=\"lazy\" decoding=\"async\" width=\"300\" height=\"191\" src=\"https:\/\/dentistry.com\/wp-content\/uploads\/2026\/01\/EmergencyOrthodontist_Braces_Hero-300x191.jpg\" class=\"attachment-medium size-medium wp-image-43509\" alt=\"Orthodontist adjusting metal braces during an emergency dental appointment\" srcset=\"https:\/\/dentistry.com\/wp-content\/uploads\/2026\/01\/EmergencyOrthodontist_Braces_Hero-300x191.jpg 300w, https:\/\/dentistry.com\/wp-content\/uploads\/2026\/01\/EmergencyOrthodontist_Braces_Hero-1024x651.jpg 1024w, https:\/\/dentistry.com\/wp-content\/uploads\/2026\/01\/EmergencyOrthodontist_Braces_Hero-768x488.jpg 768w, https:\/\/dentistry.com\/wp-content\/uploads\/2026\/01\/EmergencyOrthodontist_Braces_Hero-1536x977.jpg 1536w, https:\/\/dentistry.com\/wp-content\/uploads\/2026\/01\/EmergencyOrthodontist_Braces_Hero-18x12.jpg 18w, https:\/\/dentistry.com\/wp-content\/uploads\/2026\/01\/EmergencyOrthodontist_Braces_Hero.jpg 1755w\" sizes=\"(max-width: 300px) 100vw, 300px\" \/><\/div><\/a>\n\t\t\t\t<div class=\"elementor-post__avatar\">\n\t\t\t<img alt='Erin Darcy' src='https:\/\/secure.gravatar.com\/avatar\/d46cb61beb9c54a795d5d32ccf282187469662ab31ea69efb4ef2b44eea2cd48?s=128&#038;d=mm&#038;r=g' srcset='https:\/\/secure.gravatar.com\/avatar\/d46cb61beb9c54a795d5d32ccf282187469662ab31ea69efb4ef2b44eea2cd48?s=256&#038;d=mm&#038;r=g 2x' class='avatar avatar-128 photo' height='128' width='128' \/>\t\t<\/div>\n\t\t\t\t<div class=\"elementor-post__text\">\n\t\t\t\t<h3 class=\"elementor-post__title\">\n\t\t\t<a href=\"https:\/\/dentistry.com\/es_us\/services\/emergency-orthodontists\/\" >\n\t\t\t\tOrtodoncia de urgencia\t\t\t<\/a>\n\t\t<\/h3>\n\t\t\t\t<div class=\"elementor-post__excerpt\">\n\t\t\t<p>A broken bracket, poking wire, or cracked retainer can feel like an urgent problem, especially when it\u2019s painful or disrupting your day. You don\u2019t have to panic or wait it out. This page explains how to handle an orthodontic emergency, what you can do for quick relief at home, and how to find an emergency orthodontist near you for same-day repair.<\/p>\n\t\t<\/div>\n\t\t\t\t\t<div class=\"elementor-post__read-more-wrapper\">\n\t\t\n\t\t<a class=\"elementor-post__read-more\" href=\"https:\/\/dentistry.com\/es_us\/services\/emergency-orthodontists\/\" aria-label=\"Read more about Emergency Orthodontist\" tabindex=\"-1\" >\n\t\t\tSeguir leyendo\t\t<\/a>\n\n\t\t\t\t\t<\/div>\n\t\t\t\t<\/div>\n\t\t\t\t\t<\/div>\n\t\t<\/article>\n\t\t\t\t<article class=\"elementor-post elementor-grid-item post-33981 dental_services type-dental_services status-publish has-post-thumbnail hentry\" role=\"listitem\">\n\t\t\t<div class=\"elementor-post__card\">\n\t\t\t\t<a class=\"elementor-post__thumbnail__link\" href=\"https:\/\/dentistry.com\/es_us\/services\/pain-free-sedation-emergency-dentist\/\" tabindex=\"-1\" ><div class=\"elementor-post__thumbnail\"><img loading=\"lazy\" decoding=\"async\" width=\"300\" height=\"191\" src=\"https:\/\/dentistry.com\/wp-content\/uploads\/2025\/10\/Sedation_Hero_PatientwithDentist-300x191.jpg\" class=\"attachment-medium size-medium wp-image-33984\" alt=\"Dental team preparing patient for treatment using sedation equipment with gas tanks\" srcset=\"https:\/\/dentistry.com\/wp-content\/uploads\/2025\/10\/Sedation_Hero_PatientwithDentist-300x191.jpg 300w, https:\/\/dentistry.com\/wp-content\/uploads\/2025\/10\/Sedation_Hero_PatientwithDentist-1024x651.jpg 1024w, https:\/\/dentistry.com\/wp-content\/uploads\/2025\/10\/Sedation_Hero_PatientwithDentist-768x488.jpg 768w, https:\/\/dentistry.com\/wp-content\/uploads\/2025\/10\/Sedation_Hero_PatientwithDentist-1536x977.jpg 1536w, https:\/\/dentistry.com\/wp-content\/uploads\/2025\/10\/Sedation_Hero_PatientwithDentist.jpg 1755w\" sizes=\"(max-width: 300px) 100vw, 300px\" \/><\/div><\/a>\n\t\t\t\t<div class=\"elementor-post__avatar\">\n\t\t\t<img alt='admin' src='https:\/\/secure.gravatar.com\/avatar\/ee021109004db252a637b239e3037fbafc51403be93469ca36aa0fa2176b3638?s=128&#038;d=mm&#038;r=g' srcset='https:\/\/secure.gravatar.com\/avatar\/ee021109004db252a637b239e3037fbafc51403be93469ca36aa0fa2176b3638?s=256&#038;d=mm&#038;r=g 2x' class='avatar avatar-128 photo' height='128' width='128' \/>\t\t<\/div>\n\t\t\t\t<div class=\"elementor-post__text\">\n\t\t\t\t<h3 class=\"elementor-post__title\">\n\t\t\t<a href=\"https:\/\/dentistry.com\/es_us\/services\/pain-free-sedation-emergency-dentist\/\" >\n\t\t\t\tDentista de urgencias sin dolor\/sedaci\u00f3n\t\t\t<\/a>\n\t\t<\/h3>\n\t\t\t\t<div class=\"elementor-post__excerpt\">\n\t\t\t<p>La odontolog\u00eda bajo sedaci\u00f3n, la sedaci\u00f3n dental y los dentistas bajo sedaci\u00f3n est\u00e1n aqu\u00ed para la atenci\u00f3n dental urgente cuando m\u00e1s lo necesita.<\/p>\n\t\t<\/div>\n\t\t\t\t\t<div class=\"elementor-post__read-more-wrapper\">\n\t\t\n\t\t<a class=\"elementor-post__read-more\" href=\"https:\/\/dentistry.com\/es_us\/services\/pain-free-sedation-emergency-dentist\/\" aria-label=\"Read more about Pain-Free\/Sedation Emergency Dentist\" tabindex=\"-1\" >\n\t\t\tSeguir leyendo\t\t<\/a>\n\n\t\t\t\t\t<\/div>\n\t\t\t\t<\/div>\n\t\t\t\t\t<\/div>\n\t\t<\/article>\n\t\t\t\t<\/div>\n\t\t\n\t\t\t\t<div class=\"e-load-more-anchor\" data-page=\"1\" data-max-page=\"2\" data-next-page=\"https:\/\/dentistry.com\/es_us\/wp-json\/wp\/v2\/pages\/38136\/page\/2\/\"><\/div>\n\t\t\t\t<nav class=\"elementor-pagination\" aria-label=\"Pagination\">\n\t\t\t<span aria-current=\"page\" class=\"page-numbers current\"><span class=\"elementor-screen-only\">Page<\/span>1<\/span>\n<a class=\"page-numbers\" href=\"https:\/\/dentistry.com\/es_us\/wp-json\/wp\/v2\/pages\/38136\/page\/2\/\"><span class=\"elementor-screen-only\">Page<\/span>2<\/a>\t\t<\/nav>\n\t\t\t\t\t\t<\/div>\n\t\t\t\t<\/div>\n\t\t\t\t\t<\/div>\n\t\t\t\t<\/div>\n\t\t<div class=\"elementor-element elementor-element-e938080 e-con-full e-flex e-con e-parent\" data-id=\"e938080\" data-element_type=\"container\">\n\t\t<div class=\"elementor-element elementor-element-d24411c e-con-full e-flex e-con e-child\" data-id=\"d24411c\" data-element_type=\"container\" data-settings=\"{&quot;background_background&quot;:&quot;classic&quot;}\">\n\t\t<div class=\"elementor-element elementor-element-86f2c11 e-con-full e-flex e-con e-child\" data-id=\"86f2c11\" data-element_type=\"container\">\n\t\t<div class=\"elementor-element elementor-element-e8a69f7 e-con-full e-flex e-con e-child\" data-id=\"e8a69f7\" data-element_type=\"container\" data-settings=\"{&quot;background_background&quot;:&quot;gradient&quot;}\">\n\t\t<div class=\"elementor-element elementor-element-5466d87 e-flex e-con-boxed e-con e-child\" data-id=\"5466d87\" data-element_type=\"container\">\n\t\t\t\t\t<div class=\"e-con-inner\">\n\t\t\t\t<div class=\"elementor-element elementor-element-c1a388f elementor-widget elementor-widget-heading\" data-id=\"c1a388f\" data-element_type=\"widget\" data-widget_type=\"heading.default\">\n\t\t\t\t\t<h2 class=\"elementor-heading-title elementor-size-default\">\u00bfBusca un dentista cerca de usted?<\/h2>\t\t\t\t<\/div>\n\t\t\t\t<div class=\"elementor-element elementor-element-ff535cd elementor-widget elementor-widget-text-editor\" data-id=\"ff535cd\" data-element_type=\"widget\" data-widget_type=\"text-editor.default\">\n\t\t\t\t\t\t\t\t\t<p>Le ayudaremos a encontrar el dentista adecuado, donde y cuando lo necesite.<\/p>\t\t\t\t\t\t\t\t<\/div>\n\t\t\t\t<div class=\"elementor-element elementor-element-4bb349b cta-guide-main elementor-widget elementor-widget-html\" data-id=\"4bb349b\" data-element_type=\"widget\" data-widget_type=\"html.default\">\n\t\t\t\t\t    <div class=\"zip-search-widget\" id=\"zipSearchWidget_1\">\n        <form class=\"zip-search-form\" id=\"zipSearchForm_1\" action=\"\">\n            <div class=\"search-input-container\">\n                <input \n                    type=\"text\" \n                    id=\"zipSearchWidgetInput_1\" \n                    name=\"zip_code\" \n                    placeholder=\"Introduzca el c\u00f3digo postal\" \n                    class=\"zip-input\"\n                    maxlength=\"10\"\n                    pattern=\"[0-9]{5}(-[0-9]{4})?\"\n                    title=\"Introduzca un c\u00f3digo postal v\u00e1lido\"\n                >\n                <button type=\"submit\" class=\"search-btn\">\n                    Buscar en                <\/button>\n            <\/div>\n        <input type=\"hidden\" name=\"trp-form-language\" value=\"es_us\"\/><\/form>\n    <\/div>\n    \t\t\t\t<\/div>\n\t\t\t\t\t<\/div>\n\t\t\t\t<\/div>\n\t\t\t\t<\/div>\n\t\t\t\t<\/div>\n\t\t\t\t<\/div>\n\t\t\t\t<\/div>\n\t\t\t\t<\/div>","protected":false},"excerpt":{"rendered":"<p>Our Dental Services When you face a dental crisis, you need fast, reliable help. Emergency services from our providers will help treat urgent issues like severe pain, injuries, and sudden repairs, ensuring you get relief and necessary treatment without delay. Looking for a Dentist Near You? We\u2019ll help you find the right dentist, where and [&hellip;]<\/p>","protected":false},"author":1,"featured_media":0,"parent":0,"menu_order":0,"comment_status":"closed","ping_status":"closed","template":"","meta":{"_acf_changed":false,"_monsterinsights_skip_tracking":false,"_monsterinsights_sitenote_active":false,"_monsterinsights_sitenote_note":"","_monsterinsights_sitenote_category":0,"footnotes":""},"class_list":["post-38136","page","type-page","status-publish","hentry"],"acf":[],"aioseo_notices":[],"_links":{"self":[{"href":"https:\/\/dentistry.com\/es_us\/wp-json\/wp\/v2\/pages\/38136","targetHints":{"allow":["GET"]}}],"collection":[{"href":"https:\/\/dentistry.com\/es_us\/wp-json\/wp\/v2\/pages"}],"about":[{"href":"https:\/\/dentistry.com\/es_us\/wp-json\/wp\/v2\/types\/page"}],"author":[{"embeddable":true,"href":"https:\/\/dentistry.com\/es_us\/wp-json\/wp\/v2\/users\/1"}],"replies":[{"embeddable":true,"href":"https:\/\/dentistry.com\/es_us\/wp-json\/wp\/v2\/comments?post=38136"}],"version-history":[{"count":0,"href":"https:\/\/dentistry.com\/es_us\/wp-json\/wp\/v2\/pages\/38136\/revisions"}],"wp:attachment":[{"href":"https:\/\/dentistry.com\/es_us\/wp-json\/wp\/v2\/media?parent=38136"}],"curies":[{"name":"wp","href":"https:\/\/api.w.org\/{rel}","templated":true}]}}