{"id":491,"date":"2025-08-21T12:11:39","date_gmt":"2025-08-21T12:11:39","guid":{"rendered":"https:\/\/dentistrystag.wpenginepowered.com\/?page_id=491"},"modified":"2025-11-14T09:53:17","modified_gmt":"2025-11-14T09:53:17","slug":"about","status":"publish","type":"page","link":"https:\/\/dentistry.com\/es_us\/about\/","title":{"rendered":"Acerca de"},"content":{"rendered":"<div data-elementor-type=\"wp-page\" data-elementor-id=\"491\" class=\"elementor elementor-491\" data-elementor-post-type=\"page\">\n\t\t\t\t<div class=\"elementor-element elementor-element-687235c e-con-full e-flex e-con e-parent\" data-id=\"687235c\" data-element_type=\"container\">\n\t\t<div class=\"elementor-element elementor-element-0543426 e-grid e-con-boxed e-con e-child\" data-id=\"0543426\" data-element_type=\"container\">\n\t\t\t\t\t<div class=\"e-con-inner\">\n\t\t<div class=\"elementor-element elementor-element-7f7539c e-con-full e-flex e-con e-child\" data-id=\"7f7539c\" data-element_type=\"container\">\n\t\t\t\t<div class=\"elementor-element elementor-element-59c4ac3 elementor-widget elementor-widget-heading\" data-id=\"59c4ac3\" data-element_type=\"widget\" id=\"who-we-are-heading\" data-widget_type=\"heading.default\">\n\t\t\t\t\t<h2 class=\"elementor-heading-title elementor-size-default\">Qui\u00e9nes somos<\/h2>\t\t\t\t<\/div>\n\t\t\t\t<div class=\"elementor-element elementor-element-234fdaf elementor-widget elementor-widget-text-editor\" data-id=\"234fdaf\" data-element_type=\"widget\" data-widget_type=\"text-editor.default\">\n\t\t\t\t\t\t\t\t\t<p>La forma m\u00e1s f\u00e1cil de encontrar un dentista de confianza. Le ponemos en contacto con dentistas de confianza que le ofrecen la atenci\u00f3n de calidad que se merece, de forma r\u00e1pida, sencilla y gratuita. A trav\u00e9s de Dentistry.com, millones de pacientes han encontrado referencias personalizadas y gratuitas de dentistas cualificados en su zona. Eliminamos las conjeturas a la hora de elegir un dentista, para que pueda obtener la atenci\u00f3n que necesita r\u00e1pidamente y sin estr\u00e9s.<\/p>\t\t\t\t\t\t\t\t<\/div>\n\t\t\t\t<\/div>\n\t\t<div class=\"elementor-element elementor-element-f3ee104 e-con-full e-flex e-con e-child\" data-id=\"f3ee104\" data-element_type=\"container\">\n\t\t\t\t<div class=\"elementor-element elementor-element-0283ad8 elementor-widget elementor-widget-image\" data-id=\"0283ad8\" data-element_type=\"widget\" data-widget_type=\"image.default\">\n\t\t\t\t\t\t\t\t\t\t\t\t\t\t\t<img fetchpriority=\"high\" decoding=\"async\" width=\"800\" height=\"1000\" src=\"https:\/\/dentistry.com\/wp-content\/uploads\/2025\/08\/25afb1beb3c318b9ab09e506f17443baac7db508.jpg\" class=\"attachment-large size-large wp-image-497\" alt=\"\" \/>\t\t\t\t\t\t\t\t\t\t\t\t\t\t\t<\/div>\n\t\t\t\t<\/div>\n\t\t\t\t\t<\/div>\n\t\t\t\t<\/div>\n\t\t\t\t<\/div>\n\t\t<div class=\"elementor-element elementor-element-d40af60 e-con-full e-flex e-con e-parent\" data-id=\"d40af60\" data-element_type=\"container\">\n\t\t<div class=\"elementor-element elementor-element-5a8df87 e-flex e-con-boxed e-con e-child\" data-id=\"5a8df87\" data-element_type=\"container\" data-settings=\"{&quot;background_background&quot;:&quot;classic&quot;}\">\n\t\t\t\t\t<div class=\"e-con-inner\">\n\t\t\t\t<div class=\"elementor-element elementor-element-8183e33 elementor-widget elementor-widget-heading\" data-id=\"8183e33\" data-element_type=\"widget\" id=\"serving-title\" data-widget_type=\"heading.default\">\n\t\t\t\t\t<h2 class=\"elementor-heading-title elementor-size-default\">Atendiendo sus necesidades dentales de costa a costa<\/h2>\t\t\t\t<\/div>\n\t\t<div class=\"elementor-element elementor-element-094d4ed e-con-full e-flex e-con e-child\" data-id=\"094d4ed\" data-element_type=\"container\">\n\t\t<div class=\"elementor-element elementor-element-c49f496 e-con-full divider1 e-flex e-con e-child\" data-id=\"c49f496\" data-element_type=\"container\">\n\t\t\t\t<div class=\"elementor-element elementor-element-006a0c3 elementor-widget__width-inherit elementor-widget-divider--view-line elementor-widget elementor-widget-divider\" data-id=\"006a0c3\" data-element_type=\"widget\" data-widget_type=\"divider.default\">\n\t\t\t\t\t\t\t<div class=\"elementor-divider\">\n\t\t\t<span class=\"elementor-divider-separator\">\n\t\t\t\t\t\t<\/span>\n\t\t<\/div>\n\t\t\t\t\t\t<\/div>\n\t\t\t\t<\/div>\n\t\t<div class=\"elementor-element elementor-element-0a37d38 e-con-full dental-image e-flex e-con e-child\" data-id=\"0a37d38\" data-element_type=\"container\">\n\t\t\t\t<div class=\"elementor-element elementor-element-23c9702 elementor-widget elementor-widget-image\" data-id=\"23c9702\" data-element_type=\"widget\" data-widget_type=\"image.default\">\n\t\t\t\t\t\t\t\t\t\t\t\t\t\t\t<img decoding=\"async\" width=\"800\" height=\"799\" src=\"https:\/\/dentistry.com\/wp-content\/uploads\/2025\/08\/7a4b3634c619a5cb34ff6df3f1a54db21dff25d7.png\" class=\"attachment-large size-large wp-image-519\" alt=\"\" \/>\t\t\t\t\t\t\t\t\t\t\t\t\t\t\t<\/div>\n\t\t\t\t<\/div>\n\t\t<div class=\"elementor-element elementor-element-91d7aeb e-con-full divider2 e-flex e-con e-child\" data-id=\"91d7aeb\" data-element_type=\"container\">\n\t\t\t\t<div class=\"elementor-element elementor-element-36c2ece elementor-widget-divider--view-line elementor-widget elementor-widget-divider\" data-id=\"36c2ece\" data-element_type=\"widget\" data-widget_type=\"divider.default\">\n\t\t\t\t\t\t\t<div class=\"elementor-divider\">\n\t\t\t<span class=\"elementor-divider-separator\">\n\t\t\t\t\t\t<\/span>\n\t\t<\/div>\n\t\t\t\t\t\t<\/div>\n\t\t\t\t<\/div>\n\t\t\t\t<\/div>\n\t\t<div class=\"elementor-element elementor-element-863b097 e-grid aboutus-counter e-con-boxed e-con e-child\" data-id=\"863b097\" data-element_type=\"container\">\n\t\t\t\t\t<div class=\"e-con-inner\">\n\t\t<div class=\"elementor-element elementor-element-7534f90 e-con-full e-flex e-con e-child\" data-id=\"7534f90\" data-element_type=\"container\">\n\t\t\t\t<div class=\"elementor-element elementor-element-5aff39d elementor-widget elementor-widget-counter\" data-id=\"5aff39d\" data-element_type=\"widget\" data-widget_type=\"counter.default\">\n\t\t\t\t\t\t\t<div class=\"elementor-counter\">\n\t\t\t\t\t\t<div class=\"elementor-counter-number-wrapper\">\n\t\t\t\t<span class=\"elementor-counter-number-prefix\"><\/span>\n\t\t\t\t<span class=\"elementor-counter-number\" data-duration=\"2000\" data-to-value=\"2000\" data-from-value=\"100\" data-delimiter=\",\">100<\/span>\n\t\t\t\t<span class=\"elementor-counter-number-suffix\">+<\/span>\n\t\t\t<\/div>\n\t\t<\/div>\n\t\t\t\t\t\t<\/div>\n\t\t\t\t<div class=\"elementor-element elementor-element-fdfb80d elementor-widget elementor-widget-heading\" data-id=\"fdfb80d\" data-element_type=\"widget\" data-widget_type=\"heading.default\">\n\t\t\t\t\t<h2 class=\"elementor-heading-title elementor-size-default\">Odontolog\u00eda<\/h2>\t\t\t\t<\/div>\n\t\t\t\t<\/div>\n\t\t<div class=\"elementor-element elementor-element-96bdcf8 e-con-full e-flex e-con e-child\" data-id=\"96bdcf8\" data-element_type=\"container\">\n\t\t\t\t<div class=\"elementor-element elementor-element-78741b1 elementor-widget elementor-widget-counter\" data-id=\"78741b1\" data-element_type=\"widget\" data-widget_type=\"counter.default\">\n\t\t\t\t\t\t\t<div class=\"elementor-counter\">\n\t\t\t\t\t\t<div class=\"elementor-counter-number-wrapper\">\n\t\t\t\t<span class=\"elementor-counter-number-prefix\"><\/span>\n\t\t\t\t<span class=\"elementor-counter-number\" data-duration=\"2000\" data-to-value=\"3200\" data-from-value=\"100\" data-delimiter=\",\">100<\/span>\n\t\t\t\t<span class=\"elementor-counter-number-suffix\">+<\/span>\n\t\t\t<\/div>\n\t\t<\/div>\n\t\t\t\t\t\t<\/div>\n\t\t\t\t<div class=\"elementor-element elementor-element-99bce43 elementor-widget elementor-widget-heading\" data-id=\"99bce43\" data-element_type=\"widget\" data-widget_type=\"heading.default\">\n\t\t\t\t\t<h2 class=\"elementor-heading-title elementor-size-default\">Profesionales dentales<\/h2>\t\t\t\t<\/div>\n\t\t\t\t<\/div>\n\t\t<div class=\"elementor-element elementor-element-b5776cf e-con-full e-flex e-con e-child\" data-id=\"b5776cf\" data-element_type=\"container\">\n\t\t\t\t<div class=\"elementor-element elementor-element-3e1b903 elementor-widget elementor-widget-counter\" data-id=\"3e1b903\" data-element_type=\"widget\" data-widget_type=\"counter.default\">\n\t\t\t\t\t\t\t<div class=\"elementor-counter\">\n\t\t\t\t\t\t<div class=\"elementor-counter-number-wrapper\">\n\t\t\t\t<span class=\"elementor-counter-number-prefix\"><\/span>\n\t\t\t\t<span class=\"elementor-counter-number\" data-duration=\"2000\" data-to-value=\"70000\" data-from-value=\"10000\" data-delimiter=\",\">10000<\/span>\n\t\t\t\t<span class=\"elementor-counter-number-suffix\">+<\/span>\n\t\t\t<\/div>\n\t\t<\/div>\n\t\t\t\t\t\t<\/div>\n\t\t\t\t<div class=\"elementor-element elementor-element-336ad50 elementor-widget elementor-widget-heading\" data-id=\"336ad50\" data-element_type=\"widget\" data-widget_type=\"heading.default\">\n\t\t\t\t\t<h2 class=\"elementor-heading-title elementor-size-default\">Pacientes atendidos mensualmente<\/h2>\t\t\t\t<\/div>\n\t\t\t\t<\/div>\n\t\t\t\t\t<\/div>\n\t\t\t\t<\/div>\n\t\t\t\t\t<\/div>\n\t\t\t\t<\/div>\n\t\t\t\t<\/div>\n\t\t<div class=\"elementor-element elementor-element-a46be8b e-con-full e-flex e-con e-parent\" data-id=\"a46be8b\" data-element_type=\"container\" data-settings=\"{&quot;background_background&quot;:&quot;gradient&quot;}\">\n\t\t<div class=\"elementor-element elementor-element-d134ca4 e-flex e-con-boxed e-con e-child\" data-id=\"d134ca4\" data-element_type=\"container\">\n\t\t\t\t\t<div class=\"e-con-inner\">\n\t\t<div class=\"elementor-element elementor-element-3ecf61f e-flex e-con-boxed e-con e-child\" data-id=\"3ecf61f\" data-element_type=\"container\">\n\t\t\t\t\t<div class=\"e-con-inner\">\n\t\t\t\t<div class=\"elementor-element elementor-element-cb1e26a elementor-widget elementor-widget-image\" data-id=\"cb1e26a\" data-element_type=\"widget\" data-widget_type=\"image.default\">\n\t\t\t\t\t\t\t\t\t\t\t\t\t\t\t<img decoding=\"async\" width=\"800\" height=\"206\" src=\"https:\/\/dentistry.com\/wp-content\/uploads\/2025\/11\/5-Star-Rating-from-Dentistry-Staging.png\" class=\"attachment-large size-large wp-image-43299\" alt=\"\" srcset=\"https:\/\/dentistry.com\/wp-content\/uploads\/2025\/11\/5-Star-Rating-from-Dentistry-Staging.png 824w, https:\/\/dentistry.com\/wp-content\/uploads\/2025\/11\/5-Star-Rating-from-Dentistry-Staging-300x77.png 300w, https:\/\/dentistry.com\/wp-content\/uploads\/2025\/11\/5-Star-Rating-from-Dentistry-Staging-768x198.png 768w, https:\/\/dentistry.com\/wp-content\/uploads\/2025\/11\/5-Star-Rating-from-Dentistry-Staging-18x5.png 18w\" sizes=\"(max-width: 800px) 100vw, 800px\" \/>\t\t\t\t\t\t\t\t\t\t\t\t\t\t\t<\/div>\n\t\t\t\t<div class=\"elementor-element elementor-element-5b14a96 elementor-widget elementor-widget-heading\" data-id=\"5b14a96\" data-element_type=\"widget\" data-widget_type=\"heading.default\">\n\t\t\t\t\t<h2 class=\"elementor-heading-title elementor-size-default\">Lo que dicen nuestros visitantes<\/h2>\t\t\t\t<\/div>\n\t\t\t\t\t<\/div>\n\t\t\t\t<\/div>\n\t\t<div class=\"elementor-element elementor-element-cd65d95 e-flex e-con-boxed e-con e-child\" data-id=\"cd65d95\" data-element_type=\"container\">\n\t\t\t\t\t<div class=\"e-con-inner\">\n\t\t<div class=\"elementor-element elementor-element-fb631ad e-grid e-con-full e-con e-child\" data-id=\"fb631ad\" data-element_type=\"container\">\n\t\t<div class=\"elementor-element elementor-element-74b2d48 e-con-full e-flex e-con e-child\" data-id=\"74b2d48\" data-element_type=\"container\" data-settings=\"{&quot;background_background&quot;:&quot;gradient&quot;}\">\n\t\t\t\t<div class=\"elementor-element elementor-element-1a3ef60 elementor-widget elementor-widget-image\" data-id=\"1a3ef60\" data-element_type=\"widget\" data-widget_type=\"image.default\">\n\t\t\t\t\t\t\t\t\t\t\t\t\t\t\t<img loading=\"lazy\" decoding=\"async\" width=\"95\" height=\"95\" src=\"https:\/\/dentistry.com\/wp-content\/uploads\/2025\/11\/Quotes-1.png\" class=\"attachment-large size-large wp-image-38541\" alt=\"\" srcset=\"https:\/\/dentistry.com\/wp-content\/uploads\/2025\/11\/Quotes-1.png 95w, https:\/\/dentistry.com\/wp-content\/uploads\/2025\/11\/Quotes-1-12x12.png 12w\" sizes=\"(max-width: 95px) 100vw, 95px\" \/>\t\t\t\t\t\t\t\t\t\t\t\t\t\t\t<\/div>\n\t\t\t\t<div class=\"elementor-element elementor-element-16e8959 home-reviews elementor-widget elementor-widget-text-editor\" data-id=\"16e8959\" data-element_type=\"widget\" data-widget_type=\"text-editor.default\">\n\t\t\t\t\t\t\t\t\t<p>\u201c<span style=\"font-weight: 400;\">Casi demasiado eficaz. Me conectaron con una cl\u00ednica dental de mi zona, ped\u00ed cita y \u00a1BOOM!<\/span>\u201d<\/p>\t\t\t\t\t\t\t\t<\/div>\n\t\t\t\t<div class=\"elementor-element elementor-element-6fe3252 elementor-widget elementor-widget-text-editor\" data-id=\"6fe3252\" data-element_type=\"widget\" data-widget_type=\"text-editor.default\">\n\t\t\t\t\t\t\t\t\t<p><b>Judy<\/b><\/p>\t\t\t\t\t\t\t\t<\/div>\n\t\t\t\t<\/div>\n\t\t<div class=\"elementor-element elementor-element-e7f588e e-con-full e-flex e-con e-child\" data-id=\"e7f588e\" data-element_type=\"container\" data-settings=\"{&quot;background_background&quot;:&quot;gradient&quot;}\">\n\t\t\t\t<div class=\"elementor-element elementor-element-fb1bfee elementor-widget elementor-widget-image\" data-id=\"fb1bfee\" data-element_type=\"widget\" data-widget_type=\"image.default\">\n\t\t\t\t\t\t\t\t\t\t\t\t\t\t\t<img loading=\"lazy\" decoding=\"async\" width=\"95\" height=\"95\" src=\"https:\/\/dentistry.com\/wp-content\/uploads\/2025\/11\/Quotes-1.png\" class=\"attachment-large size-large wp-image-38541\" alt=\"\" srcset=\"https:\/\/dentistry.com\/wp-content\/uploads\/2025\/11\/Quotes-1.png 95w, https:\/\/dentistry.com\/wp-content\/uploads\/2025\/11\/Quotes-1-12x12.png 12w\" sizes=\"(max-width: 95px) 100vw, 95px\" \/>\t\t\t\t\t\t\t\t\t\t\t\t\t\t\t<\/div>\n\t\t\t\t<div class=\"elementor-element elementor-element-3cbe438 home-reviews elementor-widget elementor-widget-text-editor\" data-id=\"3cbe438\" data-element_type=\"widget\" data-widget_type=\"text-editor.default\">\n\t\t\t\t\t\t\t\t\t<p>\u201cMe conect\u00e9 a Internet a las 10 de la noche despu\u00e9s de que se me cayera la corona del diente delantero. 1-800-DENTIST me conect\u00f3 con un dentista que me atender\u00eda al d\u00eda siguiente. \u00a1Hicieron un GRAN trabajo! Cuando tenga una emergencia, no entre en p\u00e1nico-\u00a1llame a 1-800-DENTIST!\u201d.\u201d<\/p>\t\t\t\t\t\t\t\t<\/div>\n\t\t\t\t<div class=\"elementor-element elementor-element-3e36003 elementor-widget elementor-widget-text-editor\" data-id=\"3e36003\" data-element_type=\"widget\" data-widget_type=\"text-editor.default\">\n\t\t\t\t\t\t\t\t\t<p><b>Cheryl<\/b><\/p>\t\t\t\t\t\t\t\t<\/div>\n\t\t\t\t<\/div>\n\t\t<div class=\"elementor-element elementor-element-c23d198 e-con-full e-flex e-con e-child\" data-id=\"c23d198\" data-element_type=\"container\" data-settings=\"{&quot;background_background&quot;:&quot;gradient&quot;}\">\n\t\t\t\t<div class=\"elementor-element elementor-element-0501048 elementor-widget elementor-widget-image\" data-id=\"0501048\" data-element_type=\"widget\" data-widget_type=\"image.default\">\n\t\t\t\t\t\t\t\t\t\t\t\t\t\t\t<img loading=\"lazy\" decoding=\"async\" width=\"95\" height=\"95\" src=\"https:\/\/dentistry.com\/wp-content\/uploads\/2025\/11\/Quotes-1.png\" class=\"attachment-large size-large wp-image-38541\" alt=\"\" srcset=\"https:\/\/dentistry.com\/wp-content\/uploads\/2025\/11\/Quotes-1.png 95w, https:\/\/dentistry.com\/wp-content\/uploads\/2025\/11\/Quotes-1-12x12.png 12w\" sizes=\"(max-width: 95px) 100vw, 95px\" \/>\t\t\t\t\t\t\t\t\t\t\t\t\t\t\t<\/div>\n\t\t\t\t<div class=\"elementor-element elementor-element-85292a2 home-reviews elementor-widget elementor-widget-text-editor\" data-id=\"85292a2\" data-element_type=\"widget\" data-widget_type=\"text-editor.default\">\n\t\t\t\t\t\t\t\t\t<p>\u201c<span style=\"font-weight: 400;\">He utilizado 1-800-DENTIST durante los \u00faltimos a\u00f1os y he recibido excelentes referencias.<\/span>\u201d<\/p>\t\t\t\t\t\t\t\t<\/div>\n\t\t\t\t<div class=\"elementor-element elementor-element-d6cea40 elementor-widget elementor-widget-text-editor\" data-id=\"d6cea40\" data-element_type=\"widget\" data-widget_type=\"text-editor.default\">\n\t\t\t\t\t\t\t\t\t<p><b>Allison<\/b><\/p>\t\t\t\t\t\t\t\t<\/div>\n\t\t\t\t<\/div>\n\t\t\t\t<\/div>\n\t\t\t\t\t<\/div>\n\t\t\t\t<\/div>\n\t\t\t\t\t<\/div>\n\t\t\t\t<\/div>\n\t\t\t\t<\/div>\n\t\t<div class=\"elementor-element elementor-element-1961723 e-con-full e-flex e-con e-parent\" data-id=\"1961723\" data-element_type=\"container\">\n\t\t<div class=\"elementor-element elementor-element-b96e3f3 e-flex e-con-boxed e-con e-child\" data-id=\"b96e3f3\" data-element_type=\"container\" id=\"support\">\n\t\t\t\t\t<div class=\"e-con-inner\">\n\t\t<div class=\"elementor-element elementor-element-85983a0 e-con-full e-flex e-con e-child\" data-id=\"85983a0\" data-element_type=\"container\">\n\t\t\t\t<div class=\"elementor-element elementor-element-55f61cd elementor-widget elementor-widget-image\" data-id=\"55f61cd\" data-element_type=\"widget\" data-widget_type=\"image.default\">\n\t\t\t\t\t\t\t\t\t\t\t\t\t\t\t<img loading=\"lazy\" decoding=\"async\" width=\"800\" height=\"800\" src=\"https:\/\/dentistry.com\/wp-content\/uploads\/2025\/09\/936d03fbc8dd015e7ffc0f9f2882e088e61140b0.png\" class=\"attachment-large size-large wp-image-4930\" alt=\"\" \/>\t\t\t\t\t\t\t\t\t\t\t\t\t\t\t<\/div>\n\t\t\t\t<\/div>\n\t\t<div class=\"elementor-element elementor-element-ab4e62f e-con-full e-flex e-con e-child\" data-id=\"ab4e62f\" data-element_type=\"container\">\n\t\t<div class=\"elementor-element elementor-element-f152321 e-grid e-con-full e-con e-child\" data-id=\"f152321\" data-element_type=\"container\">\n\t\t<div class=\"elementor-element elementor-element-4c11d22 e-con-full e-flex e-con e-child\" data-id=\"4c11d22\" data-element_type=\"container\">\n\t\t\t\t<div class=\"elementor-element elementor-element-a0d8b83 elementor-widget elementor-widget-heading\" data-id=\"a0d8b83\" data-element_type=\"widget\" data-widget_type=\"heading.default\">\n\t\t\t\t\t<h2 class=\"elementor-heading-title elementor-size-default\">P\u00f3ngase en contacto con nosotros<\/h2>\t\t\t\t<\/div>\n\t\t\t\t<\/div>\n\t\t<div class=\"elementor-element elementor-element-96f974f e-con-full e-flex e-con e-child\" data-id=\"96f974f\" data-element_type=\"container\">\n\t\t\t\t<div class=\"elementor-element elementor-element-cee229f elementor-hidden-mobile elementor-widget elementor-widget-heading\" data-id=\"cee229f\" data-element_type=\"widget\" data-widget_type=\"heading.default\">\n\t\t\t\t\t<h2 class=\"elementor-heading-title elementor-size-default\">Atenci\u00f3n al cliente<\/h2>\t\t\t\t<\/div>\n\t\t\t\t<\/div>\n\t\t\t\t<\/div>\n\t\t<div class=\"elementor-element elementor-element-742f6c5 e-con-full e-flex e-con e-child\" data-id=\"742f6c5\" data-element_type=\"container\">\n\t\t<div class=\"elementor-element elementor-element-ef74e2a e-grid e-con-full e-con e-child\" data-id=\"ef74e2a\" data-element_type=\"container\">\n\t\t<div class=\"elementor-element elementor-element-2adda16 e-con-full e-flex e-con e-child\" data-id=\"2adda16\" data-element_type=\"container\">\n\t\t\t\t<div class=\"elementor-element elementor-element-ac37c8d membership-portal about-us-contact elementor-widget elementor-widget-text-editor\" data-id=\"ac37c8d\" data-element_type=\"widget\" data-widget_type=\"text-editor.default\">\n\t\t\t\t\t\t\t\t\t<p>1-800-DENTISTAS<sup>\u00ae<\/sup><\/p><p>25 SE 2nd Ave<\/p><p>Direcci\u00f3n 550 PMB 300<\/p><p>Miami, FL 33131<\/p>\t\t\t\t\t\t\t\t<\/div>\n\t\t\t\t<div class=\"elementor-element elementor-element-585823b elementor-hidden-desktop elementor-hidden-tablet elementor-widget elementor-widget-heading\" data-id=\"585823b\" data-element_type=\"widget\" data-widget_type=\"heading.default\">\n\t\t\t\t\t<h2 class=\"elementor-heading-title elementor-size-default\">Atenci\u00f3n al cliente<\/h2>\t\t\t\t<\/div>\n\t\t\t\t<\/div>\n\t\t<div class=\"elementor-element elementor-element-d383e64 e-con-full e-flex e-con e-child\" data-id=\"d383e64\" data-element_type=\"container\">\n\t\t\t\t<div class=\"elementor-element elementor-element-a0e3085 no-hover-change elementor-widget elementor-widget-text-editor\" data-id=\"a0e3085\" data-element_type=\"widget\" data-widget_type=\"text-editor.default\">\n\t\t\t\t\t\t\t\t\t<p style=\"margin-bottom: 10px;\"><a style=\"text-decoration: none;\" href=\"tel:1-800-552-1616\">1-800-552-1616<\/a><\/p><p style=\"margin-bottom: 10px;\"><a href=\"mailto:Feedback@1800dentist.com\">Feedback@1800dentist.com<\/a><\/p>\t\t\t\t\t\t\t\t<\/div>\n\t\t\t\t<\/div>\n\t\t\t\t<\/div>\n\t\t\t\t<\/div>\n\t\t\t\t<\/div>\n\t\t\t\t\t<\/div>\n\t\t\t\t<\/div>\n\t\t\t\t<\/div>\n\t\t<div class=\"elementor-element elementor-element-eabbb8a e-con-full e-flex e-con e-parent\" data-id=\"eabbb8a\" data-element_type=\"container\" data-settings=\"{&quot;background_background&quot;:&quot;classic&quot;}\">\n\t\t<div class=\"elementor-element elementor-element-c8ef543 e-con-full e-flex e-con e-child\" data-id=\"c8ef543\" data-element_type=\"container\" data-settings=\"{&quot;background_background&quot;:&quot;classic&quot;}\">\n\t\t<div class=\"elementor-element elementor-element-87287b6 e-flex e-con-boxed e-con e-child\" data-id=\"87287b6\" data-element_type=\"container\">\n\t\t\t\t\t<div class=\"e-con-inner\">\n\t\t\t\t<div class=\"elementor-element elementor-element-ed6c094 elementor-widget elementor-widget-heading\" data-id=\"ed6c094\" data-element_type=\"widget\" data-widget_type=\"heading.default\">\n\t\t\t\t\t<h2 class=\"elementor-heading-title elementor-size-default\">\u00bfBusca un dentista cerca de usted?<\/h2>\t\t\t\t<\/div>\n\t\t\t\t<div class=\"elementor-element elementor-element-bff1d28 elementor-align-center elementor-widget elementor-widget-button\" data-id=\"bff1d28\" data-element_type=\"widget\" data-widget_type=\"button.default\">\n\t\t\t\t\t\t\t\t\t\t<a class=\"elementor-button elementor-button-link elementor-size-sm\" href=\"\/es_us\/find-a-dentist\/\">\n\t\t\t\t\t\t<span class=\"elementor-button-content-wrapper\">\n\t\t\t\t\t\t\t\t\t<span class=\"elementor-button-text\">Buscar un dentista<\/span>\n\t\t\t\t\t<\/span>\n\t\t\t\t\t<\/a>\n\t\t\t\t\t\t\t\t<\/div>\n\t\t\t\t\t<\/div>\n\t\t\t\t<\/div>\n\t\t\t\t<\/div>\n\t\t\t\t<\/div>\n\t\t\t\t<\/div>","protected":false},"excerpt":{"rendered":"<p>Who We Are The easiest way to find a dentist you can trust. We connect you with trusted dentists who provide the quality care you deserve\u2014quickly, easily, and at no cost. Through Dentistry.com, millions of patients have found personalized, free referrals to qualified dentists in their area. We take the guesswork out of choosing a [&hellip;]<\/p>","protected":false},"author":1,"featured_media":0,"parent":0,"menu_order":0,"comment_status":"closed","ping_status":"closed","template":"","meta":{"_acf_changed":false,"_monsterinsights_skip_tracking":false,"_monsterinsights_sitenote_active":false,"_monsterinsights_sitenote_note":"","_monsterinsights_sitenote_category":0,"footnotes":""},"class_list":["post-491","page","type-page","status-publish","hentry"],"acf":[],"aioseo_notices":[],"_links":{"self":[{"href":"https:\/\/dentistry.com\/es_us\/wp-json\/wp\/v2\/pages\/491","targetHints":{"allow":["GET"]}}],"collection":[{"href":"https:\/\/dentistry.com\/es_us\/wp-json\/wp\/v2\/pages"}],"about":[{"href":"https:\/\/dentistry.com\/es_us\/wp-json\/wp\/v2\/types\/page"}],"author":[{"embeddable":true,"href":"https:\/\/dentistry.com\/es_us\/wp-json\/wp\/v2\/users\/1"}],"replies":[{"embeddable":true,"href":"https:\/\/dentistry.com\/es_us\/wp-json\/wp\/v2\/comments?post=491"}],"version-history":[{"count":0,"href":"https:\/\/dentistry.com\/es_us\/wp-json\/wp\/v2\/pages\/491\/revisions"}],"wp:attachment":[{"href":"https:\/\/dentistry.com\/es_us\/wp-json\/wp\/v2\/media?parent=491"}],"curies":[{"name":"wp","href":"https:\/\/api.w.org\/{rel}","templated":true}]}}